{"id":14339,"date":"2024-09-05T17:45:11","date_gmt":"2024-09-05T14:45:11","guid":{"rendered":"https:\/\/esentevibrationale.com\/?post_type=product&#038;p=14339"},"modified":"2026-01-02T08:53:07","modified_gmt":"2026-01-02T06:53:07","slug":"ocean-essence-no-60-esenta-oceanica-nr-60","status":"publish","type":"product","link":"https:\/\/esentevibrationale.com\/?product=ocean-essence-no-60-esenta-oceanica-nr-60","title":{"rendered":"Ocean Essence No. 60 \/ Esen\u021ba Oceanic\u0103 Nr. 60"},"content":{"rendered":"<p>Esen\u021ba are un efect puternic de cur\u0103\u021bare \u0219i la nivel energetic corespunde ficatului. Ne ajut\u0103 s\u0103 elimin\u0103m informa\u021biile care ne sunt d\u0103un\u0103toare.<\/p>\n<p>La nivel mental ne purific\u0103 g\u00e2ndurile \u0219i ne ajut\u0103 s\u0103 g\u0103sim claritate interioar\u0103. Elimin\u0103 energetic informa\u021biile toxice.<\/p>\n","protected":false},"excerpt":{"rendered":"<p>Esen\u021ba are un efect puternic de cur\u0103\u021bare \u0219i la nivel energetic corespunde ficatului. Ne ajut\u0103 s\u0103 elimin\u0103m informa\u021biile care ne sunt d\u0103un\u0103toare. La nivel mental ne purific\u0103 g\u00e2ndurile \u0219i ne ajut\u0103 s\u0103 g\u0103sim claritate interioar\u0103. Elimin\u0103 energetic informa\u021biile toxice.<\/p>\n","protected":false},"featured_media":14340,"template":"","meta":[],"product_brand":[],"product_cat":[72],"product_tag":[],"class_list":{"0":"post-14339","1":"product","2":"type-product","3":"status-publish","4":"has-post-thumbnail","6":"product_cat-esentele-ocenului","7":"pa_size-15ml","8":"pa_size-30ml","10":"first","11":"instock","12":"shipping-taxable","13":"purchasable","14":"product-type-variable","15":"has-default-attributes"},"_links":{"self":[{"href":"https:\/\/esentevibrationale.com\/index.php?rest_route=\/wp\/v2\/product\/14339","targetHints":{"allow":["GET"]}}],"collection":[{"href":"https:\/\/esentevibrationale.com\/index.php?rest_route=\/wp\/v2\/product"}],"about":[{"href":"https:\/\/esentevibrationale.com\/index.php?rest_route=\/wp\/v2\/types\/product"}],"wp:featuredmedia":[{"embeddable":true,"href":"https:\/\/esentevibrationale.com\/index.php?rest_route=\/wp\/v2\/media\/14340"}],"wp:attachment":[{"href":"https:\/\/esentevibrationale.com\/index.php?rest_route=%2Fwp%2Fv2%2Fmedia&parent=14339"}],"wp:term":[{"taxonomy":"product_brand","embeddable":true,"href":"https:\/\/esentevibrationale.com\/index.php?rest_route=%2Fwp%2Fv2%2Fproduct_brand&post=14339"},{"taxonomy":"product_cat","embeddable":true,"href":"https:\/\/esentevibrationale.com\/index.php?rest_route=%2Fwp%2Fv2%2Fproduct_cat&post=14339"},{"taxonomy":"product_tag","embeddable":true,"href":"https:\/\/esentevibrationale.com\/index.php?rest_route=%2Fwp%2Fv2%2Fproduct_tag&post=14339"}],"curies":[{"name":"wp","href":"https:\/\/api.w.org\/{rel}","templated":true}]}}