{"id":1435,"date":"2018-11-14T06:21:58","date_gmt":"2018-11-14T05:21:58","guid":{"rendered":"https:\/\/phiessences.com\/Romania\/?post_type=product&#038;p=1435"},"modified":"2024-01-06T17:54:11","modified_gmt":"2024-01-06T15:54:11","slug":"banana-banana","status":"publish","type":"product","link":"https:\/\/esentevibrationale.com\/?product=banana-banana","title":{"rendered":"Banana \/ Banana"},"content":{"rendered":"<p><em><strong>(Mus paradisiaca L. ,,nana\u02ee)<\/strong><\/em><\/p>\n<p><em>Banana este o plant\u0103 peren\u0103 impun\u0103toare care ajunge p\u00e2n\u0103 la 15 m \u00een\u0103l\u021bime, produce flori mari \u0219i fructe \u00een form\u0103 de ciorchini de dimensiuni similare. Grupuri- le de flori albicioase se al\u0103tur\u0103 peduncului s\u0103u mare de culoare ro\u0219u-mov. Florile purtate pe rizom (r\u0103d\u0103cina principal\u0103) cresc \u00een interiorul trunchiului gol \u0219i apoi ies la lumin\u0103 direct sau cresc aplecate. Planta se \u00eenmul\u021be\u0219te doar prin puie\u021bi. Fructele sale nu au semin\u021be \u0219i provin exclusiv din florile feminine.<\/em><\/p>\n<p><strong><em>Efectul Esen\u021bei: <\/em><\/strong>Aceast\u0103 esen\u021b\u0103 reafirm\u0103 energia yang (energia masculin\u0103) din noi. Are un efect de echilibrare asupra g\u00e2ndirii exagerate despre performan\u021b\u0103, transmite pace interioar\u0103, permite acceptarea propriu- lui rol \u00een via\u021b\u0103 \u0219i ajut\u0103 la exprimarea sentimentelor.<\/p>\n<p><strong><em>Efectul Esen\u021bei la Nivel Fizic: <\/em><\/strong>Esen\u021ba consolideaz\u0103 energia sexual\u0103 masculin\u0103. Poate avea efecte favorabile c\u00e2nd energia sexual\u0103 este ascuns\u0103 dup\u0103 fric\u0103 sau stresul \u0219i grijile o blocheaz\u0103. La nivel energetic, esen\u021ba ajut\u0103 persoanele care se confrunt\u0103 cu infertilitatea, impoten\u021ba sau au dificult\u0103\u021bi cu Chakra a-2-a \u0219i cu partenerul, deoarece nu \u00ee\u0219i exprim\u0103 sentimentele fa\u021b\u0103 de el. \u00cen cazul stresului generat de preocuparea de a avea performan\u021b\u0103 sexual\u0103, esen\u021ba transmite lini\u0219te, ceea ce se vede \u00een mod favorabil \u00een celelalte zone afectate ale corpului.<\/p>\n<p><strong><em>Efectul Esen\u021bei la Nivel Emo\u021bional: <\/em><\/strong>Esen\u021ba aceasta este indicat\u0103 persoanelor care nu ac\u021bioneaz\u0103 sau nu se comport\u0103 cu \u00eencredere \u0219i determinare. Aici, esen\u021ba Bananei revitalizeaz\u0103 energia masculin\u0103 \u0219i induce o for\u021ba motrice mai mare \u0219i o con\u0219tientizare de sine.<\/p>\n<p><strong><em>Efectul Esen\u021bei la Nivel Mental: <\/em><\/strong>Esen\u021ba ne ajut\u0103 s\u0103 ne exprim\u0103m energia sexual\u0103, care a fost reprimat\u0103 de munca mental\u0103 \u00een dragoste fizic\u0103. \u00cen alta ordine de idei, esen\u021ba poate insufla curajul de a ne tr\u0103i puterea mental\u0103 cu energia masculin\u0103. Aceasta \u00eenseamn\u0103 c\u0103 g\u00e2ndurile de descurajare, de nesiguran\u021b\u0103 \u0219i fricile dispar \u0219i sunt \u00eenlocuite de o for\u021ba motrice mental\u0103. Promoveaz\u0103 integrarea ambelor emisfere ale creierului, partea noastr\u0103 ra\u021bional\u0103 cu cea creativ\u0103 \u0219i de aceea esen\u021ba este util\u0103 \u00een multe situa\u021bii vitale \u0219i de \u00eenv\u0103\u021bare.<\/p>\n<p><strong><em>Efectul Esen\u021bei la Nivel Spiritual: <\/em><\/strong>Aceast\u0103 esen\u021b\u0103 ne permite s\u0103 ne echilibr\u0103m energia noastr\u0103 masculin\u0103 cu cea feminin\u0103. Este indicat\u0103 persoanelor care \u00ee\u0219i tr\u0103iesc energiile unilateral \u0219i doresc s\u0103 \u00ee\u0219i \u00eembog\u0103\u021beasc\u0103 experien\u021bele spirituale prin sim\u021birea con\u0219tient\u0103 \u0219i experimentarea &#8222;celorlalte&#8221; energii.<\/p>\n<p><strong><em>Afirma\u021bia: <\/em><\/strong>\u00cemi sus\u021bin for\u021ba masculin\u0103 \u0219i accept pe deplin energia mea armonioas\u0103.<\/p>\n","protected":false},"excerpt":{"rendered":"<p>(Mus paradisiaca L. ,,nana\u02ee) Banana este o plant\u0103 peren\u0103 impun\u0103toare care ajunge p\u00e2n\u0103 la 15 m \u00een\u0103l\u021bime, produce flori mari \u0219i fructe \u00een form\u0103 de ciorchini de dimensiuni similare. Grupuri- le de flori albicioase se al\u0103tur\u0103 peduncului s\u0103u mare de culoare ro\u0219u-mov. Florile purtate pe rizom (r\u0103d\u0103cina principal\u0103) cresc \u00een interiorul trunchiului gol \u0219i apoi &hellip; <a href=\"https:\/\/esentevibrationale.com\/?product=banana-banana\" class=\"more-link\">Continu\u0103 lectura <span class=\"screen-reader-text\">Banana \/ Banana<\/span> <span class=\"meta-nav\">&rarr;<\/span><\/a><\/p>\n","protected":false},"featured_media":13135,"template":"","meta":[],"product_brand":[],"product_cat":[44],"product_tag":[],"class_list":{"0":"post-1435","1":"product","2":"type-product","3":"status-publish","4":"has-post-thumbnail","6":"product_cat-esente-de-flori-din-africa-si-insulele-canare","7":"pa_size-15ml","8":"pa_size-30ml","10":"first","11":"instock","12":"shipping-taxable","13":"purchasable","14":"product-type-variable","15":"has-default-attributes"},"_links":{"self":[{"href":"https:\/\/esentevibrationale.com\/index.php?rest_route=\/wp\/v2\/product\/1435","targetHints":{"allow":["GET"]}}],"collection":[{"href":"https:\/\/esentevibrationale.com\/index.php?rest_route=\/wp\/v2\/product"}],"about":[{"href":"https:\/\/esentevibrationale.com\/index.php?rest_route=\/wp\/v2\/types\/product"}],"wp:featuredmedia":[{"embeddable":true,"href":"https:\/\/esentevibrationale.com\/index.php?rest_route=\/wp\/v2\/media\/13135"}],"wp:attachment":[{"href":"https:\/\/esentevibrationale.com\/index.php?rest_route=%2Fwp%2Fv2%2Fmedia&parent=1435"}],"wp:term":[{"taxonomy":"product_brand","embeddable":true,"href":"https:\/\/esentevibrationale.com\/index.php?rest_route=%2Fwp%2Fv2%2Fproduct_brand&post=1435"},{"taxonomy":"product_cat","embeddable":true,"href":"https:\/\/esentevibrationale.com\/index.php?rest_route=%2Fwp%2Fv2%2Fproduct_cat&post=1435"},{"taxonomy":"product_tag","embeddable":true,"href":"https:\/\/esentevibrationale.com\/index.php?rest_route=%2Fwp%2Fv2%2Fproduct_tag&post=1435"}],"curies":[{"name":"wp","href":"https:\/\/api.w.org\/{rel}","templated":true}]}}