{"id":1439,"date":"2018-11-14T06:25:55","date_gmt":"2018-11-14T05:25:55","guid":{"rendered":"https:\/\/phiessences.com\/Romania\/?post_type=product&#038;p=1439"},"modified":"2024-01-06T17:54:40","modified_gmt":"2024-01-06T15:54:40","slug":"tree-heather-lemnul-arbustului","status":"publish","type":"product","link":"https:\/\/esentevibrationale.com\/?product=tree-heather-lemnul-arbustului","title":{"rendered":"Tree Heather \/ Lemnul Arbustului"},"content":{"rendered":"<p><strong>\u00a0(Erica arborea) <\/strong><\/p>\n<p><em>Lemnul Arbustului este o plant\u0103 endemic\u0103 din Insulele Canare, tr\u0103ie\u0219te \u00een p\u0103durile de lauri. Este un arbore sau un arbust \u00eenalt, cu frunze asem\u0103n\u0103toare acului de 3 &#8211; 5 mm lungime, care cresc de obicei \u00een grupuri de patru. Marginea frunzei se ruleaz\u0103 spre interior, \u00eenchiz\u00e2nd aproape complet interiorul, noii s\u0103i muguri sunt den\u0219i \u0219i acoperi\u021bi de peri\u0219ori albi. Paniculele cu flori at\u00e2rn\u0103 delicat form\u00e2nd piramide. Florile albe de 5 mm lungime cu mireasma lor pl\u0103cut\u0103 fac din Lemnul Arbustului o apari\u021bie atractiv\u0103.<\/em><\/p>\n<p><strong><em>Efectul Esen\u021bei: <\/em><\/strong>Esen\u021ba Lemnului Arbustului ne ajut\u0103 s\u0103 dep\u0103\u0219im necesitatea personal\u0103 de a ne sim\u021bii importan\u021bi. Transmite \u00eencredere de sine real\u0103 \u0219i ajut\u0103 persoana s\u0103 se accepte pe ea \u00eens\u0103\u0219i exact a\u0219a cum este.<\/p>\n<p><strong><em>Efectul Esen\u021bei la Nivel Fizic: <\/em><\/strong>La nivelul corpului, c\u00e2nd persoana nu prime\u0219te aten\u021bia necesar\u0103 din partea celorlal\u021bi, simte nevoia excesiv\u0103 sau patologic\u0103 de auto-exprimare poate ap\u0103rea ca presiune intern\u0103, nemul\u021bumire \u0219i anxietate. \u00cen aceste cazuri, esen\u021ba Lemnului Arbustului ne poate ajuta s\u0103 fim mul\u021bumi\u021bi de noi \u00een\u0219ine \u0219i astfel, se amelioreaz\u0103 simptomele fizice.<\/p>\n<p><strong><em>Efectul Esen\u021bei la Nivel Emo\u021bional: <\/em><\/strong>Dependen\u021ba de aten\u021bia celorlal\u021bi \u00ee\u0219i poate avea originea \u00eentr-o evaluare negativ\u0103 a propriei persoane. Adesea, sentimentele de furie, frica de a fi singur, ne\u00eencrederea, etc., sunt legate de o astfel de nevoie de aten\u021bie. \u00cen aceste cazuri, esen\u021ba poate ajuta la iluminarea motiva\u021biilor personale. Astfel, ne va ajuta s\u0103 fim \u00een pace cu emo\u021biile noastre. Pe de alt\u0103 parte, vom fi capabili s\u0103 spunem &#8222;nu&#8221; c\u00e2nd suntem distra\u0219i de c\u0103tre alte persoane. Cu esen\u021ba vom atinge sentimentele noastre proprii \u0219i vom tr\u0103i exact a\u0219a cum suntem.<\/p>\n<p><strong><em>Efectul Esen\u021bei la Nivel Mental: <\/em><\/strong>Esen\u021ba ne va ajuta s\u0103 evad\u0103m din spirala g\u00e2ndurilor care ne oblig\u0103 \u00een mod repetat s\u0103 ne &#8222;\u00eendoim&#8221; de drumul nostru. Este posibil s\u0103 ne \u00eendeplinim obliga\u021bia de a dori s\u0103 fim mai mult dec\u00e2t ceilal\u021bi \u0219i ne vom p\u0103stra echilibrul. Esen\u021ba este eficient\u0103 pentru copiii care au tendin\u021ba de a vrea s\u0103 demonstreze oral c\u0103 sunt mai mult dec\u00e2t ceilal\u021bi (ma\u0219ina mea este cea mai frumoas\u0103, cea mai rapid\u0103, etc.) \u0219i s\u0103 dea cu pumnul.<\/p>\n<p><strong><em>Efectul Esen\u021bei la Nivel Spiritual: <\/em><\/strong>Prin intermediul esen\u021bei vom \u00eenv\u0103\u021ba s\u0103 identific\u0103m importan\u021ba noastr\u0103 la niveluri diferite. Ne vom reg\u0103si pe noi \u00een\u0219ine \u0219i vom ajunge la o stare de lini\u0219te \u0219i armonie. Experien\u021ba spiritual\u0103 a acestei esen\u021be poate fi rezumat\u0103 \u00een urm\u0103toare propozi\u021bie: &#8222;Oric\u00e2t de mic\u0103 este contribu\u021bia mea, aceasta este important\u0103 pentru \u00eentreg&#8221;.<\/p>\n<p><strong><em>Afirma\u021bia: <\/em><\/strong>M\u0103 eliberez de p\u0103rerea altora \u0219i m\u0103 reg\u0103sesc pe mine.<\/p>\n","protected":false},"excerpt":{"rendered":"<p>\u00a0(Erica arborea) Lemnul Arbustului este o plant\u0103 endemic\u0103 din Insulele Canare, tr\u0103ie\u0219te \u00een p\u0103durile de lauri. Este un arbore sau un arbust \u00eenalt, cu frunze asem\u0103n\u0103toare acului de 3 &#8211; 5 mm lungime, care cresc de obicei \u00een grupuri de patru. Marginea frunzei se ruleaz\u0103 spre interior, \u00eenchiz\u00e2nd aproape complet interiorul, noii s\u0103i muguri sunt &hellip; <a href=\"https:\/\/esentevibrationale.com\/?product=tree-heather-lemnul-arbustului\" class=\"more-link\">Continu\u0103 lectura <span class=\"screen-reader-text\">Tree Heather \/ Lemnul Arbustului<\/span> <span class=\"meta-nav\">&rarr;<\/span><\/a><\/p>\n","protected":false},"featured_media":1442,"template":"","meta":[],"product_brand":[],"product_cat":[44],"product_tag":[],"class_list":{"0":"post-1439","1":"product","2":"type-product","3":"status-publish","4":"has-post-thumbnail","6":"product_cat-esente-de-flori-din-africa-si-insulele-canare","7":"pa_size-15ml","8":"pa_size-30ml","10":"first","11":"instock","12":"shipping-taxable","13":"purchasable","14":"product-type-variable","15":"has-default-attributes"},"_links":{"self":[{"href":"https:\/\/esentevibrationale.com\/index.php?rest_route=\/wp\/v2\/product\/1439","targetHints":{"allow":["GET"]}}],"collection":[{"href":"https:\/\/esentevibrationale.com\/index.php?rest_route=\/wp\/v2\/product"}],"about":[{"href":"https:\/\/esentevibrationale.com\/index.php?rest_route=\/wp\/v2\/types\/product"}],"wp:featuredmedia":[{"embeddable":true,"href":"https:\/\/esentevibrationale.com\/index.php?rest_route=\/wp\/v2\/media\/1442"}],"wp:attachment":[{"href":"https:\/\/esentevibrationale.com\/index.php?rest_route=%2Fwp%2Fv2%2Fmedia&parent=1439"}],"wp:term":[{"taxonomy":"product_brand","embeddable":true,"href":"https:\/\/esentevibrationale.com\/index.php?rest_route=%2Fwp%2Fv2%2Fproduct_brand&post=1439"},{"taxonomy":"product_cat","embeddable":true,"href":"https:\/\/esentevibrationale.com\/index.php?rest_route=%2Fwp%2Fv2%2Fproduct_cat&post=1439"},{"taxonomy":"product_tag","embeddable":true,"href":"https:\/\/esentevibrationale.com\/index.php?rest_route=%2Fwp%2Fv2%2Fproduct_tag&post=1439"}],"curies":[{"name":"wp","href":"https:\/\/api.w.org\/{rel}","templated":true}]}}