{"id":1443,"date":"2018-11-14T06:29:50","date_gmt":"2018-11-14T05:29:50","guid":{"rendered":"https:\/\/phiessences.com\/Romania\/?post_type=product&#038;p=1443"},"modified":"2024-01-06T17:57:17","modified_gmt":"2024-01-06T15:57:17","slug":"cape-leadwort-iasomie-albastra","status":"publish","type":"product","link":"https:\/\/esentevibrationale.com\/?product=cape-leadwort-iasomie-albastra","title":{"rendered":"Cape Leadwort \/ Plumbago Albastr\u0103"},"content":{"rendered":"<p><strong>(Plumbago auriculata) <\/strong><\/p>\n<p><em>Plumbago Albastru este un arbust de 2 &#8211; 3 m \u00een\u0103l\u021bime \u0219i cre\u0219te \u00een soluri pietroase. Mugurii s\u0103i se ramific\u0103 cu putere \u0219i produc o cantitate mare de flori. Ciorchinele este compus din multiple flori mici individuale, av\u00e2nd diferite nuan\u021be de albastru deschis. Florile sale sunt \u00een form\u0103 de stea \u0219i au cinci petale, acest lucru \u00een numerologie indic\u0103 cele cinci sim\u021buri.<\/em><\/p>\n<p><strong><em>Efectul Esen\u021bei<\/em><\/strong><em>: <\/em>Esen\u021ba de Plumbago aduce senin\u0103tate c\u00e2nd avem problemele vechi. Ajut\u0103 la \u00eenr\u0103d\u0103cinarea individului \u0219i stimuleaz\u0103 procesul de eliberare.<\/p>\n<p><strong><em>Efectul Esen\u021bei la Nivel Fizic: <\/em><\/strong>Esen\u021ba poate fi un \u00eenso\u021bitor de drum valoros \u00een procesele de eliberare fizic\u0103. Energia ei sus\u021bine energetic problemele cu rinichii \u0219i vezica urinar\u0103 \u0219i promoveaz\u0103 func\u021bia de excre\u021bie a apei. La nivel energetic, esen\u021ba ne ajut\u0103 s\u0103 pierdem \u00een greutate, lucru care este benefic \u00een special, persoanelor c\u0103rora le este greu s\u0103 sl\u0103beasc\u0103, de\u0219i urmeaz\u0103 o diet\u0103. Floarea de Plumbago Albastru corespunde Chakrei G\u00e2tului \u0219i imaginea ei a fost folosit\u0103 cu succes ca un supliment \u00een tratamentele de logopedie.<\/p>\n<p><em><strong>Efectul Esen\u021bei la Nivel Emo\u021bional: <\/strong><\/em>Cei care ac\u021bioneaz\u0103 cu mult angajament, le este dificil s\u0103 lase lucrurile s\u0103 se \u00eent\u00e2mple. &#8222;Ei au o via\u021ba emo\u021bional\u0103 remarcabil de intens\u0103&#8221;, a\u0219a c\u0103 pot fi teribil de sup\u0103ra\u021bi dac\u0103 lucrurile nu se \u00eent\u00e2mpl\u0103 cum au planificat ei. Esen\u021ba \u00eei ajut\u0103 la eliberarea sentimentelor de dezam\u0103gire. Esen\u021ba \u00eentr-o anumit\u0103 m\u0103sur\u0103 previne, deja sprijinindu-i\u00a0\u00een a putea l\u0103sa lucrurile s\u0103 se \u00eent\u00e2mple.<\/p>\n<p><strong><em>Efectul Esen\u021bei la Nivel Mental: <\/em><\/strong>Esen\u021ba promoveaz\u0103 respectul de sine \u0219i ne ofer\u0103 integritate. Vom fi credincio\u0219i nou\u0103 \u00een\u0219ine \u0219i ne vom putea exprima exact a\u0219a cum suntem. Dezvolt\u0103m structuri mentale clare, care sunt &#8222;ghidul&#8221; pentru realizarea de sine. Cei care au fost obi\u0219nui\u021bi s\u0103 se subordoneze celorlal\u021bi \u0219i se simt ca fiind de prisos, vor g\u0103si sprijin \u00een aceast\u0103 esen\u021b\u0103.<\/p>\n<p><strong><em>Efectul Esen\u021bei la Nivel Spiritual: <\/em><\/strong>Aceast\u0103 esen\u021b\u0103 ne permite s\u0103 rezolv\u0103m problemele vechi, de exemplu: s\u0103 dob\u00e2ndim cunoa\u0219tere prin medita\u021bie, care ne permite s\u0103 \u00eenaint\u0103m. Vom sim\u021bi o eliberare mare \u00een procesele de auto golire, care ne va permite s\u0103 ne recunoa\u0219tem pe noi \u00een\u0219ine la toate nivelele.<\/p>\n<p><strong><em>Afirma\u021bia: <\/em><\/strong>Scap de problemele vechi \u0219i m\u0103 deschid fluxului evenimentelor. Aici st\u0103 puterea de a fi eu \u00eensumi \/ \u00eens\u0103mi.<\/p>\n","protected":false},"excerpt":{"rendered":"<p>(Plumbago auriculata) Plumbago Albastru este un arbust de 2 &#8211; 3 m \u00een\u0103l\u021bime \u0219i cre\u0219te \u00een soluri pietroase. Mugurii s\u0103i se ramific\u0103 cu putere \u0219i produc o cantitate mare de flori. Ciorchinele este compus din multiple flori mici individuale, av\u00e2nd diferite nuan\u021be de albastru deschis. Florile sale sunt \u00een form\u0103 de stea \u0219i au cinci &hellip; <a href=\"https:\/\/esentevibrationale.com\/?product=cape-leadwort-iasomie-albastra\" class=\"more-link\">Continu\u0103 lectura <span class=\"screen-reader-text\">Cape Leadwort \/ Plumbago Albastr\u0103<\/span> <span class=\"meta-nav\">&rarr;<\/span><\/a><\/p>\n","protected":false},"featured_media":13136,"template":"","meta":[],"product_brand":[],"product_cat":[44],"product_tag":[],"class_list":{"0":"post-1443","1":"product","2":"type-product","3":"status-publish","4":"has-post-thumbnail","6":"product_cat-esente-de-flori-din-africa-si-insulele-canare","7":"pa_size-15ml","8":"pa_size-30ml","10":"first","11":"instock","12":"shipping-taxable","13":"purchasable","14":"product-type-variable","15":"has-default-attributes"},"_links":{"self":[{"href":"https:\/\/esentevibrationale.com\/index.php?rest_route=\/wp\/v2\/product\/1443","targetHints":{"allow":["GET"]}}],"collection":[{"href":"https:\/\/esentevibrationale.com\/index.php?rest_route=\/wp\/v2\/product"}],"about":[{"href":"https:\/\/esentevibrationale.com\/index.php?rest_route=\/wp\/v2\/types\/product"}],"wp:featuredmedia":[{"embeddable":true,"href":"https:\/\/esentevibrationale.com\/index.php?rest_route=\/wp\/v2\/media\/13136"}],"wp:attachment":[{"href":"https:\/\/esentevibrationale.com\/index.php?rest_route=%2Fwp%2Fv2%2Fmedia&parent=1443"}],"wp:term":[{"taxonomy":"product_brand","embeddable":true,"href":"https:\/\/esentevibrationale.com\/index.php?rest_route=%2Fwp%2Fv2%2Fproduct_brand&post=1443"},{"taxonomy":"product_cat","embeddable":true,"href":"https:\/\/esentevibrationale.com\/index.php?rest_route=%2Fwp%2Fv2%2Fproduct_cat&post=1443"},{"taxonomy":"product_tag","embeddable":true,"href":"https:\/\/esentevibrationale.com\/index.php?rest_route=%2Fwp%2Fv2%2Fproduct_tag&post=1443"}],"curies":[{"name":"wp","href":"https:\/\/api.w.org\/{rel}","templated":true}]}}