{"id":14443,"date":"2024-11-26T20:43:41","date_gmt":"2024-11-26T18:43:41","guid":{"rendered":"https:\/\/esentevibrationale.com\/?post_type=product&#038;p=14443"},"modified":"2024-12-23T18:30:42","modified_gmt":"2024-12-23T16:30:42","slug":"246-stonehenge-uk-2024-246-stonehenge-anglia-2024","status":"publish","type":"product","link":"https:\/\/esentevibrationale.com\/?product=246-stonehenge-uk-2024-246-stonehenge-anglia-2024","title":{"rendered":"246.) Stonehenge, UK 2024 \/ 246.) Stonehenge, Anglia 2024"},"content":{"rendered":"<p><img loading=\"lazy\" decoding=\"async\" class=\"alignnone size-full wp-image-14445\" src=\"https:\/\/esentevibrationale.com\/wp-content\/uploads\/2024\/11\/246.jpg\" alt=\"\" width=\"101\" height=\"300\" \/><\/p>\n<p><span class=\"Y2IQFc\" lang=\"ro\">\u00a0Forma\u021biunea \u00een sens invers acelor de ceasornic\u00a0 a <\/span>ap\u0103rut l<span class=\"Y2IQFc\" lang=\"ro\">\u00e2ng\u0103 o movil\u0103 funerar\u0103, nu departe de centrul de vizitatori din Stonehenge. Esen\u021ba are un efect de cur\u0103\u021bare asupra corpului nostru u\u0219or. Devenim con\u0219tien\u021bi de vechile poveri \u0219i astfel ne putem extinde cu dragoste. Ne cur\u0103\u021b\u0103 sim\u021burile. \u00cenv\u0103\u021b\u0103m s\u0103 ne percepem mai bine pe noi \u00een\u0219ine \u0219i mediul nostru \u0219i s\u0103 sc\u0103p\u0103m de accelerarea constant\u0103 \u0219i bombardarea constant\u0103 a informa\u021biilor.<\/span><\/p>\n<p><span class=\"Y2IQFc\" lang=\"ro\">Fotografie: Steve Alexander<\/span><\/p>\n","protected":false},"excerpt":{"rendered":"<p>\u00a0Forma\u021biunea \u00een sens invers acelor de ceasornic\u00a0 a ap\u0103rut l\u00e2ng\u0103 o movil\u0103 funerar\u0103, nu departe de centrul de vizitatori din Stonehenge. Esen\u021ba are un efect de cur\u0103\u021bare asupra corpului nostru u\u0219or. Devenim con\u0219tien\u021bi de vechile poveri \u0219i astfel ne putem extinde cu dragoste. Ne cur\u0103\u021b\u0103 sim\u021burile. \u00cenv\u0103\u021b\u0103m s\u0103 ne percepem mai bine pe noi \u00een\u0219ine &hellip; <a href=\"https:\/\/esentevibrationale.com\/?product=246-stonehenge-uk-2024-246-stonehenge-anglia-2024\" class=\"more-link\">Continu\u0103 lectura <span class=\"screen-reader-text\">246.) Stonehenge, UK 2024 \/ 246.) Stonehenge, Anglia 2024<\/span> <span class=\"meta-nav\">&rarr;<\/span><\/a><\/p>\n","protected":false},"featured_media":14444,"template":"","meta":[],"product_brand":[],"product_cat":[54],"product_tag":[],"class_list":{"0":"post-14443","1":"product","2":"type-product","3":"status-publish","4":"has-post-thumbnail","6":"product_cat-esentele-crete-cu-ajutorul-energiei-cercurilor-aparute-in-lanurile-de-recolte","7":"pa_size-15ml","8":"pa_size-30ml","10":"first","11":"instock","12":"shipping-taxable","13":"purchasable","14":"product-type-variable","15":"has-default-attributes"},"_links":{"self":[{"href":"https:\/\/esentevibrationale.com\/index.php?rest_route=\/wp\/v2\/product\/14443","targetHints":{"allow":["GET"]}}],"collection":[{"href":"https:\/\/esentevibrationale.com\/index.php?rest_route=\/wp\/v2\/product"}],"about":[{"href":"https:\/\/esentevibrationale.com\/index.php?rest_route=\/wp\/v2\/types\/product"}],"wp:featuredmedia":[{"embeddable":true,"href":"https:\/\/esentevibrationale.com\/index.php?rest_route=\/wp\/v2\/media\/14444"}],"wp:attachment":[{"href":"https:\/\/esentevibrationale.com\/index.php?rest_route=%2Fwp%2Fv2%2Fmedia&parent=14443"}],"wp:term":[{"taxonomy":"product_brand","embeddable":true,"href":"https:\/\/esentevibrationale.com\/index.php?rest_route=%2Fwp%2Fv2%2Fproduct_brand&post=14443"},{"taxonomy":"product_cat","embeddable":true,"href":"https:\/\/esentevibrationale.com\/index.php?rest_route=%2Fwp%2Fv2%2Fproduct_cat&post=14443"},{"taxonomy":"product_tag","embeddable":true,"href":"https:\/\/esentevibrationale.com\/index.php?rest_route=%2Fwp%2Fv2%2Fproduct_tag&post=14443"}],"curies":[{"name":"wp","href":"https:\/\/api.w.org\/{rel}","templated":true}]}}