{"id":1451,"date":"2018-11-14T06:43:54","date_gmt":"2018-11-14T05:43:54","guid":{"rendered":"https:\/\/phiessences.com\/Romania\/?post_type=product&#038;p=1451"},"modified":"2024-01-06T17:58:13","modified_gmt":"2024-01-06T15:58:13","slug":"swiss-cheese-plant-philodendron-cu-frunza-rupta","status":"publish","type":"product","link":"https:\/\/esentevibrationale.com\/?product=swiss-cheese-plant-philodendron-cu-frunza-rupta","title":{"rendered":"Swiss Cheese Plant\/ Philodendron cu Frunza Rupt\u0103"},"content":{"rendered":"<p><em><strong>(Monstera delicios)<\/strong><\/em><\/p>\n<p><em>Aceast\u0103 plant\u0103 c\u0103\u021b\u0103r\u0103toare este larg r\u0103sp\u00e2ndit\u0103 la topice. \u00cen mediul nostru Filodendronul este apreciat ca plant\u0103 ornamental\u0103. Apar\u021bine familiei Araceae. Frunzele frumoase \u00een form\u0103 de inim\u0103 \u0219i \u00eencurc\u0103tura r\u0103d\u0103cinilor sale aeriene cu care se ca\u021b\u0103r\u0103 pe pietre \u0219i copaci sau \u00een interiorul casei pe tije sunt izbitoare. Florile \u0219i fructele sale \u00een form\u0103 falic\u0103 sunt \u00een egal\u0103 m\u0103sur\u0103 atractive. Planta are un efect puternic asupra ambelor sexe. \u00cen Doctrina Chakrelor este atribuit\u0103 Primei Chakrei \u0219i Chakrei a-2-a.<\/em><\/p>\n<p><strong><em>Efectul Esen\u021bei : <\/em><\/strong>Esen\u021ba Filodendronului cu Frunza Rupt\u0103 ne conduce spre sursa noastr\u0103 de energie ajut\u00e2ndu-ne s\u0103 ne g\u0103sim locul. Echilibreaz\u0103, consolideaz\u0103 \u0219i integreaz\u0103 for\u021ba vital\u0103 masculin\u0103. Ne sprijin\u0103 s\u0103 accept\u0103m partea noastr\u0103 Yang.<\/p>\n<p><strong><em>Efectul Esen\u021bei la Nivel Fizic: <\/em><\/strong>For\u021ba motrice experimenteaz\u0103 o reac\u021bie intens\u0103 la impulsurile energetice ale acestei esen\u021be. Pe de alt\u0103 parte, aceast\u0103 esen\u021b\u0103 poate fi administrat\u0103 pentru a trata problemele sexuale masculine de origine energetic\u0103 (de exemplu: disfunc\u021bia erectil\u0103, impoten\u021b\u0103 \u0219i infertilitate) la b\u0103rba\u021bi.<\/p>\n<p><em><strong>Efectul Esen\u021bei la Nivel Emo\u021bional: <\/strong><\/em>Esen\u021ba Filodendronului cu Frunza Rupt\u0103 ne ajut\u0103 s\u0103 ne g\u0103sim locul \u00een via\u021b\u0103, atunci c\u00e2nd ne invadeaz\u0103 emo\u021bii precum: ne sim\u021bim neajutora\u021bi, f\u0103r\u0103 speran\u021b\u0103, ne \u00eencrez\u0103tori, etc. Prin intermediul s\u0103u \u00eencepem s\u0103 ne sim\u021bim energia primar\u0103 \u0219i vom putea demara &#8222;munca de cur\u0103\u021bare&#8221; din via\u021ba noastr\u0103 \u0219i s\u0103 ne punem via\u021ba \u00een ordine. Obiectivul este s\u0103 identific\u0103m emo\u021biile ce nu ne apar\u021bin \u0219i s\u0103 ne eliber\u0103m de ele. Vom sim\u021bi adev\u0103rul nostru. Esen\u021b\u0103 poate fi de ajutor femeilor pentru a-\u0219i putea accepta energia masculin\u0103, pe care o au \u00een interior \u0219i s\u0103 tr\u0103iasc\u0103 cu aceasta.<\/p>\n<p><strong><em>Efectul Esen\u021bei la Nivel Mental: <\/em><\/strong>Esen\u021b\u0103 ne sprijin\u0103 s\u0103 ne conect\u0103m cu \u00een\u021belepciunea cea mai profund\u0103. Procesele mentale se clarific\u0103 \u0219i astfel, ne eliber\u0103m de o cantitate considerabil\u0103 de g\u00e2nduri inutile. Stimularea fizic\u0103 oferit\u0103 de esen\u021b\u0103 creeaz\u0103 premisele necesare pentru a pune \u00een practic\u0103 munca mental\u0103.<\/p>\n<p><strong><em>Efectul Esen\u021bei la Nivel Spiritual: <\/em><\/strong>\u00cen special, esen\u021ba este indicat\u0103 pentru cei care doresc s\u0103 se deschid\u0103 \u0219i s\u0103 se dezvolte spiritual, pentru a\u0219a numi\u021bi &#8222;lucr\u0103tori de lumin\u0103&#8221;. Prin intermediul esen\u021bei vom descoperi calea c\u0103tre fiin\u021ba noastr\u0103, adev\u0103rul \u0219i \u00een\u021belepciunea. Prin capacitatea promovat\u0103 de a fi activi (stimularea energiei Yang) ne putem fundamenta lucrarea \u0219i spiritual \u0219i s\u0103 o aducem \u00een realitate.<\/p>\n<p><strong><em>Afirma\u021bia: <\/em><\/strong>Sunt sursa energiei mele \u0219i \u00eemi tr\u0103iesc adev\u0103rul.<\/p>\n","protected":false},"excerpt":{"rendered":"<p>(Monstera delicios) Aceast\u0103 plant\u0103 c\u0103\u021b\u0103r\u0103toare este larg r\u0103sp\u00e2ndit\u0103 la topice. \u00cen mediul nostru Filodendronul este apreciat ca plant\u0103 ornamental\u0103. Apar\u021bine familiei Araceae. Frunzele frumoase \u00een form\u0103 de inim\u0103 \u0219i \u00eencurc\u0103tura r\u0103d\u0103cinilor sale aeriene cu care se ca\u021b\u0103r\u0103 pe pietre \u0219i copaci sau \u00een interiorul casei pe tije sunt izbitoare. Florile \u0219i fructele sale \u00een form\u0103 &hellip; <a href=\"https:\/\/esentevibrationale.com\/?product=swiss-cheese-plant-philodendron-cu-frunza-rupta\" class=\"more-link\">Continu\u0103 lectura <span class=\"screen-reader-text\">Swiss Cheese Plant\/ Philodendron cu Frunza Rupt\u0103<\/span> <span class=\"meta-nav\">&rarr;<\/span><\/a><\/p>\n","protected":false},"featured_media":1454,"template":"","meta":[],"product_brand":[],"product_cat":[44],"product_tag":[],"class_list":{"0":"post-1451","1":"product","2":"type-product","3":"status-publish","4":"has-post-thumbnail","6":"product_cat-esente-de-flori-din-africa-si-insulele-canare","7":"pa_size-15ml","8":"pa_size-30ml","10":"first","11":"instock","12":"shipping-taxable","13":"purchasable","14":"product-type-variable","15":"has-default-attributes"},"_links":{"self":[{"href":"https:\/\/esentevibrationale.com\/index.php?rest_route=\/wp\/v2\/product\/1451","targetHints":{"allow":["GET"]}}],"collection":[{"href":"https:\/\/esentevibrationale.com\/index.php?rest_route=\/wp\/v2\/product"}],"about":[{"href":"https:\/\/esentevibrationale.com\/index.php?rest_route=\/wp\/v2\/types\/product"}],"wp:featuredmedia":[{"embeddable":true,"href":"https:\/\/esentevibrationale.com\/index.php?rest_route=\/wp\/v2\/media\/1454"}],"wp:attachment":[{"href":"https:\/\/esentevibrationale.com\/index.php?rest_route=%2Fwp%2Fv2%2Fmedia&parent=1451"}],"wp:term":[{"taxonomy":"product_brand","embeddable":true,"href":"https:\/\/esentevibrationale.com\/index.php?rest_route=%2Fwp%2Fv2%2Fproduct_brand&post=1451"},{"taxonomy":"product_cat","embeddable":true,"href":"https:\/\/esentevibrationale.com\/index.php?rest_route=%2Fwp%2Fv2%2Fproduct_cat&post=1451"},{"taxonomy":"product_tag","embeddable":true,"href":"https:\/\/esentevibrationale.com\/index.php?rest_route=%2Fwp%2Fv2%2Fproduct_tag&post=1451"}],"curies":[{"name":"wp","href":"https:\/\/api.w.org\/{rel}","templated":true}]}}