{"id":14535,"date":"2025-03-10T21:00:39","date_gmt":"2025-03-10T19:00:39","guid":{"rendered":"https:\/\/esentevibrationale.com\/?post_type=product&#038;p=14535"},"modified":"2025-03-11T11:17:49","modified_gmt":"2025-03-11T09:17:49","slug":"setul-cu-cardurile-devas-ale-orhideelor-20","status":"publish","type":"product","link":"https:\/\/esentevibrationale.com\/?product=setul-cu-cardurile-devas-ale-orhideelor-20","title":{"rendered":"Setul cu Cardurile Devas ale Orhideelor &#8211; 20"},"content":{"rendered":"<p><span class=\"Y2IQFc\" lang=\"ro\">Orhideele din Amazon sunt considerate \u201ereginele regnului vegetal\u201d. Cu acest set, Alois Hanslian \u00ee\u0219i arat\u0103 designul artistic al florilor de orhidee. \u00cen imagini magice, el deschide lumea de basm a orhideelor \u200b\u200b\u0219i puterile lor miraculoase de vindecare. Un t\u0103r\u00e2m \u00eenchis anterior se deschide ochiului uluit al privitorului. <\/span><\/p>\n<p><span class=\"Y2IQFc\" lang=\"ro\">Cardurile con\u021bin o scurt\u0103 descriere a calit\u0103\u021bilor vindec\u0103toare ale florilor de pe spate, astfel \u00eenc\u00e2t jocul s\u0103 poat\u0103 fi folosit \u0219i \u00een practica terapeutic\u0103, permi\u021b\u00e2nd pacientului, asem\u0103n\u0103tor cu florile de Bach, s\u0103-\u0219i lase subcon\u0219tientul s\u0103 aleag\u0103 remediul potrivit pentru flori, acord\u00e2ndu-se cu imaginile. O oper\u0103 de art\u0103 unic\u0103 \u0219i un ajutor ideal \u00een zona terapeutic\u0103!<\/span><\/p>\n","protected":false},"excerpt":{"rendered":"<p>Orhideele din Amazon sunt considerate \u201ereginele regnului vegetal\u201d. Cu acest set, Alois Hanslian \u00ee\u0219i arat\u0103 designul artistic al florilor de orhidee. \u00cen imagini magice, el deschide lumea de basm a orhideelor \u200b\u200b\u0219i puterile lor miraculoase de vindecare. Un t\u0103r\u00e2m \u00eenchis anterior se deschide ochiului uluit al privitorului. Cardurile con\u021bin o scurt\u0103 descriere a calit\u0103\u021bilor vindec\u0103toare &hellip; <a href=\"https:\/\/esentevibrationale.com\/?product=setul-cu-cardurile-devas-ale-orhideelor-20\" class=\"more-link\">Continu\u0103 lectura <span class=\"screen-reader-text\">Setul cu Cardurile Devas ale Orhideelor &#8211; 20<\/span> <span class=\"meta-nav\">&rarr;<\/span><\/a><\/p>\n","protected":false},"featured_media":14536,"template":"","meta":[],"product_brand":[],"product_cat":[68,25],"product_tag":[],"class_list":{"0":"post-14535","1":"product","2":"type-product","3":"status-publish","4":"has-post-thumbnail","6":"product_cat-carti-postere-seturi-cu-carduri","7":"product_cat-esente-de-orhidee-din-amazon","9":"first","10":"instock","11":"shipping-taxable","12":"purchasable","13":"product-type-simple"},"_links":{"self":[{"href":"https:\/\/esentevibrationale.com\/index.php?rest_route=\/wp\/v2\/product\/14535","targetHints":{"allow":["GET"]}}],"collection":[{"href":"https:\/\/esentevibrationale.com\/index.php?rest_route=\/wp\/v2\/product"}],"about":[{"href":"https:\/\/esentevibrationale.com\/index.php?rest_route=\/wp\/v2\/types\/product"}],"wp:featuredmedia":[{"embeddable":true,"href":"https:\/\/esentevibrationale.com\/index.php?rest_route=\/wp\/v2\/media\/14536"}],"wp:attachment":[{"href":"https:\/\/esentevibrationale.com\/index.php?rest_route=%2Fwp%2Fv2%2Fmedia&parent=14535"}],"wp:term":[{"taxonomy":"product_brand","embeddable":true,"href":"https:\/\/esentevibrationale.com\/index.php?rest_route=%2Fwp%2Fv2%2Fproduct_brand&post=14535"},{"taxonomy":"product_cat","embeddable":true,"href":"https:\/\/esentevibrationale.com\/index.php?rest_route=%2Fwp%2Fv2%2Fproduct_cat&post=14535"},{"taxonomy":"product_tag","embeddable":true,"href":"https:\/\/esentevibrationale.com\/index.php?rest_route=%2Fwp%2Fv2%2Fproduct_tag&post=14535"}],"curies":[{"name":"wp","href":"https:\/\/api.w.org\/{rel}","templated":true}]}}