{"id":1456,"date":"2018-11-14T06:49:21","date_gmt":"2018-11-14T05:49:21","guid":{"rendered":"https:\/\/phiessences.com\/Romania\/?post_type=product&#038;p=1456"},"modified":"2024-01-06T17:58:37","modified_gmt":"2024-01-06T15:58:37","slug":"milk-thistle-ciulinul-laptelui","status":"publish","type":"product","link":"https:\/\/esentevibrationale.com\/?product=milk-thistle-ciulinul-laptelui","title":{"rendered":"Milk Thistle \/ Susai"},"content":{"rendered":"<p><strong><em>(Sonchus acaulis)<\/em> <\/strong><\/p>\n<p><em>Susaiul este o plant\u0103 endemic\u0103 din Insulele Canare. Aceasta se poate g\u0103si pe st\u00e2nci, pe marginea terasei \u0219i \u00een zonele \u00een care tr\u0103iesc plantele suculente. Poate fi recunoscut\u0103 prin structura sa \u0219i frunzele sale erbaceea p\u0103roase \u0219i a calatidiilor (un tip de inflorescen\u021b\u0103). Sunt mari, grupate aproape corimbiform \u0219i sunt de aproape 60 cm lungime. Buchetele au \u00eentre 2.5 &#8211; 4.5 cm l\u0103\u021bime, cojile sunt groase, albe \u0219i catifelate. Exist\u0103 o asem\u0103narea cu p\u0103p\u0103dia \u00eens\u0103 Susaiul este cu 2 -2.5 m mai \u00eenalt.<\/em><\/p>\n<p><strong><em>Efectul Esen\u021bei: <\/em><\/strong>Esen\u021ba Susaiului ajut\u0103 \u00een vremurile furtunoase. Stimuleaz\u0103 abilitatea noastr\u0103 de a ne aduna g\u00e2ndurile \u0219i de a dizolva tensiunile de la diferite niveluri.<\/p>\n<p><strong><em>Efectul Esen\u021bei la Nivel Fizic: <\/em><\/strong>La nivel energetic, esen\u021ba ne ajut\u0103 s\u0103 dep\u0103\u0219im episoadele violente. Administrarea esen\u021bei este recomandat\u0103 ca o completare \u00een uleiurile de masaj, produc\u00e2nd un efect de relaxare asupra corpului, min\u021bii \u0219i a sufletului prin masajul pielii.<\/p>\n<p><strong><em>Efectul Esen\u021bei la Nivel Emo\u021bional: <\/em><\/strong>C\u00e2nd exist\u0103 tendin\u021ba de a suferi de isterie, esen\u021ba Susaiului poate contribui la echilibrarea acestei energii furtunoase \u0219i la diluarea rigidit\u0103\u021bii sentimentelor. Ajut\u0103 la relaxarea progresiv\u0103 a tensiunilor dintre nivele diferite ale fiin\u021bei noastre.<\/p>\n<p><strong><em>Efectul Esen\u021bei la Nivel Mental: <\/em><\/strong>Datorit\u0103 efectului s\u0103u de echilibrare \u0219i a energiei sale relaxante, esen\u021ba Susaiului ne poate ajuta s\u0103 ne adun\u0103m g\u00e2ndurile \u0219i s\u0103 ne concentr\u0103m. \u00cen urma utiliz\u0103rii acestei esen\u021be vom putea s\u0103 elimin\u0103m perioadele stresante \u0219i r\u0103v\u0103\u0219itoare din fiin\u021ba noastr\u0103, pentru a putea tr\u0103i ca o unitate spiritual\u0103.<\/p>\n<p><strong><em>Efectul Esen\u021bei la Nivel Spiritual: <\/em><\/strong>Esen\u021ba Susaiului ne sus\u021bine capacitatea noastr\u0103 de a renun\u021ba la g\u00e2ndurilor noastre \u0219i astfel nu mai suntem lega\u021bi de nimic, c\u0103 s\u0103 putem g\u0103si r\u0103spunsuri noi \u00een golul nostru interior. Ne poate ghida \u00een medita\u021bie sau \u00een momente de retrospec\u021bie \u0219i reorientare.<\/p>\n<p><strong><em>Afirma\u021bia: <\/em><\/strong>M\u0103 eliberez de energia exterioar\u0103 \u0219i de cea interioar\u0103 \u0219i ajung la punctul de energie din interiorul meu.<\/p>\n","protected":false},"excerpt":{"rendered":"<p>(Sonchus acaulis) Susaiul este o plant\u0103 endemic\u0103 din Insulele Canare. Aceasta se poate g\u0103si pe st\u00e2nci, pe marginea terasei \u0219i \u00een zonele \u00een care tr\u0103iesc plantele suculente. Poate fi recunoscut\u0103 prin structura sa \u0219i frunzele sale erbaceea p\u0103roase \u0219i a calatidiilor (un tip de inflorescen\u021b\u0103). Sunt mari, grupate aproape corimbiform \u0219i sunt de aproape 60 &hellip; <a href=\"https:\/\/esentevibrationale.com\/?product=milk-thistle-ciulinul-laptelui\" class=\"more-link\">Continu\u0103 lectura <span class=\"screen-reader-text\">Milk Thistle \/ Susai<\/span> <span class=\"meta-nav\">&rarr;<\/span><\/a><\/p>\n","protected":false},"featured_media":1459,"template":"","meta":[],"product_brand":[],"product_cat":[44],"product_tag":[],"class_list":{"0":"post-1456","1":"product","2":"type-product","3":"status-publish","4":"has-post-thumbnail","6":"product_cat-esente-de-flori-din-africa-si-insulele-canare","7":"pa_size-15ml","8":"pa_size-30ml","10":"first","11":"instock","12":"shipping-taxable","13":"purchasable","14":"product-type-variable","15":"has-default-attributes"},"_links":{"self":[{"href":"https:\/\/esentevibrationale.com\/index.php?rest_route=\/wp\/v2\/product\/1456","targetHints":{"allow":["GET"]}}],"collection":[{"href":"https:\/\/esentevibrationale.com\/index.php?rest_route=\/wp\/v2\/product"}],"about":[{"href":"https:\/\/esentevibrationale.com\/index.php?rest_route=\/wp\/v2\/types\/product"}],"wp:featuredmedia":[{"embeddable":true,"href":"https:\/\/esentevibrationale.com\/index.php?rest_route=\/wp\/v2\/media\/1459"}],"wp:attachment":[{"href":"https:\/\/esentevibrationale.com\/index.php?rest_route=%2Fwp%2Fv2%2Fmedia&parent=1456"}],"wp:term":[{"taxonomy":"product_brand","embeddable":true,"href":"https:\/\/esentevibrationale.com\/index.php?rest_route=%2Fwp%2Fv2%2Fproduct_brand&post=1456"},{"taxonomy":"product_cat","embeddable":true,"href":"https:\/\/esentevibrationale.com\/index.php?rest_route=%2Fwp%2Fv2%2Fproduct_cat&post=1456"},{"taxonomy":"product_tag","embeddable":true,"href":"https:\/\/esentevibrationale.com\/index.php?rest_route=%2Fwp%2Fv2%2Fproduct_tag&post=1456"}],"curies":[{"name":"wp","href":"https:\/\/api.w.org\/{rel}","templated":true}]}}