{"id":1460,"date":"2018-11-14T06:52:45","date_gmt":"2018-11-14T05:52:45","guid":{"rendered":"https:\/\/phiessences.com\/Romania\/?post_type=product&#038;p=1460"},"modified":"2024-01-06T18:00:01","modified_gmt":"2024-01-06T16:00:01","slug":"geranium-muscata","status":"publish","type":"product","link":"https:\/\/esentevibrationale.com\/?product=geranium-muscata","title":{"rendered":"Geranium \/ Mu\u015fcat\u0103"},"content":{"rendered":"<p><strong><em>(Geranium perforatum)<\/em> <\/strong><\/p>\n<p><em>\u00cen<\/em> <em>multe<\/em> <em>locuri<\/em> <em>din<\/em> <em>Insulele Canare (inclusiv pe lava solidificat\u0103) putem descoperi tufe groase de Mu\u0219cate \u0219i florile lor luxuriante. Culorile lor intense pot fi v\u0103zute de la distan\u021be mari, nu dau doar culoare ora\u0219elor, ci \u0219i inimilor oamenilor. \u00cen alte \u021b\u0103ri ale Europei, Mu\u0219cata poate fi admirat\u0103 de la balcoanele \u0219i terasele ora\u0219elor \u00een timpul verii.<\/em><\/p>\n<p><strong><em>Efectul Esen\u021bei: <\/em><\/strong>Aceast\u0103 esen\u021b\u0103 ne aduce lumina interioar\u0103 la suprafa\u021b\u0103, atunci c\u00e2nd sim\u021bim c\u0103 via\u021ba cotidian\u0103 este cenu\u0219ie \u0219i trist\u0103. Ajut\u0103 la ruperea lan\u021burilor sociale \u0219i la dezvoltarea de noi for\u021be \u0219i bucurie.<\/p>\n<p><strong><em>Efectul Esen\u021bei la Nivel Fizic: <\/em><\/strong>C\u00e2nd boala ne fur\u0103 curajul de a mai tr\u0103i, dac\u0103 nu mai putem vedea ie\u0219irea sau dac\u0103 nu mai g\u0103sim calea de ie\u0219ire dintr-o traum\u0103, esen\u021ba ne ofer\u0103 un ajutor energetic pentru a aprinde o nou\u0103 lumin\u0103 \u00een vie\u021bile noastre.<\/p>\n<p><strong><em>Efectul Esen\u021bei la Nivel Emo\u021bional: <\/em><\/strong>\u00cen momentul \u00een care r\u0103m\u00e2nem bloca\u021bi \u00een emo\u021biile noastre \u0219i este posibil ca \u00eendoiala \u0219i depresia s\u0103 ne invadeze, aceast\u0103 esen\u021b\u0103 ne poate ajuta s\u0103 dep\u0103\u0219im aceste emo\u021bii. Vom sim\u021bi c\u0103 o nou\u0103 energie cre\u0219te \u00een interiorul nostru \u0219i vom putea reveni pe drumul nostru v\u0103z\u00e2nd lumina de la cap\u0103tul tunelului.<\/p>\n<p><strong><em>Efectul Esen\u021bei la Nivel Mental: <\/em><\/strong>Esen\u021ba Mu\u0219catei ne ajut\u0103 s\u0103 sc\u0103p\u0103m de tiparele de g\u00e2ndire \u00eenglobate \u00een descurajare \u0219i \u00eendoial\u0103, de exemplu: care s-ar putea s\u0103 ne st\u0103p\u00e2neasc\u0103 dup\u0103 ce am primit o lovitur\u0103 tare. Vom dezvolta o nou\u0103 energie spiritual\u0103 care ne va permite s\u0103 ne organiz\u0103m ra\u021bional vie\u021bile \u0219i astfel, vom avea o via\u021b\u0103 simpl\u0103 a\u0219a cum ne- am dori.<\/p>\n<p><strong><em>Efectul Esen\u021bei la Nivel Spiritual: <\/em><\/strong>Cei care vor s\u0103 fie deschi\u0219i din punct de vedere spiritual, adesea se simt atrase de esen\u021b\u0103 Mu\u0219catei, deoarece le poate da primele &#8222;lec\u021bii&#8221; \u00een experien\u021ba spiritual\u0103. \u00cen special, poate fi folositoare c\u00e2nd suntem plini de ne\u00eencredere \u0219i punem sub semnul \u00eentreb\u0103rii percep\u021biile spirituale.<\/p>\n<p><strong><em>Afirma\u021bia: <\/em><\/strong>Via\u021ba mea este u\u0219oar\u0103 \u0219i o modelez cu bucurie.<\/p>\n","protected":false},"excerpt":{"rendered":"<p>(Geranium perforatum) \u00cen multe locuri din Insulele Canare (inclusiv pe lava solidificat\u0103) putem descoperi tufe groase de Mu\u0219cate \u0219i florile lor luxuriante. Culorile lor intense pot fi v\u0103zute de la distan\u021be mari, nu dau doar culoare ora\u0219elor, ci \u0219i inimilor oamenilor. \u00cen alte \u021b\u0103ri ale Europei, Mu\u0219cata poate fi admirat\u0103 de la balcoanele \u0219i terasele &hellip; <a href=\"https:\/\/esentevibrationale.com\/?product=geranium-muscata\" class=\"more-link\">Continu\u0103 lectura <span class=\"screen-reader-text\">Geranium \/ Mu\u015fcat\u0103<\/span> <span class=\"meta-nav\">&rarr;<\/span><\/a><\/p>\n","protected":false},"featured_media":13842,"template":"","meta":[],"product_brand":[],"product_cat":[44],"product_tag":[],"class_list":{"0":"post-1460","1":"product","2":"type-product","3":"status-publish","4":"has-post-thumbnail","6":"product_cat-esente-de-flori-din-africa-si-insulele-canare","7":"pa_size-15ml","8":"pa_size-30ml","10":"first","11":"instock","12":"shipping-taxable","13":"purchasable","14":"product-type-variable","15":"has-default-attributes"},"_links":{"self":[{"href":"https:\/\/esentevibrationale.com\/index.php?rest_route=\/wp\/v2\/product\/1460","targetHints":{"allow":["GET"]}}],"collection":[{"href":"https:\/\/esentevibrationale.com\/index.php?rest_route=\/wp\/v2\/product"}],"about":[{"href":"https:\/\/esentevibrationale.com\/index.php?rest_route=\/wp\/v2\/types\/product"}],"wp:featuredmedia":[{"embeddable":true,"href":"https:\/\/esentevibrationale.com\/index.php?rest_route=\/wp\/v2\/media\/13842"}],"wp:attachment":[{"href":"https:\/\/esentevibrationale.com\/index.php?rest_route=%2Fwp%2Fv2%2Fmedia&parent=1460"}],"wp:term":[{"taxonomy":"product_brand","embeddable":true,"href":"https:\/\/esentevibrationale.com\/index.php?rest_route=%2Fwp%2Fv2%2Fproduct_brand&post=1460"},{"taxonomy":"product_cat","embeddable":true,"href":"https:\/\/esentevibrationale.com\/index.php?rest_route=%2Fwp%2Fv2%2Fproduct_cat&post=1460"},{"taxonomy":"product_tag","embeddable":true,"href":"https:\/\/esentevibrationale.com\/index.php?rest_route=%2Fwp%2Fv2%2Fproduct_tag&post=1460"}],"curies":[{"name":"wp","href":"https:\/\/api.w.org\/{rel}","templated":true}]}}