{"id":14618,"date":"2025-06-04T09:38:26","date_gmt":"2025-06-04T06:38:26","guid":{"rendered":"https:\/\/esentevibrationale.com\/?post_type=product&#038;p=14618"},"modified":"2025-06-04T09:39:41","modified_gmt":"2025-06-04T06:39:41","slug":"puterea-vindecatoare-a-animalelor","status":"publish","type":"product","link":"https:\/\/esentevibrationale.com\/?product=puterea-vindecatoare-a-animalelor","title":{"rendered":"Puterea Vindec\u0103toare a Animalelor"},"content":{"rendered":"<p>&nbsp;<\/p>\n<p>Cartea &#8222;Puterea Vindec\u0103toare a Animalelor&#8221; este acum disponibil\u0103 \u0219i \u00een limba Rom\u00e2n\u0103 \u00een format PDF.<\/p>\n<p>Persoanele care sunt interesate s\u0103 afle mai multe informa\u021bii despre esen\u021bele vibra\u021bioale phiessence, pot g\u0103si \u00een aceast\u0103 carte informa\u021bii pre\u021bioase.<\/p>\n<p>Vrem s\u0103 subliniem faptul c\u0103 \u0219i esen\u021bele animalelor au fost elaborate cu metoda cristalului, prin transferul energiei animalelor vii, din habitatul lor natural, f\u0103r\u0103 ca acestea s\u0103 fie afectate sau deranjate \u00een vreun fel.<\/p>\n<p>\u00cen aceast\u0103 carte sunt descrise 70 de Esen\u021be de Animale Marine \u0219i Terestre \u0219i cartea are 200 de pagini.<\/p>\n","protected":false},"excerpt":{"rendered":"<p>&nbsp; Cartea &#8222;Puterea Vindec\u0103toare a Animalelor&#8221; este acum disponibil\u0103 \u0219i \u00een limba Rom\u00e2n\u0103 \u00een format PDF. Persoanele care sunt interesate s\u0103 afle mai multe informa\u021bii despre esen\u021bele vibra\u021bioale phiessence, pot g\u0103si \u00een aceast\u0103 carte informa\u021bii pre\u021bioase. Vrem s\u0103 subliniem faptul c\u0103 \u0219i esen\u021bele animalelor au fost elaborate cu metoda cristalului, prin transferul energiei animalelor vii, &hellip; <a href=\"https:\/\/esentevibrationale.com\/?product=puterea-vindecatoare-a-animalelor\" class=\"more-link\">Continu\u0103 lectura <span class=\"screen-reader-text\">Puterea Vindec\u0103toare a Animalelor<\/span> <span class=\"meta-nav\">&rarr;<\/span><\/a><\/p>\n","protected":false},"featured_media":14620,"template":"","meta":[],"product_brand":[],"product_cat":[68],"product_tag":[],"class_list":{"0":"post-14618","1":"product","2":"type-product","3":"status-publish","4":"has-post-thumbnail","6":"product_cat-carti-postere-seturi-cu-carduri","8":"first","9":"instock","10":"shipping-taxable","11":"purchasable","12":"product-type-simple"},"_links":{"self":[{"href":"https:\/\/esentevibrationale.com\/index.php?rest_route=\/wp\/v2\/product\/14618","targetHints":{"allow":["GET"]}}],"collection":[{"href":"https:\/\/esentevibrationale.com\/index.php?rest_route=\/wp\/v2\/product"}],"about":[{"href":"https:\/\/esentevibrationale.com\/index.php?rest_route=\/wp\/v2\/types\/product"}],"wp:featuredmedia":[{"embeddable":true,"href":"https:\/\/esentevibrationale.com\/index.php?rest_route=\/wp\/v2\/media\/14620"}],"wp:attachment":[{"href":"https:\/\/esentevibrationale.com\/index.php?rest_route=%2Fwp%2Fv2%2Fmedia&parent=14618"}],"wp:term":[{"taxonomy":"product_brand","embeddable":true,"href":"https:\/\/esentevibrationale.com\/index.php?rest_route=%2Fwp%2Fv2%2Fproduct_brand&post=14618"},{"taxonomy":"product_cat","embeddable":true,"href":"https:\/\/esentevibrationale.com\/index.php?rest_route=%2Fwp%2Fv2%2Fproduct_cat&post=14618"},{"taxonomy":"product_tag","embeddable":true,"href":"https:\/\/esentevibrationale.com\/index.php?rest_route=%2Fwp%2Fv2%2Fproduct_tag&post=14618"}],"curies":[{"name":"wp","href":"https:\/\/api.w.org\/{rel}","templated":true}]}}