{"id":14638,"date":"2025-07-01T09:29:10","date_gmt":"2025-07-01T06:29:10","guid":{"rendered":"https:\/\/esentevibrationale.com\/?post_type=product&#038;p=14638"},"modified":"2026-01-02T09:15:25","modified_gmt":"2026-01-02T07:15:25","slug":"esenta-oceanica-nr-51","status":"publish","type":"product","link":"https:\/\/esentevibrationale.com\/?product=esenta-oceanica-nr-51","title":{"rendered":"OCEAN ESSENCE No. 51 \/ ESEN\u021aA OCEANIC\u0102 Nr. 51"},"content":{"rendered":"<p><span class=\"Y2IQFc\" lang=\"ro\">Esen\u021ba stimuleaz\u0103 energetic metabolismul. Are un efect relaxant asupra organismului. Tensiunile sunt eliberate energetic. Ne elibereaz\u0103 de vechile poveri \u0219i ne face liberi \u0219i relaxa\u021bi \u00een interior. \u00cenv\u0103\u021b\u0103m s\u0103 lu\u0103m via\u021ba mai u\u0219or \u0219i s\u0103 alegem o cale nou\u0103, mai u\u0219oar\u0103, la nivel spiritual, l\u0103s\u00e2nd \u00een urm\u0103 vechile tipare.<\/span><\/p>\n","protected":false},"excerpt":{"rendered":"<p>Esen\u021ba stimuleaz\u0103 energetic metabolismul. Are un efect relaxant asupra organismului. Tensiunile sunt eliberate energetic. Ne elibereaz\u0103 de vechile poveri \u0219i ne face liberi \u0219i relaxa\u021bi \u00een interior. \u00cenv\u0103\u021b\u0103m s\u0103 lu\u0103m via\u021ba mai u\u0219or \u0219i s\u0103 alegem o cale nou\u0103, mai u\u0219oar\u0103, la nivel spiritual, l\u0103s\u00e2nd \u00een urm\u0103 vechile tipare.<\/p>\n","protected":false},"featured_media":14639,"template":"","meta":[],"product_brand":[],"product_cat":[72],"product_tag":[],"class_list":{"0":"post-14638","1":"product","2":"type-product","3":"status-publish","4":"has-post-thumbnail","6":"product_cat-esentele-ocenului","7":"pa_size-15ml","8":"pa_size-30ml","10":"first","11":"instock","12":"shipping-taxable","13":"purchasable","14":"product-type-variable","15":"has-default-attributes"},"_links":{"self":[{"href":"https:\/\/esentevibrationale.com\/index.php?rest_route=\/wp\/v2\/product\/14638","targetHints":{"allow":["GET"]}}],"collection":[{"href":"https:\/\/esentevibrationale.com\/index.php?rest_route=\/wp\/v2\/product"}],"about":[{"href":"https:\/\/esentevibrationale.com\/index.php?rest_route=\/wp\/v2\/types\/product"}],"wp:featuredmedia":[{"embeddable":true,"href":"https:\/\/esentevibrationale.com\/index.php?rest_route=\/wp\/v2\/media\/14639"}],"wp:attachment":[{"href":"https:\/\/esentevibrationale.com\/index.php?rest_route=%2Fwp%2Fv2%2Fmedia&parent=14638"}],"wp:term":[{"taxonomy":"product_brand","embeddable":true,"href":"https:\/\/esentevibrationale.com\/index.php?rest_route=%2Fwp%2Fv2%2Fproduct_brand&post=14638"},{"taxonomy":"product_cat","embeddable":true,"href":"https:\/\/esentevibrationale.com\/index.php?rest_route=%2Fwp%2Fv2%2Fproduct_cat&post=14638"},{"taxonomy":"product_tag","embeddable":true,"href":"https:\/\/esentevibrationale.com\/index.php?rest_route=%2Fwp%2Fv2%2Fproduct_tag&post=14638"}],"curies":[{"name":"wp","href":"https:\/\/api.w.org\/{rel}","templated":true}]}}