{"id":1464,"date":"2018-11-14T06:56:28","date_gmt":"2018-11-14T05:56:28","guid":{"rendered":"https:\/\/phiessences.com\/Romania\/?post_type=product&#038;p=1464"},"modified":"2024-01-06T18:00:36","modified_gmt":"2024-01-06T16:00:36","slug":"k9","status":"publish","type":"product","link":"https:\/\/esentevibrationale.com\/?product=k9","title":{"rendered":"K9"},"content":{"rendered":"<p><em>La<\/em> <em>fel<\/em> <em>ca<\/em> <em>\u0219i<\/em> <em>celelalte<\/em> <em>esen\u021be<\/em> <em>florale,<\/em> <em>K9<\/em> <em>are<\/em> <em>o poveste proprie. Am descoperit-o dup\u0103 un efort fizic mare \u00een p\u0103durile virgine din Centrul Africii. \u00cen lungul drum pe care l-am parcurs am fost martor al suferin\u021belor nesf\u00e2r\u0219ite \u00een r\u00e2ndul oamenilor. \u00cen multe sate oamenii s-au \u00eemboln\u0103vit de cium\u0103 \u0219i mul\u021bi au ajuns aproape de dispari\u021bie. C\u00e2nd for\u021ba mea a fost pe punctul de a m\u0103 abandona, am sim\u021bit o putere interioar\u0103 care m\u0103 obliga s\u0103 \u00eenaintez. Floarea pe care o c\u0103utam a ap\u0103rut \u00een fa\u021ba ochiului meu interior.<\/em><\/p>\n<p><strong><em>Efectul Esen\u021bei: <\/em><\/strong>Esen\u021ba K9 ne ajut\u0103 s\u0103 fim curajo\u0219i \u00een situa\u021biile importante, care aparent nu pot fi schimbate \u0219i ne pune \u00een mi\u0219care toat\u0103 energia noastr\u0103 pentru a ne atinge scopul. Din punct de vedere energetic, dorin\u021ba noastr\u0103 de a tr\u0103i \u0219i sistemul nostru imunitar sunt \u00eent\u0103rite. De asemenea, esen\u021ba K9 este foarte eficient\u0103 \u00een tratarea aftelor. Aplicare: de \u00eendat\u0103 ce herpesul \u00eencepe, picura\u021bi pe zona afectat\u0103 esen\u021ba, care poate preveni sau ameliora \u00eentreaga epidemie.<\/p>\n<p><strong><em>Efectul Esen\u021bei la Nivel Fizic: <\/em><\/strong>Esen\u021ba K9 ne permite s\u0103 ne eliber\u0103m de sentimentul c\u0103 nimic nu mai are sens. Ne sprijin\u0103 s\u0103 fim activi \u0219i s\u0103 redob\u00e2ndim dorin\u021ba de a tr\u0103i din nou \u0219i astfel ne sprijin\u0103 auto-vindecarea. K9 este recomandat\u0103 ca profilaxie energetic\u0103 \u00een timpul c\u0103l\u0103toriilor.<\/p>\n<p><strong><em>Efectul Esen\u021bei la Nivel Emo\u021bional: <\/em><\/strong>Cu ajutorul esen\u021bei K9 putem dizolva frica de a fi infecta\u021bi &#8211; vom descoperi c\u0103 frica este un pr\u0103d\u0103tor energetic care pune presiune inutil\u0103 asupra sistemului nostru imunitar &#8211; \u0219i \u00een acest mod, ne putem cre\u0219te energia noastr\u0103 vital\u0103.<\/p>\n<p><strong><em>Efectul Esen\u021bei la Nivel Mental: <\/em><\/strong>G\u00e2ndurile legate de rigiditate interioar\u0103, abandonul sau resemnarea obstruc\u021bioneaz\u0103 energia vital\u0103. Cu aceast\u0103 esen\u021b\u0103, putem abandona ideea c\u0103 &#8222;nimic nu mai are sens&#8221; \u0219i putem fi receptivi la via\u021ba pozitiv\u0103, \u00een acest mod sufletul poate contribui la proces de auto- vindecare.<\/p>\n<p><strong><em>Efectul Esen\u021bei la Nivel Spiritual: <\/em><\/strong>\u00cen special, \u00een timpul bolilor grave, sentimentul de resemnare este r\u0103sp\u00e2ndit. Esen\u021ba ne \u00eent\u0103re\u0219te \u0219i \u00een acela\u0219i timp, vom avea g\u00e2nduri pozitive de speran\u021b\u0103. Acest lucru activeaz\u0103 \u0219i puterea noastr\u0103 de vindecare, ne vom deschide spre fericire contribuind astfel, la dorin\u021ba noastr\u0103 de auto-vindecare. Unific\u0103 energia corpului, min\u021bii \u0219i a sufletu- lui.<\/p>\n<p><strong><em>Afirma\u021bia: <\/em><\/strong>Capacitatea mea imunologic\u0103 se treze\u0219te ac\u021bion\u00e2nd \u00een interiorul meu. Sunt puternic\/\u0103 \u0219i stabil\/\u0103.<\/p>\n<p><strong><em>Combina\u021bii Recomandate: <\/em><\/strong>K9 + RQ7 (include cele \u0219apte esen\u021be florale \u0219i este remediu de urgen\u021b\u0103). Esen\u021bele nu ar trebui s\u0103 lipseasc\u0103 din nici o trus\u0103 de prim ajutor sau cabinet medical.<\/p>\n","protected":false},"excerpt":{"rendered":"<p>La fel ca \u0219i celelalte esen\u021be florale, K9 are o poveste proprie. Am descoperit-o dup\u0103 un efort fizic mare \u00een p\u0103durile virgine din Centrul Africii. \u00cen lungul drum pe care l-am parcurs am fost martor al suferin\u021belor nesf\u00e2r\u0219ite \u00een r\u00e2ndul oamenilor. \u00cen multe sate oamenii s-au \u00eemboln\u0103vit de cium\u0103 \u0219i mul\u021bi au ajuns aproape de &hellip; <a href=\"https:\/\/esentevibrationale.com\/?product=k9\" class=\"more-link\">Continu\u0103 lectura <span class=\"screen-reader-text\">K9<\/span> <span class=\"meta-nav\">&rarr;<\/span><\/a><\/p>\n","protected":false},"featured_media":1467,"template":"","meta":[],"product_brand":[],"product_cat":[44],"product_tag":[],"class_list":{"0":"post-1464","1":"product","2":"type-product","3":"status-publish","4":"has-post-thumbnail","6":"product_cat-esente-de-flori-din-africa-si-insulele-canare","7":"pa_size-15ml","8":"pa_size-30ml","10":"first","11":"instock","12":"shipping-taxable","13":"purchasable","14":"product-type-variable","15":"has-default-attributes"},"_links":{"self":[{"href":"https:\/\/esentevibrationale.com\/index.php?rest_route=\/wp\/v2\/product\/1464","targetHints":{"allow":["GET"]}}],"collection":[{"href":"https:\/\/esentevibrationale.com\/index.php?rest_route=\/wp\/v2\/product"}],"about":[{"href":"https:\/\/esentevibrationale.com\/index.php?rest_route=\/wp\/v2\/types\/product"}],"wp:featuredmedia":[{"embeddable":true,"href":"https:\/\/esentevibrationale.com\/index.php?rest_route=\/wp\/v2\/media\/1467"}],"wp:attachment":[{"href":"https:\/\/esentevibrationale.com\/index.php?rest_route=%2Fwp%2Fv2%2Fmedia&parent=1464"}],"wp:term":[{"taxonomy":"product_brand","embeddable":true,"href":"https:\/\/esentevibrationale.com\/index.php?rest_route=%2Fwp%2Fv2%2Fproduct_brand&post=1464"},{"taxonomy":"product_cat","embeddable":true,"href":"https:\/\/esentevibrationale.com\/index.php?rest_route=%2Fwp%2Fv2%2Fproduct_cat&post=1464"},{"taxonomy":"product_tag","embeddable":true,"href":"https:\/\/esentevibrationale.com\/index.php?rest_route=%2Fwp%2Fv2%2Fproduct_tag&post=1464"}],"curies":[{"name":"wp","href":"https:\/\/api.w.org\/{rel}","templated":true}]}}