{"id":1472,"date":"2018-11-14T07:21:15","date_gmt":"2018-11-14T06:21:15","guid":{"rendered":"https:\/\/phiessences.com\/Romania\/?post_type=product&#038;p=1472"},"modified":"2024-01-06T18:01:38","modified_gmt":"2024-01-06T16:01:38","slug":"artemisia-artemisia","status":"publish","type":"product","link":"https:\/\/esentevibrationale.com\/?product=artemisia-artemisia","title":{"rendered":"Artemisia \/ Artemisia"},"content":{"rendered":"<p><strong>(Artemisia arvensis) <\/strong><\/p>\n<p><em>Mu\u0219e\u021belul de Porumb este un arbust sucu- lent cu ramuri groase \u0219i frunze cenu\u0219i p\u0103roase. Frunzele sunt \u00een form\u0103 de pene cu dou\u0103 diviziuni. Din ramuri cresc 3 &#8211; 4 butoane ovale cojile sunt groase \u0219i pufoase, iar marginile sunt groase.<\/em><\/p>\n<p><strong><em>Efectul Esen\u021bei: <\/em><\/strong>Esen\u021ba Mu\u0219e\u021belului de Porumb regenereaz\u0103 \u0219i transmite energie nou\u0103 vital\u0103 dup\u0103 experien\u021bele epuizante, perioadele de extenuare \u0219i leziuni psihice \u0219i favorizeaz\u0103 regenerarea.<\/p>\n<p><strong><em>Efectul Esen\u021bei la Nivel Fizic: <\/em><\/strong>Esen\u021ba ofer\u0103 un efect energizant, restaurator \u0219i constructiv dup\u0103 boli \u00eendelungate. Poate fi administrat\u0103 pentru a \u00eent\u0103ri energetic persoanele care sufer\u0103 de tumori maligne (\u00een combina\u021bie cu v\u00e2sc \u0219i K9). \u00cen timpul radioterapiei promoveaz\u0103 protec\u021bia energetic\u0103 a corpului.<\/p>\n<p><strong><em>Efectul Esen\u021bei la Nivel Emo\u021bional: <\/em><\/strong>Testele pe care via\u021ba ni le impune ne fac s\u0103 ne confrunt\u0103m cu multe sentimente care adesea par insuportabile. \u00cen aceste cazuri, esen\u021ba Mu\u0219e\u021belului de Porumb ne poate sprijini s\u0103 dep\u0103\u0219im aceste teste pas cu pas \u0219i s\u0103 redob\u00e2ndim energie \u0219i putere. \u00cen special, aceast\u0103 esen\u021b\u0103 stimuleaz\u0103 curajul, atunci c\u00e2nd o boal\u0103 complicat\u0103 ne oblig\u0103 s\u0103 ne confrunt\u0103m cu o terapie \u00eendelungat\u0103 \u0219i dificil\u0103.<\/p>\n<p><strong><em>Efectul Esen\u021bei la Nivel Mental: <\/em><\/strong>Situa\u021biile vitale descrise anterior ne pot influen\u021ba \u00een mod remarcabil energia noastr\u0103 mental\u0103, pe de o parte provoc\u00e2nd o mare epuizare \u0219i pe de alt\u0103 parte neutraliz\u00e2ndu-le. Esen\u021ba ne sprijin\u0103 s\u0103 dep\u0103\u0219im astfel de &#8222;vr\u0103ji uscate&#8221; mentale \u0219i ofer\u0103 o for\u021b\u0103 nou\u0103 mental\u0103 pentru o regenerare holistic\u0103 \u0219i stabile\u0219te obiective vitale (de exemplu: s\u0103n\u0103tatea).<\/p>\n<p><strong><em>Efectul Esen\u021bei la Nivel Spiritual: <\/em><\/strong>Multe situa\u021bii ale vie\u021bii trezesc \u00een noi dorin\u021ba de a crede \u00een ceva superior \u0219i s\u0103 ne pred\u0103m \u00eendrum\u0103rii sale. Acest lucru duce la o \u00een\u021belegere profund\u0103 a re\u021belelor care formeaz\u0103 via\u021ba \u0219i care ofer\u0103 individului capacitatea de a considera boala sau dezavantajele destinului ca o oportunitate de \u00eenv\u0103\u021bare, pe care trebuie s\u0103 o integr\u0103m. Esen\u021ba Mu\u0219e\u021belului de Porumb ne poate ajuta \u00eentr-o mare m\u0103sur\u0103 s\u0103 facem fa\u021b\u0103 acestor faze de recunoa\u0219tere complexe.<\/p>\n<p><strong><em>Afirma\u021bia: <\/em><\/strong>\u00cencrederea \u00een energia mea cre\u0219te \u00een mine \u00eensumi \/ \u00eens\u0103mi.<\/p>\n","protected":false},"excerpt":{"rendered":"<p>(Artemisia arvensis) Mu\u0219e\u021belul de Porumb este un arbust sucu- lent cu ramuri groase \u0219i frunze cenu\u0219i p\u0103roase. Frunzele sunt \u00een form\u0103 de pene cu dou\u0103 diviziuni. Din ramuri cresc 3 &#8211; 4 butoane ovale cojile sunt groase \u0219i pufoase, iar marginile sunt groase. Efectul Esen\u021bei: Esen\u021ba Mu\u0219e\u021belului de Porumb regenereaz\u0103 \u0219i transmite energie nou\u0103 vital\u0103 &hellip; <a href=\"https:\/\/esentevibrationale.com\/?product=artemisia-artemisia\" class=\"more-link\">Continu\u0103 lectura <span class=\"screen-reader-text\">Artemisia \/ Artemisia<\/span> <span class=\"meta-nav\">&rarr;<\/span><\/a><\/p>\n","protected":false},"featured_media":13132,"template":"","meta":[],"product_brand":[],"product_cat":[44],"product_tag":[],"class_list":{"0":"post-1472","1":"product","2":"type-product","3":"status-publish","4":"has-post-thumbnail","6":"product_cat-esente-de-flori-din-africa-si-insulele-canare","7":"pa_size-15ml","8":"pa_size-30ml","10":"first","11":"instock","12":"shipping-taxable","13":"purchasable","14":"product-type-variable","15":"has-default-attributes"},"_links":{"self":[{"href":"https:\/\/esentevibrationale.com\/index.php?rest_route=\/wp\/v2\/product\/1472","targetHints":{"allow":["GET"]}}],"collection":[{"href":"https:\/\/esentevibrationale.com\/index.php?rest_route=\/wp\/v2\/product"}],"about":[{"href":"https:\/\/esentevibrationale.com\/index.php?rest_route=\/wp\/v2\/types\/product"}],"wp:featuredmedia":[{"embeddable":true,"href":"https:\/\/esentevibrationale.com\/index.php?rest_route=\/wp\/v2\/media\/13132"}],"wp:attachment":[{"href":"https:\/\/esentevibrationale.com\/index.php?rest_route=%2Fwp%2Fv2%2Fmedia&parent=1472"}],"wp:term":[{"taxonomy":"product_brand","embeddable":true,"href":"https:\/\/esentevibrationale.com\/index.php?rest_route=%2Fwp%2Fv2%2Fproduct_brand&post=1472"},{"taxonomy":"product_cat","embeddable":true,"href":"https:\/\/esentevibrationale.com\/index.php?rest_route=%2Fwp%2Fv2%2Fproduct_cat&post=1472"},{"taxonomy":"product_tag","embeddable":true,"href":"https:\/\/esentevibrationale.com\/index.php?rest_route=%2Fwp%2Fv2%2Fproduct_tag&post=1472"}],"curies":[{"name":"wp","href":"https:\/\/api.w.org\/{rel}","templated":true}]}}