{"id":1476,"date":"2018-11-14T07:25:42","date_gmt":"2018-11-14T06:25:42","guid":{"rendered":"https:\/\/phiessences.com\/Romania\/?post_type=product&#038;p=1476"},"modified":"2024-01-06T18:16:21","modified_gmt":"2024-01-06T16:16:21","slug":"coconut-palm-palmier-de-nuca-de-cocos","status":"publish","type":"product","link":"https:\/\/esentevibrationale.com\/?product=coconut-palm-palmier-de-nuca-de-cocos","title":{"rendered":"Coconut Palm \/ Palmier de Nuc\u0103 de Cocos"},"content":{"rendered":"<p><strong><em>(Cocos nucifera)<\/em> <\/strong><\/p>\n<p><em>\u00cen prezent, Palmierul de Cocos este o plant\u0103 folositoare care cre\u0219te la tropice \u0219i sub tropice aproape de mare. Fructul s\u0103u este nuca de cocos, care este foarte bogat\u0103 \u00een substan\u021be nutritive \u0219i se comercializeaz\u0103 \u00een diferite moduri. Cocotierii pot ajunge de la 20 &#8211; 30 m \u00een\u0103l\u021bime, frunzele lor penate au lungimile de 3 &#8211; 6 m \u0219i fiecare poate fi verde p\u00e2n\u0103 aproape 3 ani. Palmierul de Cocos este spectaculos dup\u0103 primii cinci ani de dezvoltare, atunci c\u00e2nd \u00ee\u0219i arunc\u0103 primele inflorescen\u021be albe.<\/em><\/p>\n<p><strong><em>Efectul Esen\u021bei: <\/em><\/strong>Esen\u021ba Palmierul de Cocos ajut\u0103 oameni s\u0103 \u00ee\u0219i accepte moliciunea interioar\u0103 \u0219i persoanele sensibile s\u0103 \u00ee\u0219i creeze o carapace &#8222;rezistent\u0103&#8221; \u00een jurul lor. Promoveaz\u0103 conexiunea armonioas\u0103 dintre interior \u0219i exterior.<\/p>\n<p><strong><em>Efectul Esen\u021bei la Nivel Fizic: <\/em><\/strong>Aceast\u0103 esen\u021b\u0103 ac\u021bioneaz\u0103 cu un accent energetic special asupra afec\u021biunilor cutanate. Poate fi administrat\u0103 ca o protec\u021bie energetic\u0103 pentru tratarea tuturor elementelor care vin din exteriorul nostru \u0219i provoac\u0103 reac\u021bii ale pielii. Ne ajut\u0103 s\u0103 fim con\u0219tien\u021bi c\u0103 pielea este at\u00e2t o barier\u0103 protectoare a vie\u021bii interioare c\u00e2t \u0219i un organ care ne permite s\u0103 fim \u00een contact cu mediul \u00eenconjur\u0103tor armoniz\u00e2nd dezechilibrele \u00een aceast\u0103 privin\u021b\u0103. Mamele care al\u0103pteaz\u0103 pot beneficia de efectele protective ale esen\u021bei.<\/p>\n<p><em><strong>Efectul Esen\u021bei la Nivel Emo\u021bional: <\/strong><\/em>Esen\u021ba ne ajut\u0103 s\u0103 compenseze sentimentele deviate, cum ar fi: dispre\u021bul de sine, aversiunea, frica de alergii, etc., care se manifest\u0103 \u00een afec\u021biunile cutanate. Totodat\u0103, ofer\u0103 putere acelora care \u00ee\u0219i pierd senin\u0103tatea u\u0219or sau acelora care reac\u021bioneaz\u0103 exagerat din punct de vedere sentimental. Ajut\u0103 homosexualii s\u0103 \u00ee\u0219i accepte tendin\u021ba \u0219i s\u0103 tr\u0103iasc\u0103 cu aceasta.<\/p>\n<p><strong><em>Efectul Esen\u021bei la Nivel Mental: <\/em><\/strong>Cu aceast\u0103 esen\u021b\u0103 putem atinge un nivel de calitate excelent pe plan mental, at\u00e2ta timp c\u00e2t contribuie la uniunea mentalului cu corpurile astrale. Aceasta \u00eenseamn\u0103 c\u0103 g\u00e2ndurile noastre p\u0103m\u00e2nte\u0219ti vor realiza \u0219i prelucra con\u0219tiin\u021be superioare (de exemplu: mesaje din lumea spiritual\u0103).<\/p>\n<p><strong><em>Efectul Esen\u021bei la Nivel Spiritual: <\/em><\/strong>Esen\u021ba ofer\u0103 protec\u021bie aurei, care este foarte important\u0103 pentru dezvoltarea spiritual\u0103. Astfel, poate fi administrat\u0103 celor care sunt receptivi la spiritualitate \u0219i vor s\u0103 se dezvolte. \u00cen timpul acestor etape suntem deosebit de sensibili la vibra\u021biile negative \u0219i atacurile energetice, de care putem sc\u0103pa prin inter- mediul esen\u021bei.<\/p>\n<p><strong><em>Afirma\u021bia: <\/em><\/strong>Am o protec\u021bie complet\u0103 \u0219i pot percepe \u00een timp ce spiritul meu cre\u0219te.<\/p>\n","protected":false},"excerpt":{"rendered":"<p>(Cocos nucifera) \u00cen prezent, Palmierul de Cocos este o plant\u0103 folositoare care cre\u0219te la tropice \u0219i sub tropice aproape de mare. Fructul s\u0103u este nuca de cocos, care este foarte bogat\u0103 \u00een substan\u021be nutritive \u0219i se comercializeaz\u0103 \u00een diferite moduri. Cocotierii pot ajunge de la 20 &#8211; 30 m \u00een\u0103l\u021bime, frunzele lor penate au lungimile &hellip; <a href=\"https:\/\/esentevibrationale.com\/?product=coconut-palm-palmier-de-nuca-de-cocos\" class=\"more-link\">Continu\u0103 lectura <span class=\"screen-reader-text\">Coconut Palm \/ Palmier de Nuc\u0103 de Cocos<\/span> <span class=\"meta-nav\">&rarr;<\/span><\/a><\/p>\n","protected":false},"featured_media":13133,"template":"","meta":[],"product_brand":[],"product_cat":[44],"product_tag":[],"class_list":{"0":"post-1476","1":"product","2":"type-product","3":"status-publish","4":"has-post-thumbnail","6":"product_cat-esente-de-flori-din-africa-si-insulele-canare","7":"pa_size-15ml","8":"pa_size-30ml","10":"first","11":"instock","12":"shipping-taxable","13":"purchasable","14":"product-type-variable","15":"has-default-attributes"},"_links":{"self":[{"href":"https:\/\/esentevibrationale.com\/index.php?rest_route=\/wp\/v2\/product\/1476","targetHints":{"allow":["GET"]}}],"collection":[{"href":"https:\/\/esentevibrationale.com\/index.php?rest_route=\/wp\/v2\/product"}],"about":[{"href":"https:\/\/esentevibrationale.com\/index.php?rest_route=\/wp\/v2\/types\/product"}],"wp:featuredmedia":[{"embeddable":true,"href":"https:\/\/esentevibrationale.com\/index.php?rest_route=\/wp\/v2\/media\/13133"}],"wp:attachment":[{"href":"https:\/\/esentevibrationale.com\/index.php?rest_route=%2Fwp%2Fv2%2Fmedia&parent=1476"}],"wp:term":[{"taxonomy":"product_brand","embeddable":true,"href":"https:\/\/esentevibrationale.com\/index.php?rest_route=%2Fwp%2Fv2%2Fproduct_brand&post=1476"},{"taxonomy":"product_cat","embeddable":true,"href":"https:\/\/esentevibrationale.com\/index.php?rest_route=%2Fwp%2Fv2%2Fproduct_cat&post=1476"},{"taxonomy":"product_tag","embeddable":true,"href":"https:\/\/esentevibrationale.com\/index.php?rest_route=%2Fwp%2Fv2%2Fproduct_tag&post=1476"}],"curies":[{"name":"wp","href":"https:\/\/api.w.org\/{rel}","templated":true}]}}