{"id":14762,"date":"2025-10-19T12:12:58","date_gmt":"2025-10-19T09:12:58","guid":{"rendered":"https:\/\/esentevibrationale.com\/?post_type=product&#038;p=14762"},"modified":"2026-01-08T13:47:21","modified_gmt":"2026-01-08T11:47:21","slug":"dia-proiector","status":"publish","type":"product","link":"https:\/\/esentevibrationale.com\/?product=dia-proiector","title":{"rendered":"Proiector de diapozitive automat"},"content":{"rendered":"<p><img loading=\"lazy\" decoding=\"async\" class=\"alignnone wp-image-14763\" src=\"https:\/\/esentevibrationale.com\/wp-content\/uploads\/2025\/10\/projector1.jpg\" alt=\"\" width=\"336\" height=\"328\" \/><\/p>\n<p><span class=\"Y2IQFc\" lang=\"ro\">Modelul de baz\u0103 al seriei de diapozitive compacte NOVAMAT, cu un design argintiu atractiv. O telecomand\u0103 cu fir, un sistem de autofocus IR, o roti\u021b\u0103 de reglare mare \u0219i u\u0219or de prins pentru o reglare precis\u0103 a focaliz\u0103rii pe primul diapozitiv \u0219i un ghidaj al lentilei cu rulment cu bile sunt caracteristicile distinctive ale acestui proiector de diapozitive. <\/span><\/p>\n<p><span class=\"Y2IQFc\" lang=\"ro\">Specifica\u021bii tehnice Dimensiuni: 245 x 245 x 123 mm Greutate (aprox.) 3,6 kg <\/span><\/p>\n<p><span class=\"Y2IQFc\" lang=\"ro\">Cod EAN: 4000567070061 Proiector de diapozitive automat, compact, cu un design argintiu atractiv<\/span>.<\/p>\n<hr \/>\n<p><span class=\"Y2IQFc\" lang=\"ro\">Pentru 3 sisteme de magazie: universal, CS \u0219i LKM \u00b7 Pentru diapozitive de 24 x 36 mm \u00een rame de 5 x 5 cm \u00b7 Telecomand\u0103 integrat\u0103, cu fir, pentru schimbarea diapozitivelor \u00b7 Sistem de autofocus cu infraro\u0219u pentru o focalizare automat\u0103 \u0219i mai precis\u0103 \u00b7 Roti\u021b\u0103 mare de reglare pentru reglarea ini\u021bial\u0103 precis\u0103 a focaliz\u0103rii pe primul diapozitiv \u00b7 Ghidaj de precizie pentru lentil\u0103 cu rulment \u00b7 Lentil\u0103 de proiec\u021bie Super Paxon 2.8 \/ 85 mm MC multistrat \u00b7 Lamp\u0103 cu halogen de 24 V \/ 150 W \u00b7 Sistem de ridicare a diapozitivelor pentru proiec\u021bie convenabil\u0103 \u0219i sigur\u0103 a unui singur diapozitiv \u2013 ideal\u0103 pentru previzualizarea \u0219i sortarea diapozitivelor \u00een magazie \u00b7 Sistem antiblocare \u00b7 Ventilator turbo de r\u0103cire \u0219i protec\u021bie la supra\u00eenc\u0103lzire \u00b7 \u00centrerup\u0103tor de alimentare \u00b7 Reglare central\u0103 a \u00een\u0103l\u021bimii \u00b7 Fabricat \u00een Germania \u00b7 Con\u021binutul livr\u0103rii: Proiector de diapozitive cu lentil\u0103, lamp\u0103 cu halogen \u0219i magazie universal\u0103 pentru 36 de diapozitive Stare: Nou, cu garan\u021bie de 2 ani<\/span><\/p>\n","protected":false},"excerpt":{"rendered":"<p>Modelul de baz\u0103 al seriei de diapozitive compacte NOVAMAT, cu un design argintiu atractiv. O telecomand\u0103 cu fir, un sistem de autofocus IR, o roti\u021b\u0103 de reglare mare \u0219i u\u0219or de prins pentru o reglare precis\u0103 a focaliz\u0103rii pe primul diapozitiv \u0219i un ghidaj al lentilei cu rulment cu bile sunt caracteristicile distinctive ale acestui &hellip; <a href=\"https:\/\/esentevibrationale.com\/?product=dia-proiector\" class=\"more-link\">Continu\u0103 lectura <span class=\"screen-reader-text\">Proiector de diapozitive automat<\/span> <span class=\"meta-nav\">&rarr;<\/span><\/a><\/p>\n","protected":false},"featured_media":14764,"template":"","meta":[],"product_brand":[],"product_cat":[61],"product_tag":[],"class_list":{"0":"post-14762","1":"product","2":"type-product","3":"status-publish","4":"has-post-thumbnail","6":"product_cat-hlt-tratamentul-holistic-cu-lumina","8":"first","9":"instock","10":"shipping-taxable","11":"purchasable","12":"product-type-simple"},"_links":{"self":[{"href":"https:\/\/esentevibrationale.com\/index.php?rest_route=\/wp\/v2\/product\/14762","targetHints":{"allow":["GET"]}}],"collection":[{"href":"https:\/\/esentevibrationale.com\/index.php?rest_route=\/wp\/v2\/product"}],"about":[{"href":"https:\/\/esentevibrationale.com\/index.php?rest_route=\/wp\/v2\/types\/product"}],"wp:featuredmedia":[{"embeddable":true,"href":"https:\/\/esentevibrationale.com\/index.php?rest_route=\/wp\/v2\/media\/14764"}],"wp:attachment":[{"href":"https:\/\/esentevibrationale.com\/index.php?rest_route=%2Fwp%2Fv2%2Fmedia&parent=14762"}],"wp:term":[{"taxonomy":"product_brand","embeddable":true,"href":"https:\/\/esentevibrationale.com\/index.php?rest_route=%2Fwp%2Fv2%2Fproduct_brand&post=14762"},{"taxonomy":"product_cat","embeddable":true,"href":"https:\/\/esentevibrationale.com\/index.php?rest_route=%2Fwp%2Fv2%2Fproduct_cat&post=14762"},{"taxonomy":"product_tag","embeddable":true,"href":"https:\/\/esentevibrationale.com\/index.php?rest_route=%2Fwp%2Fv2%2Fproduct_tag&post=14762"}],"curies":[{"name":"wp","href":"https:\/\/api.w.org\/{rel}","templated":true}]}}