{"id":14780,"date":"2025-11-24T16:22:38","date_gmt":"2025-11-24T14:22:38","guid":{"rendered":"https:\/\/esentevibrationale.com\/?post_type=product&#038;p=14780"},"modified":"2025-11-24T16:22:38","modified_gmt":"2025-11-24T14:22:38","slug":"cd-muzical-hunab-ku","status":"publish","type":"product","link":"https:\/\/esentevibrationale.com\/?product=cd-muzical-hunab-ku","title":{"rendered":"CD Muzical Hunab Ku"},"content":{"rendered":"<p><strong>Descriere<\/strong><\/p>\n<p><span class=\"Y2IQFc\" lang=\"ro\">\u021ai-ai dorit dintotdeauna s\u0103 ai muzic\u0103 lini\u0219titoare pentru casa ta, pentru medita\u021bie sau pentru relaxare? Acum po\u021bi! Pentru c\u0103 artistul Joga Dass ne-a dat permisiunea de a oferi albumul s\u0103u \u201eHunab Ku\u201d \u00een magazinul nostru! Ce spune artistul Joga Dass despre albumul s\u0103u \u201eHunab Ku\u201d? Albumul con\u021bine cele 13 tonuri ale crea\u021biei din calendarul maya\u0219, care sunt interpretate senzual cu instrumentele muzicale chakrafon (dezvoltate chiar de Joga Dass!). Instrumentele sunt acordate la nota cosmic\u0103 C &#8211; 256 HZ, care corespunde celor 8 Hz de la \u00eenceputul st\u0103rii alfa din creier, inima \u00een starea de iubire \u0219i armonie. Cu piesele 1 &#8211; 13 ale albumului, fiecare dintre cele 13 tonuri este interpretat cu clopotele tubulare bogate \u00een armonice \u0219i timp \u00eendelungat, a\u0219a cum fiecare stea de pe cerul nop\u021bii str\u0103luce\u0219te pentru ea \u00eens\u0103\u0219i. Sunetele conduc pas cu pas spre relaxare \u0219i lini\u0219te \u0219i apoi se unesc \u00een piesele 14 &#8211; 17 \u00een muzic\u0103, a\u0219a cum stelele individuale se formeaz\u0103 \u00een constela\u021bii. Vocea \u00eenso\u021bitoare, cu c\u0103ldura \u0219i vioiciunea sa, conduce prin aceste sunete eterice care deschid spa\u021bii interioare de lini\u0219te \u0219i pace.<\/span><\/p>\n<p><span class=\"Y2IQFc\" lang=\"ro\">Numele Hunab Ku provine din tradi\u021bia maya\u0219\u0103 \u0219i reprezint\u0103 centrul galaxiei. Hunab Ku simbolizeaz\u0103 ceea ce noi, oamenii, am pierdut, dar de care ar trebui s\u0103 devenim din nou con\u0219tien\u021bi. Centrul interior al fiec\u0103rei fiin\u021be umane este conectat la centrul fiec\u0103rei alte fiin\u021be umane.<\/span><\/p>\n<p><span class=\"Y2IQFc\" lang=\"ro\"> Muzic\u0103 bazat\u0103 pe frecven\u021b\u0103 pentru a trezi puterile de auto-vindecare din noi.<\/span><\/p>\n<p>&#8211;&#8211;&#8211;&#8211;&#8211;&#8211;&#8211;&#8211;&#8211;&#8211;&#8211;&#8211;&#8211;&#8211;&#8211;&#8211;&#8211;&#8211;&#8211;&#8211;&#8211;&#8211;&#8211;&#8211;&#8211;&#8211;&#8211;&#8211;&#8211;&#8211;&#8211;&#8211;&#8211;&#8211;&#8211;&#8211;&#8211;&#8211;&#8211;-<\/p>\n<p><span class=\"Y2IQFc\" lang=\"ro\">Experiment\u0103m autovindecarea iar \u0219i iar &#8211; C\u00e2nd o ran\u0103 se vindec\u0103. Ne recuper\u0103m dup\u0103 efort mental sau \u00eencepem via\u021ba de zi cu zi cu un curaj proasp\u0103t. Hunab ku \u00een combina\u021bie cu HLT readuce energia vital\u0103 la starea original\u0103 armonioas\u0103.<\/span><\/p>\n<p>&nbsp;<\/p>\n<p>&nbsp;<\/p>\n","protected":false},"excerpt":{"rendered":"<p>Descriere \u021ai-ai dorit dintotdeauna s\u0103 ai muzic\u0103 lini\u0219titoare pentru casa ta, pentru medita\u021bie sau pentru relaxare? Acum po\u021bi! Pentru c\u0103 artistul Joga Dass ne-a dat permisiunea de a oferi albumul s\u0103u \u201eHunab Ku\u201d \u00een magazinul nostru! Ce spune artistul Joga Dass despre albumul s\u0103u \u201eHunab Ku\u201d? Albumul con\u021bine cele 13 tonuri ale crea\u021biei din calendarul &hellip; <a href=\"https:\/\/esentevibrationale.com\/?product=cd-muzical-hunab-ku\" class=\"more-link\">Continu\u0103 lectura <span class=\"screen-reader-text\">CD Muzical Hunab Ku<\/span> <span class=\"meta-nav\">&rarr;<\/span><\/a><\/p>\n","protected":false},"featured_media":14779,"template":"","meta":[],"product_brand":[],"product_cat":[82],"product_tag":[],"class_list":{"0":"post-14780","1":"product","2":"type-product","3":"status-publish","4":"has-post-thumbnail","6":"product_cat-cd-uri-muzicale","8":"first","9":"instock","10":"shipping-taxable","11":"purchasable","12":"product-type-simple"},"_links":{"self":[{"href":"https:\/\/esentevibrationale.com\/index.php?rest_route=\/wp\/v2\/product\/14780","targetHints":{"allow":["GET"]}}],"collection":[{"href":"https:\/\/esentevibrationale.com\/index.php?rest_route=\/wp\/v2\/product"}],"about":[{"href":"https:\/\/esentevibrationale.com\/index.php?rest_route=\/wp\/v2\/types\/product"}],"wp:featuredmedia":[{"embeddable":true,"href":"https:\/\/esentevibrationale.com\/index.php?rest_route=\/wp\/v2\/media\/14779"}],"wp:attachment":[{"href":"https:\/\/esentevibrationale.com\/index.php?rest_route=%2Fwp%2Fv2%2Fmedia&parent=14780"}],"wp:term":[{"taxonomy":"product_brand","embeddable":true,"href":"https:\/\/esentevibrationale.com\/index.php?rest_route=%2Fwp%2Fv2%2Fproduct_brand&post=14780"},{"taxonomy":"product_cat","embeddable":true,"href":"https:\/\/esentevibrationale.com\/index.php?rest_route=%2Fwp%2Fv2%2Fproduct_cat&post=14780"},{"taxonomy":"product_tag","embeddable":true,"href":"https:\/\/esentevibrationale.com\/index.php?rest_route=%2Fwp%2Fv2%2Fproduct_tag&post=14780"}],"curies":[{"name":"wp","href":"https:\/\/api.w.org\/{rel}","templated":true}]}}