{"id":14784,"date":"2025-12-11T17:47:15","date_gmt":"2025-12-11T15:47:15","guid":{"rendered":"https:\/\/esentevibrationale.com\/?post_type=product&#038;p=14784"},"modified":"2025-12-11T17:48:11","modified_gmt":"2025-12-11T15:48:11","slug":"248-frieding-d-2025-248-frieding-germania-2025","status":"publish","type":"product","link":"https:\/\/esentevibrationale.com\/?product=248-frieding-d-2025-248-frieding-germania-2025","title":{"rendered":"248.) Frieding, D 2025 \/ 248.) Frieding, Germania 2025"},"content":{"rendered":"<p>Aceast\u0103 esen\u021b\u0103 ne ajut\u0103 s\u0103 r\u0103m\u00e2nem fideli nou\u0103 \u00een\u0219ine, s\u0103 ne sus\u021binem convingerile interioare \u0219i adev\u0103rul interior, indiferent de ce cred majoritatea oamenilor din jurul nostru. Urmeaz\u0103-\u021bi \u00a0vocea interioar\u0103. Urmeaz\u0103-\u021bi lumina interioar\u0103, chiar dac\u0103 adev\u0103rul este inconfortabil \u0219i calea abrupt\u0103 nu este adesea cea mai u\u0219oar\u0103 \u00een via\u021b\u0103.<\/p>\n","protected":false},"excerpt":{"rendered":"<p>Aceast\u0103 esen\u021b\u0103 ne ajut\u0103 s\u0103 r\u0103m\u00e2nem fideli nou\u0103 \u00een\u0219ine, s\u0103 ne sus\u021binem convingerile interioare \u0219i adev\u0103rul interior, indiferent de ce cred majoritatea oamenilor din jurul nostru. Urmeaz\u0103-\u021bi \u00a0vocea interioar\u0103. Urmeaz\u0103-\u021bi lumina interioar\u0103, chiar dac\u0103 adev\u0103rul este inconfortabil \u0219i calea abrupt\u0103 nu este adesea cea mai u\u0219oar\u0103 \u00een via\u021b\u0103.<\/p>\n","protected":false},"featured_media":14787,"template":"","meta":[],"product_brand":[],"product_cat":[54],"product_tag":[],"class_list":{"0":"post-14784","1":"product","2":"type-product","3":"status-publish","4":"has-post-thumbnail","6":"product_cat-esentele-crete-cu-ajutorul-energiei-cercurilor-aparute-in-lanurile-de-recolte","7":"pa_size-15ml","8":"pa_size-30ml","10":"first","11":"instock","12":"shipping-taxable","13":"purchasable","14":"product-type-variable","15":"has-default-attributes"},"_links":{"self":[{"href":"https:\/\/esentevibrationale.com\/index.php?rest_route=\/wp\/v2\/product\/14784","targetHints":{"allow":["GET"]}}],"collection":[{"href":"https:\/\/esentevibrationale.com\/index.php?rest_route=\/wp\/v2\/product"}],"about":[{"href":"https:\/\/esentevibrationale.com\/index.php?rest_route=\/wp\/v2\/types\/product"}],"wp:featuredmedia":[{"embeddable":true,"href":"https:\/\/esentevibrationale.com\/index.php?rest_route=\/wp\/v2\/media\/14787"}],"wp:attachment":[{"href":"https:\/\/esentevibrationale.com\/index.php?rest_route=%2Fwp%2Fv2%2Fmedia&parent=14784"}],"wp:term":[{"taxonomy":"product_brand","embeddable":true,"href":"https:\/\/esentevibrationale.com\/index.php?rest_route=%2Fwp%2Fv2%2Fproduct_brand&post=14784"},{"taxonomy":"product_cat","embeddable":true,"href":"https:\/\/esentevibrationale.com\/index.php?rest_route=%2Fwp%2Fv2%2Fproduct_cat&post=14784"},{"taxonomy":"product_tag","embeddable":true,"href":"https:\/\/esentevibrationale.com\/index.php?rest_route=%2Fwp%2Fv2%2Fproduct_tag&post=14784"}],"curies":[{"name":"wp","href":"https:\/\/api.w.org\/{rel}","templated":true}]}}