{"id":14796,"date":"2025-12-11T18:10:54","date_gmt":"2025-12-11T16:10:54","guid":{"rendered":"https:\/\/esentevibrationale.com\/?post_type=product&#038;p=14796"},"modified":"2025-12-11T18:10:54","modified_gmt":"2025-12-11T16:10:54","slug":"251-sutton-veny-uk-2025-sutton-veny-anglia-2025","status":"publish","type":"product","link":"https:\/\/esentevibrationale.com\/?product=251-sutton-veny-uk-2025-sutton-veny-anglia-2025","title":{"rendered":"251.) Sutton Veny, UK 2025 \/ Sutton Veny, Anglia 2025"},"content":{"rendered":"<p>Iubirea este cea mai puternic\u0103 for\u021b\u0103 din univers. Din chakra inimii, iubirea se r\u0103sp\u00e2nde\u0219te pretutindeni \u00een \u00eentregul nostru corp, \u00eenlocuind toate g\u00e2ndurile \u0219i energiile negative. Prin asta, experiment\u0103m \u0219i rezonan\u021ba iubirii, care este vindecare; iubirea este conexiunea cu Sursa Divin\u0103.<\/p>\n","protected":false},"excerpt":{"rendered":"<p>Iubirea este cea mai puternic\u0103 for\u021b\u0103 din univers. Din chakra inimii, iubirea se r\u0103sp\u00e2nde\u0219te pretutindeni \u00een \u00eentregul nostru corp, \u00eenlocuind toate g\u00e2ndurile \u0219i energiile negative. Prin asta, experiment\u0103m \u0219i rezonan\u021ba iubirii, care este vindecare; iubirea este conexiunea cu Sursa Divin\u0103.<\/p>\n","protected":false},"featured_media":14797,"template":"","meta":[],"product_brand":[],"product_cat":[54],"product_tag":[],"class_list":{"0":"post-14796","1":"product","2":"type-product","3":"status-publish","4":"has-post-thumbnail","6":"product_cat-esentele-crete-cu-ajutorul-energiei-cercurilor-aparute-in-lanurile-de-recolte","7":"pa_size-15ml","8":"pa_size-30ml","10":"first","11":"instock","12":"shipping-taxable","13":"purchasable","14":"product-type-variable","15":"has-default-attributes"},"_links":{"self":[{"href":"https:\/\/esentevibrationale.com\/index.php?rest_route=\/wp\/v2\/product\/14796","targetHints":{"allow":["GET"]}}],"collection":[{"href":"https:\/\/esentevibrationale.com\/index.php?rest_route=\/wp\/v2\/product"}],"about":[{"href":"https:\/\/esentevibrationale.com\/index.php?rest_route=\/wp\/v2\/types\/product"}],"wp:featuredmedia":[{"embeddable":true,"href":"https:\/\/esentevibrationale.com\/index.php?rest_route=\/wp\/v2\/media\/14797"}],"wp:attachment":[{"href":"https:\/\/esentevibrationale.com\/index.php?rest_route=%2Fwp%2Fv2%2Fmedia&parent=14796"}],"wp:term":[{"taxonomy":"product_brand","embeddable":true,"href":"https:\/\/esentevibrationale.com\/index.php?rest_route=%2Fwp%2Fv2%2Fproduct_brand&post=14796"},{"taxonomy":"product_cat","embeddable":true,"href":"https:\/\/esentevibrationale.com\/index.php?rest_route=%2Fwp%2Fv2%2Fproduct_cat&post=14796"},{"taxonomy":"product_tag","embeddable":true,"href":"https:\/\/esentevibrationale.com\/index.php?rest_route=%2Fwp%2Fv2%2Fproduct_tag&post=14796"}],"curies":[{"name":"wp","href":"https:\/\/api.w.org\/{rel}","templated":true}]}}