{"id":1480,"date":"2018-11-14T10:56:42","date_gmt":"2018-11-14T09:56:42","guid":{"rendered":"https:\/\/phiessences.com\/Romania\/?post_type=product&#038;p=1480"},"modified":"2024-01-06T18:15:42","modified_gmt":"2024-01-06T16:15:42","slug":"sensitive-plant-mimoza","status":"publish","type":"product","link":"https:\/\/esentevibrationale.com\/?product=sensitive-plant-mimoza","title":{"rendered":"Sensitive Plant \/ Mimoza"},"content":{"rendered":"<p><strong><em>(Mimos Finca)<\/em> <\/strong><\/p>\n<p><em>Nenum\u0103rate soiuri de Mimoz\u0103 cresc \u00een zona Mediteraneean\u0103 \u0219i \u00een Insulele Canare. Este cultivat\u0103 ca arbore ornamental pentru a fixa solul \u0219i pentru parfumul s\u0103u. S-au adaptat zonelor \u0219i cresc s\u0103lbatic. Ramurile acestui soi at\u00e2rn\u0103 \u0219i frunzele lanceolate \u0219i sub\u021biri pot ajunge p\u00e2n\u0103 la 20 cm lungime. Florile sale au un parfum proasp\u0103t \u0219i cresc la punctul de unire al frunzelor cu copacul. Buchetele de flori se compun din butoni de un galben briliant de 5 &#8211; 10 mm diametru. Mimoza \u00eenflorit\u0103 poate fi captivant\u0103. <\/em><\/p>\n<p><strong><em>Efectul Esen\u021bei: <\/em><\/strong>Esen\u021ba Mimozei poate ajuta la \u00eembun\u0103t\u0103\u021birea rela\u021biilor noastre cu ceilal\u021bi \u0219i s\u0103 fim con\u0219tien\u021bi de energia noastr\u0103. Ne sus\u0163ine \u00een descoperirea propriei bog\u0103\u0163ii interioare \u0219i s\u0103 percepem lumina noastr\u0103 interioar\u0103.<\/p>\n<p><strong><em>Efectul Esen\u021bei la Nivel Fizic<\/em><\/strong><em>: <\/em>Esen\u021ba Mimozei poate fi utilizat\u0103 pentru problemele de piele deoarece stimuleaz\u0103 din punct de vedere energetic procesul de auto-vindecare \u00een acest caz. Totodat\u0103, are un efect calmant asupra hipohondrilor \u0219i promoveaz\u0103 senin\u0103tatea asupra presupuselor simptome de boal\u0103.<\/p>\n<p><strong><em>Efectul Esen\u021bei la Nivel Emo\u021bional: <\/em><\/strong>Aceast\u0103 esen\u021b\u0103 ne ajut\u0103 s\u0103 dep\u0103\u0219im frica de a o lua de la cap\u0103t \u00een timp ce absorbim fricile exterioare. Similar ne ajut\u0103 s\u0103 elimin\u0103m frica de a intra \u00een contact \u0219i de a face fa\u021b\u0103 altor persoane. Emo\u021biile \u00eenr\u0103d\u0103cinate ad\u00e2nc, care ar putea duce la situa\u021biile men\u021bionate, vor experimenta efectul armonizant al acestei esen\u021be, astfel vom percepe o nou\u0103 bucurie de via\u021b\u0103.<\/p>\n<p><strong><em>Efectul Esen\u021bei la Nivel Mental: <\/em><\/strong>Prin intermediul acestei esen\u021be vom g\u0103si puterea necesar\u0103 pentru a face fa\u021b\u0103 schimb\u0103rilor importante. Capacitatea noastr\u0103 mental\u0103 va fi consolidat\u0103 c\u00e2t \u0219i energia noastr\u0103 mental\u0103 \u0219i ne vom confrunta cu situa\u021biile dificile \u00eentr-un mod mai bun (frica fa\u021b\u0103 de ceilal\u021bi).<\/p>\n<p><strong><em>Efectul Esen\u021bei la Nivel Spiritual: <\/em><\/strong>Esen\u021ba exercit\u0103 un efect de stimulare asupra medita\u021biei. Favorizeaz\u0103 deschiderea Chakrei Coroan\u0103 permi\u021b\u00e2nd uniunea cu nivelul spiritual. Lumina lumii spirituale va ilumina sufletul nostru, pe l\u00e2ng\u0103 celelalte niveluri eterice ale corpului. Cu toate astea, ne va duce \u0219i la lumina noastr\u0103 \u0219i la lumea noastr\u0103 interioar\u0103 permi\u021b\u00e2ndu-ne s\u0103 le (re)percepem \u0219i s\u0103 le accept\u0103m cu recuno\u0219tin\u021b\u0103.<\/p>\n<p><strong><em>Afirma\u021bia: <\/em><\/strong>Las lumina s\u0103 izbucneasc\u0103 \u00een interiorul meu, aduc\u00e2nd pace, transformare \u0219i vindecare.<\/p>\n","protected":false},"excerpt":{"rendered":"<p>(Mimos Finca) Nenum\u0103rate soiuri de Mimoz\u0103 cresc \u00een zona Mediteraneean\u0103 \u0219i \u00een Insulele Canare. Este cultivat\u0103 ca arbore ornamental pentru a fixa solul \u0219i pentru parfumul s\u0103u. S-au adaptat zonelor \u0219i cresc s\u0103lbatic. Ramurile acestui soi at\u00e2rn\u0103 \u0219i frunzele lanceolate \u0219i sub\u021biri pot ajunge p\u00e2n\u0103 la 20 cm lungime. Florile sale au un parfum proasp\u0103t &hellip; <a href=\"https:\/\/esentevibrationale.com\/?product=sensitive-plant-mimoza\" class=\"more-link\">Continu\u0103 lectura <span class=\"screen-reader-text\">Sensitive Plant \/ Mimoza<\/span> <span class=\"meta-nav\">&rarr;<\/span><\/a><\/p>\n","protected":false},"featured_media":1483,"template":"","meta":[],"product_brand":[],"product_cat":[44],"product_tag":[],"class_list":{"0":"post-1480","1":"product","2":"type-product","3":"status-publish","4":"has-post-thumbnail","6":"product_cat-esente-de-flori-din-africa-si-insulele-canare","7":"pa_size-15ml","8":"pa_size-30ml","10":"first","11":"instock","12":"shipping-taxable","13":"purchasable","14":"product-type-variable","15":"has-default-attributes"},"_links":{"self":[{"href":"https:\/\/esentevibrationale.com\/index.php?rest_route=\/wp\/v2\/product\/1480","targetHints":{"allow":["GET"]}}],"collection":[{"href":"https:\/\/esentevibrationale.com\/index.php?rest_route=\/wp\/v2\/product"}],"about":[{"href":"https:\/\/esentevibrationale.com\/index.php?rest_route=\/wp\/v2\/types\/product"}],"wp:featuredmedia":[{"embeddable":true,"href":"https:\/\/esentevibrationale.com\/index.php?rest_route=\/wp\/v2\/media\/1483"}],"wp:attachment":[{"href":"https:\/\/esentevibrationale.com\/index.php?rest_route=%2Fwp%2Fv2%2Fmedia&parent=1480"}],"wp:term":[{"taxonomy":"product_brand","embeddable":true,"href":"https:\/\/esentevibrationale.com\/index.php?rest_route=%2Fwp%2Fv2%2Fproduct_brand&post=1480"},{"taxonomy":"product_cat","embeddable":true,"href":"https:\/\/esentevibrationale.com\/index.php?rest_route=%2Fwp%2Fv2%2Fproduct_cat&post=1480"},{"taxonomy":"product_tag","embeddable":true,"href":"https:\/\/esentevibrationale.com\/index.php?rest_route=%2Fwp%2Fv2%2Fproduct_tag&post=1480"}],"curies":[{"name":"wp","href":"https:\/\/api.w.org\/{rel}","templated":true}]}}