{"id":14801,"date":"2025-12-11T18:15:44","date_gmt":"2025-12-11T16:15:44","guid":{"rendered":"https:\/\/esentevibrationale.com\/?post_type=product&#038;p=14801"},"modified":"2025-12-11T18:15:45","modified_gmt":"2025-12-11T16:15:45","slug":"252-ludwell-uk-2025-ludwell-anglia-2025","status":"publish","type":"product","link":"https:\/\/esentevibrationale.com\/?product=252-ludwell-uk-2025-ludwell-anglia-2025","title":{"rendered":"252.) Ludwell, UK 2025 \/ Ludwell, Anglia 2025"},"content":{"rendered":"<p><span class=\"Y2IQFc\" lang=\"ro\">Cercul din lanul de cereale reflect\u0103 interac\u021biunea dintre lumin\u0103 \u0219i \u00eentuneric, dintre putere \u0219i iubire. \u00cenv\u0103\u021b\u0103m c\u0103 lumina \u0219i iubirea sunt \u00eentotdeauna mai puternice. Ne ajut\u0103 s\u0103 \u00een\u021belegem vechile mecanisme ale puterii prin fric\u0103 \u0219i vinov\u0103\u021bie \u0219i, astfel, \u00eenv\u0103\u021b\u0103m s\u0103 ne tr\u0103im con\u0219tient poten\u021bialul \u00een libertate.<\/span><\/p>\n","protected":false},"excerpt":{"rendered":"<p>Cercul din lanul de cereale reflect\u0103 interac\u021biunea dintre lumin\u0103 \u0219i \u00eentuneric, dintre putere \u0219i iubire. \u00cenv\u0103\u021b\u0103m c\u0103 lumina \u0219i iubirea sunt \u00eentotdeauna mai puternice. Ne ajut\u0103 s\u0103 \u00een\u021belegem vechile mecanisme ale puterii prin fric\u0103 \u0219i vinov\u0103\u021bie \u0219i, astfel, \u00eenv\u0103\u021b\u0103m s\u0103 ne tr\u0103im con\u0219tient poten\u021bialul \u00een libertate.<\/p>\n","protected":false},"featured_media":14802,"template":"","meta":[],"product_brand":[],"product_cat":[54],"product_tag":[],"class_list":{"0":"post-14801","1":"product","2":"type-product","3":"status-publish","4":"has-post-thumbnail","6":"product_cat-esentele-crete-cu-ajutorul-energiei-cercurilor-aparute-in-lanurile-de-recolte","7":"pa_size-15ml","8":"pa_size-30ml","10":"first","11":"instock","12":"shipping-taxable","13":"purchasable","14":"product-type-variable","15":"has-default-attributes"},"_links":{"self":[{"href":"https:\/\/esentevibrationale.com\/index.php?rest_route=\/wp\/v2\/product\/14801","targetHints":{"allow":["GET"]}}],"collection":[{"href":"https:\/\/esentevibrationale.com\/index.php?rest_route=\/wp\/v2\/product"}],"about":[{"href":"https:\/\/esentevibrationale.com\/index.php?rest_route=\/wp\/v2\/types\/product"}],"wp:featuredmedia":[{"embeddable":true,"href":"https:\/\/esentevibrationale.com\/index.php?rest_route=\/wp\/v2\/media\/14802"}],"wp:attachment":[{"href":"https:\/\/esentevibrationale.com\/index.php?rest_route=%2Fwp%2Fv2%2Fmedia&parent=14801"}],"wp:term":[{"taxonomy":"product_brand","embeddable":true,"href":"https:\/\/esentevibrationale.com\/index.php?rest_route=%2Fwp%2Fv2%2Fproduct_brand&post=14801"},{"taxonomy":"product_cat","embeddable":true,"href":"https:\/\/esentevibrationale.com\/index.php?rest_route=%2Fwp%2Fv2%2Fproduct_cat&post=14801"},{"taxonomy":"product_tag","embeddable":true,"href":"https:\/\/esentevibrationale.com\/index.php?rest_route=%2Fwp%2Fv2%2Fproduct_tag&post=14801"}],"curies":[{"name":"wp","href":"https:\/\/api.w.org\/{rel}","templated":true}]}}