{"id":14809,"date":"2025-12-11T18:49:44","date_gmt":"2025-12-11T16:49:44","guid":{"rendered":"https:\/\/esentevibrationale.com\/?post_type=product&#038;p=14809"},"modified":"2025-12-18T10:10:16","modified_gmt":"2025-12-18T08:10:16","slug":"254-frieding-d-2025-frieding-germania-2025","status":"publish","type":"product","link":"https:\/\/esentevibrationale.com\/?product=254-frieding-d-2025-frieding-germania-2025","title":{"rendered":"254.) Frieding, D 2025 \/ Frieding, Germania 2025"},"content":{"rendered":"<p><span class=\"Y2IQFc\" lang=\"ro\">Pentru protec\u021bie interioar\u0103 \u0219i exterioar\u0103. Sistemul imunitar este \u00eent\u0103rit energetic. \u00cenv\u0103\u021b\u0103m s\u0103 avem \u00eencredere \u00een Dumnezeu. Ca o mantie protectoare care ne \u00eenv\u0103luie \u0219i ac\u021bioneaz\u0103 ca un filtru energetic, resping\u00e2nd elementele d\u0103un\u0103toare. E\u0219ti protejat \u00een m\u00e2inile lui Dumnezeu. O \u00eencredere profund\u0103.<\/span><\/p>\n","protected":false},"excerpt":{"rendered":"<p>Pentru protec\u021bie interioar\u0103 \u0219i exterioar\u0103. Sistemul imunitar este \u00eent\u0103rit energetic. \u00cenv\u0103\u021b\u0103m s\u0103 avem \u00eencredere \u00een Dumnezeu. Ca o mantie protectoare care ne \u00eenv\u0103luie \u0219i ac\u021bioneaz\u0103 ca un filtru energetic, resping\u00e2nd elementele d\u0103un\u0103toare. E\u0219ti protejat \u00een m\u00e2inile lui Dumnezeu. O \u00eencredere profund\u0103.<\/p>\n","protected":false},"featured_media":14814,"template":"","meta":[],"product_brand":[],"product_cat":[54],"product_tag":[],"class_list":{"0":"post-14809","1":"product","2":"type-product","3":"status-publish","4":"has-post-thumbnail","6":"product_cat-esentele-crete-cu-ajutorul-energiei-cercurilor-aparute-in-lanurile-de-recolte","7":"pa_size-15ml","8":"pa_size-30ml","10":"first","11":"instock","12":"shipping-taxable","13":"purchasable","14":"product-type-variable","15":"has-default-attributes"},"_links":{"self":[{"href":"https:\/\/esentevibrationale.com\/index.php?rest_route=\/wp\/v2\/product\/14809","targetHints":{"allow":["GET"]}}],"collection":[{"href":"https:\/\/esentevibrationale.com\/index.php?rest_route=\/wp\/v2\/product"}],"about":[{"href":"https:\/\/esentevibrationale.com\/index.php?rest_route=\/wp\/v2\/types\/product"}],"wp:featuredmedia":[{"embeddable":true,"href":"https:\/\/esentevibrationale.com\/index.php?rest_route=\/wp\/v2\/media\/14814"}],"wp:attachment":[{"href":"https:\/\/esentevibrationale.com\/index.php?rest_route=%2Fwp%2Fv2%2Fmedia&parent=14809"}],"wp:term":[{"taxonomy":"product_brand","embeddable":true,"href":"https:\/\/esentevibrationale.com\/index.php?rest_route=%2Fwp%2Fv2%2Fproduct_brand&post=14809"},{"taxonomy":"product_cat","embeddable":true,"href":"https:\/\/esentevibrationale.com\/index.php?rest_route=%2Fwp%2Fv2%2Fproduct_cat&post=14809"},{"taxonomy":"product_tag","embeddable":true,"href":"https:\/\/esentevibrationale.com\/index.php?rest_route=%2Fwp%2Fv2%2Fproduct_tag&post=14809"}],"curies":[{"name":"wp","href":"https:\/\/api.w.org\/{rel}","templated":true}]}}