{"id":14858,"date":"2026-01-16T20:02:58","date_gmt":"2026-01-16T18:02:58","guid":{"rendered":"https:\/\/esentevibrationale.com\/?post_type=product&#038;p=14858"},"modified":"2026-01-16T20:10:56","modified_gmt":"2026-01-16T18:10:56","slug":"iguazu-falls-cascada-iguazu","status":"publish","type":"product","link":"https:\/\/esentevibrationale.com\/?product=iguazu-falls-cascada-iguazu","title":{"rendered":"Iguazu Falls \/ Cascadele Iguazu"},"content":{"rendered":"<p><span class=\"Y2IQFc\" lang=\"ro\">O esen\u021b\u0103 revigorant\u0103 \u0219i purificatoare. Are un efect stimulator energetic. Din interior, energiile vechi sunt cur\u0103\u021bate, iar blocajele energetice sunt eliberate. Informa\u021biile vechi \u0219i tiparele rigide se pot dizolva \u0219i transforma. Putem elibera informa\u021biile vechi \u00een ap\u0103. Apare flexibilitatea, totul \u00eencepe s\u0103 curg\u0103. Suntem \u00een fluxul vie\u021bii.<\/span><\/p>\n","protected":false},"excerpt":{"rendered":"<p>O esen\u021b\u0103 revigorant\u0103 \u0219i purificatoare. Are un efect stimulator energetic. Din interior, energiile vechi sunt cur\u0103\u021bate, iar blocajele energetice sunt eliberate. Informa\u021biile vechi \u0219i tiparele rigide se pot dizolva \u0219i transforma. Putem elibera informa\u021biile vechi \u00een ap\u0103. Apare flexibilitatea, totul \u00eencepe s\u0103 curg\u0103. Suntem \u00een fluxul vie\u021bii.<\/p>\n","protected":false},"featured_media":14859,"template":"","meta":[],"product_brand":[],"product_cat":[57],"product_tag":[],"class_list":{"0":"post-14858","1":"product","2":"type-product","3":"status-publish","4":"has-post-thumbnail","6":"product_cat-alte-esente","7":"pa_size-15ml","8":"pa_size-30ml","10":"first","11":"instock","12":"shipping-taxable","13":"purchasable","14":"product-type-variable","15":"has-default-attributes"},"_links":{"self":[{"href":"https:\/\/esentevibrationale.com\/index.php?rest_route=\/wp\/v2\/product\/14858","targetHints":{"allow":["GET"]}}],"collection":[{"href":"https:\/\/esentevibrationale.com\/index.php?rest_route=\/wp\/v2\/product"}],"about":[{"href":"https:\/\/esentevibrationale.com\/index.php?rest_route=\/wp\/v2\/types\/product"}],"wp:featuredmedia":[{"embeddable":true,"href":"https:\/\/esentevibrationale.com\/index.php?rest_route=\/wp\/v2\/media\/14859"}],"wp:attachment":[{"href":"https:\/\/esentevibrationale.com\/index.php?rest_route=%2Fwp%2Fv2%2Fmedia&parent=14858"}],"wp:term":[{"taxonomy":"product_brand","embeddable":true,"href":"https:\/\/esentevibrationale.com\/index.php?rest_route=%2Fwp%2Fv2%2Fproduct_brand&post=14858"},{"taxonomy":"product_cat","embeddable":true,"href":"https:\/\/esentevibrationale.com\/index.php?rest_route=%2Fwp%2Fv2%2Fproduct_cat&post=14858"},{"taxonomy":"product_tag","embeddable":true,"href":"https:\/\/esentevibrationale.com\/index.php?rest_route=%2Fwp%2Fv2%2Fproduct_tag&post=14858"}],"curies":[{"name":"wp","href":"https:\/\/api.w.org\/{rel}","templated":true}]}}