{"id":1488,"date":"2018-11-14T08:47:55","date_gmt":"2018-11-14T07:47:55","guid":{"rendered":"https:\/\/phiessences.com\/Romania\/?post_type=product&#038;p=1488"},"modified":"2025-01-15T11:37:30","modified_gmt":"2025-01-15T09:37:30","slug":"common-vipers-bugloss-iarba-sarpelui","status":"publish","type":"product","link":"https:\/\/esentevibrationale.com\/?product=common-vipers-bugloss-iarba-sarpelui","title":{"rendered":"Common Viper\u2019s Bugloss \/ Iarba \u015earpelui"},"content":{"rendered":"<p><strong>(Echium vulgare) <\/strong><\/p>\n<p><em>Aceast\u0103 plant\u0103 semicircular\u0103 bienal\u0103 poate ajunge p\u00e2n\u0103 la 1 m \u00een\u0103l\u021bime. Unele fire as- cu\u021bite \u0219i groase ies din tulpina sa destul de rigid\u0103. Nenum\u0103ratele flori independente de culoare albastru-violet r\u0103sar dintr-o singur\u0103 tulpin\u0103. Silueta florilor seam\u0103n\u0103 cu un cap de \u0219arpe. Privirea acestei plante rezistente, spinoas\u0103 ofer\u0103 o impresie defensiv\u0103 \u0219i seduc\u0103toare. De obicei, cre\u0219te \u00een solurile uscate, pe malul apei dulci, marginile, rutiere, c\u00e2mpurilor, haldelor \u0219i zidurilor.<\/em><\/p>\n<p><strong><em>Efectul Esen\u021bei: <\/em><\/strong>Esen\u021ba Ierbii \u0218arpelui ne \u00eenva\u021b\u0103 c\u0103 vom putea \u00eenainta mai u\u0219or cu dragoste \u0219i bun\u0103tate, dec\u00e2t atunci c\u00e2nd vom urma obliga\u021biile unei discipline stricte. Vom fi mult mai amabili \u0219i mai calzi cu ceilal\u021bi \u0219i vom afla c\u0103 un z\u00e2mbet poate deschide multe u\u0219i.<\/p>\n<p><strong><em>Efectul Esen\u021bei la Nivel Fizic: <\/em><\/strong>Exist\u0103 multe inconvenien\u021be fizice care pot deriva din \u00eengrijor\u0103rile exagerate cu privire la obliga\u021bii \u0219i putere. C\u00e2nd folosim esen\u021ba exist\u0103 o influen\u021b\u0103 pozitiv\u0103 la nivel energetic.<\/p>\n<p><strong><em>Efectul Esen\u021bei la Nivel Emo\u021bional: <\/em><\/strong>Esen\u021ba lucreaz\u0103 ca un &#8222;\u00eendulcitor&#8221; \u0219i &#8222;deschiz\u0103tor&#8221; pentru persoanele care par c\u0103 nu au sentimente sau chiar nu au. Cei care au inima &#8222;de piatr\u0103&#8221; g\u0103sesc o nou\u0103 cale, care \u00eei va purta direct c\u0103tre inimile semenilor lor. Totodat\u0103, aceast\u0103 esen\u021b\u0103 floral\u0103, ajut\u0103 persoanele care sunt interesate doar s\u0103 \u00ee\u0219i exercite puterea sau sunt prada obliga\u021biilor lor, \u00eei \u00eempiedic\u0103 s\u0103 cunoasc\u0103 alte aspecte ale vie\u021bii. \u00cen plus, esen\u021ba aduce umanitate \u00een rela\u021biile sociale, care ne ajut\u0103 s\u0103 sc\u0103p\u0103m de modelul de conducere conectat pe succes sau pe &#8222;rigiditatea servitorului&#8221;.<\/p>\n<p><strong><em>Efectul Esen\u021bei la Nivel Mental: <\/em><\/strong>C\u00e2nd g\u00e2ndurile noastre au devenit rigide \u0219i unilaterale, c\u00e2nd singurul lucru care se mi\u0219c\u0103 este \u00eendeplinirea obliga\u021biilor, c\u00e2nd ne limit\u0103m s\u0103 g\u00e2ndim f\u0103r\u0103 s\u0103 sim\u021bim nimic, exact \u00een aceste momente, esen\u021ba ne va sprijini s\u0103 preg\u0103tim un nou mod de g\u00e2ndire. Vom \u00eenv\u0103\u021ba s\u0103 ne &#8222;hr\u0103nim&#8221; propriile g\u00e2nduri cu bun\u0103tate \u0219i prietenie \u0219i vom asista astfel la reac\u021bii sur- prinz\u0103toare ale mediului \u00eenconjur\u0103tor.<\/p>\n<p><strong><em>Efectul Esen\u021bei la Nivel Spiritual: <\/em><\/strong>Aceast\u0103 floare porne\u0219te r\u00e2sul din ad\u00e2ncul fiin\u021be \u0219i ne face s\u0103 ne apropiem mai mult de spiritualitatea noastr\u0103. \u00cempreun\u0103 cu dezvoltarea sentimentelor noastre, cu schimbarea opiniei despre vecinii no\u0219tri \u0219i cu noua noastr\u0103 receptivitate \u0219i eliberare general\u0103, totodat\u0103, vom fi receptivi la con\u0219tiin\u021ba noastr\u0103 spiritual\u0103 cotidian\u0103. Valorile proprii emo\u021bionale se vor \u00eembog\u0103\u021bi \u00een mod considerabil \u0219i vom \u00eenv\u0103\u021ba s\u0103 descoperim \u0219i s\u0103 folosim con\u021binuturile spirituale.<\/p>\n<p><strong><em>Afirma\u021bia: <\/em><\/strong>Z\u00e2mbetul \u00eemi deschide inima \u0219i m\u0103 conecteaz\u0103 cu inimile celorlal\u021bi oameni.<\/p>\n<p>&nbsp;<\/p>\n","protected":false},"excerpt":{"rendered":"<p>(Echium vulgare) Aceast\u0103 plant\u0103 semicircular\u0103 bienal\u0103 poate ajunge p\u00e2n\u0103 la 1 m \u00een\u0103l\u021bime. Unele fire as- cu\u021bite \u0219i groase ies din tulpina sa destul de rigid\u0103. Nenum\u0103ratele flori independente de culoare albastru-violet r\u0103sar dintr-o singur\u0103 tulpin\u0103. Silueta florilor seam\u0103n\u0103 cu un cap de \u0219arpe. Privirea acestei plante rezistente, spinoas\u0103 ofer\u0103 o impresie defensiv\u0103 \u0219i seduc\u0103toare. &hellip; <a href=\"https:\/\/esentevibrationale.com\/?product=common-vipers-bugloss-iarba-sarpelui\" class=\"more-link\">Continu\u0103 lectura <span class=\"screen-reader-text\">Common Viper\u2019s Bugloss \/ Iarba \u015earpelui<\/span> <span class=\"meta-nav\">&rarr;<\/span><\/a><\/p>\n","protected":false},"featured_media":1491,"template":"","meta":[],"product_brand":[],"product_cat":[44],"product_tag":[],"class_list":{"0":"post-1488","1":"product","2":"type-product","3":"status-publish","4":"has-post-thumbnail","6":"product_cat-esente-de-flori-din-africa-si-insulele-canare","7":"pa_size-15ml","8":"pa_size-30ml","10":"first","11":"instock","12":"shipping-taxable","13":"purchasable","14":"product-type-variable","15":"has-default-attributes"},"_links":{"self":[{"href":"https:\/\/esentevibrationale.com\/index.php?rest_route=\/wp\/v2\/product\/1488","targetHints":{"allow":["GET"]}}],"collection":[{"href":"https:\/\/esentevibrationale.com\/index.php?rest_route=\/wp\/v2\/product"}],"about":[{"href":"https:\/\/esentevibrationale.com\/index.php?rest_route=\/wp\/v2\/types\/product"}],"wp:featuredmedia":[{"embeddable":true,"href":"https:\/\/esentevibrationale.com\/index.php?rest_route=\/wp\/v2\/media\/1491"}],"wp:attachment":[{"href":"https:\/\/esentevibrationale.com\/index.php?rest_route=%2Fwp%2Fv2%2Fmedia&parent=1488"}],"wp:term":[{"taxonomy":"product_brand","embeddable":true,"href":"https:\/\/esentevibrationale.com\/index.php?rest_route=%2Fwp%2Fv2%2Fproduct_brand&post=1488"},{"taxonomy":"product_cat","embeddable":true,"href":"https:\/\/esentevibrationale.com\/index.php?rest_route=%2Fwp%2Fv2%2Fproduct_cat&post=1488"},{"taxonomy":"product_tag","embeddable":true,"href":"https:\/\/esentevibrationale.com\/index.php?rest_route=%2Fwp%2Fv2%2Fproduct_tag&post=1488"}],"curies":[{"name":"wp","href":"https:\/\/api.w.org\/{rel}","templated":true}]}}