{"id":1492,"date":"2018-11-14T08:52:03","date_gmt":"2018-11-14T07:52:03","guid":{"rendered":"https:\/\/phiessences.com\/Romania\/?post_type=product&#038;p=1492"},"modified":"2025-01-15T11:39:23","modified_gmt":"2025-01-15T09:39:23","slug":"bird-of-paradise-pararea-de-paradis","status":"publish","type":"product","link":"https:\/\/esentevibrationale.com\/?product=bird-of-paradise-pararea-de-paradis","title":{"rendered":"Bird of Paradise \/ Pas\u0103rea de Paradis"},"content":{"rendered":"<p><strong>(Strelitzia aurelian<\/strong>)<\/p>\n<p><em>Casa acestei splendide \u0219i exotice plante este \u00a0Peninsula Cape (Province Cape, Africa de Sud). Poate ajunge la 1,5 m \u00een\u0103l\u021bime, nu are tulpin\u0103 deasupra solului \u0219i apar\u021bine familiei bananelor. Florile sale spectaculoase arat\u0103 ca o pas\u0103re cu aripile \u00eentinse \u0219i poate dura s\u0103pt\u0103m\u00e2ni, deoarece fiecare p\u0103staie con\u021bine trei flori diferite, care se deschid consecutiv. Florile au nectar abundent din care beau p\u0103s\u0103rile.<\/em><\/p>\n<p><strong><em>Efectul Esen\u021bei: <\/em><\/strong>Esen\u021ba sa ne ajut\u0103 s\u0103 ne g\u0103sim frumuse\u021bea interioar\u0103 \u0219i s\u0103 fim con\u0219tien\u021bi de relativitatea aspectelor exterioare. \u00cenv\u0103\u021b\u0103m s\u0103 ne accept\u0103m exact a\u0219a cum suntem \u0219i s\u0103 ne urm\u0103rim obiectivele.<\/p>\n<p><strong><em>Efectul Esen\u021bei la Nivel Fizic: <\/em><\/strong>Aceast\u0103 esen\u021b\u0103 ne ofer\u0103 darurile sale, atunci c\u00e2nd exist\u0103 tulbur\u0103ri fizice \u0219i episoade de nemul\u021bumire \u0219i dispre\u021b fa\u021b\u0103 de sine, care sunt cauza disfunc\u021bionalit\u0103\u021bilor fizice. Principala ac\u021biune a esen\u021be este de a ne sprijini s\u0103 ne accept\u0103m pe noi \u00een\u0219ine ca un \u00eentreg \u0219i astfel, define\u0219te o baz\u0103 interioar\u0103 s\u0103n\u0103toas\u0103 suficient\u0103, care s\u0103 duc\u0103 la schimb\u0103ri majore.<\/p>\n<p><strong><em>Efectul Esen\u021bei la Nivel Emo\u021bional: <\/em><\/strong>Esen\u021ba ne ajut\u0103 s\u0103 ne identific\u0103m \u0219i s\u0103 ne dep\u0103\u0219im sentimentele intense \u0219i for\u021bele distructive ale dispre\u021bului fa\u021b\u0103 de sine. Vom \u00eencepe s\u0103 radiem lumin\u0103 din interiorul nostru \u0219i vedem c\u0103 asta are un efect surprinz\u0103tor asupra mediului nostru. Un corp neatractiv nu va mai fi considerat astfel, deoarece vibra\u021bia persoanei va compensa lipsa frumuse\u021bii. Mai mult de at\u00e2t, poate avea loc o transformare real\u0103 exterioar\u0103 \u00eentr-adev\u0103r, \u00eentruc\u00e2t exist\u0103 o con\u0219tiin\u021b\u0103 de sine a iubirii de sine \u0219i frumuse\u021bii: tr\u0103s\u0103turile sunt mai relaxate, str\u0103lucim din nou \u0219i ne este mai u\u0219or s\u0103 devenim supli.<\/p>\n<p><strong><em>Efectul Esen\u021bei la Nivel Mental: <\/em><\/strong>Aceast\u0103 esen\u021b\u0103 reafirm\u0103 energia noastr\u0103 mental\u0103 \u00een timp ce ne ofer\u0103 un nou sentiment de direc\u021bie spre obiectivele noastre. Cei care nu pot s\u0103 \u00ee\u0219i asume responsabilitatea deciziilor lor, care nu cred \u00een ei \u00een\u0219i\u0219i, care se \u00eendoiesc de orice sau nu au curaj, adesea au tendin\u021ba de a fi atra\u0219i de esen\u021ba Florii Pas\u0103rea Paradis. Esen\u021ba ne ajut\u0103 s\u0103 dep\u0103\u0219im aceste probleme \u0219i s\u0103 ne reafirm\u0103m ghidarea spiritual\u0103, precum \u0219i dorin\u021ba de a ne atinge obiectivele.<\/p>\n<p><strong><em>Efectul Esen\u021bei la Nivel Spiritual: <\/em><\/strong>Esen\u021ba ne sprijin\u0103, de exemplu: s\u0103 avem o viziune clar\u0103 \u00een timpul medita\u021biei, care ne-ar putea arata calea c\u0103tre obiectivele noastre. Prin &#8222;receptivitatea spiritual\u0103&#8221;, vom observa cum creativitatea noastr\u0103 se dezvolt\u0103 \u0219i vom avea curajul de a urma c\u0103i neobi\u0219nuite.<\/p>\n<p><strong><em>Afirma\u021bia: <\/em><\/strong>\u00cemi tr\u0103iesc con\u0219tient\/con\u0219tient\u0103 frumuse\u021bea interioar\u0103 \u0219i o las s\u0103 curg\u0103.<\/p>\n","protected":false},"excerpt":{"rendered":"<p>(Strelitzia aurelian) Casa acestei splendide \u0219i exotice plante este \u00a0Peninsula Cape (Province Cape, Africa de Sud). Poate ajunge la 1,5 m \u00een\u0103l\u021bime, nu are tulpin\u0103 deasupra solului \u0219i apar\u021bine familiei bananelor. Florile sale spectaculoase arat\u0103 ca o pas\u0103re cu aripile \u00eentinse \u0219i poate dura s\u0103pt\u0103m\u00e2ni, deoarece fiecare p\u0103staie con\u021bine trei flori diferite, care se deschid &hellip; <a href=\"https:\/\/esentevibrationale.com\/?product=bird-of-paradise-pararea-de-paradis\" class=\"more-link\">Continu\u0103 lectura <span class=\"screen-reader-text\">Bird of Paradise \/ Pas\u0103rea de Paradis<\/span> <span class=\"meta-nav\">&rarr;<\/span><\/a><\/p>\n","protected":false},"featured_media":13134,"template":"","meta":[],"product_brand":[],"product_cat":[44],"product_tag":[],"class_list":{"0":"post-1492","1":"product","2":"type-product","3":"status-publish","4":"has-post-thumbnail","6":"product_cat-esente-de-flori-din-africa-si-insulele-canare","7":"pa_size-15ml","8":"pa_size-30ml","10":"first","11":"instock","12":"shipping-taxable","13":"purchasable","14":"product-type-variable","15":"has-default-attributes"},"_links":{"self":[{"href":"https:\/\/esentevibrationale.com\/index.php?rest_route=\/wp\/v2\/product\/1492","targetHints":{"allow":["GET"]}}],"collection":[{"href":"https:\/\/esentevibrationale.com\/index.php?rest_route=\/wp\/v2\/product"}],"about":[{"href":"https:\/\/esentevibrationale.com\/index.php?rest_route=\/wp\/v2\/types\/product"}],"wp:featuredmedia":[{"embeddable":true,"href":"https:\/\/esentevibrationale.com\/index.php?rest_route=\/wp\/v2\/media\/13134"}],"wp:attachment":[{"href":"https:\/\/esentevibrationale.com\/index.php?rest_route=%2Fwp%2Fv2%2Fmedia&parent=1492"}],"wp:term":[{"taxonomy":"product_brand","embeddable":true,"href":"https:\/\/esentevibrationale.com\/index.php?rest_route=%2Fwp%2Fv2%2Fproduct_brand&post=1492"},{"taxonomy":"product_cat","embeddable":true,"href":"https:\/\/esentevibrationale.com\/index.php?rest_route=%2Fwp%2Fv2%2Fproduct_cat&post=1492"},{"taxonomy":"product_tag","embeddable":true,"href":"https:\/\/esentevibrationale.com\/index.php?rest_route=%2Fwp%2Fv2%2Fproduct_tag&post=1492"}],"curies":[{"name":"wp","href":"https:\/\/api.w.org\/{rel}","templated":true}]}}