{"id":1496,"date":"2018-11-14T08:57:28","date_gmt":"2018-11-14T07:57:28","guid":{"rendered":"https:\/\/phiessences.com\/Romania\/?post_type=product&#038;p=1496"},"modified":"2024-01-06T18:06:07","modified_gmt":"2024-01-06T16:06:07","slug":"petticoat-daffodil-narcisa","status":"publish","type":"product","link":"https:\/\/esentevibrationale.com\/?product=petticoat-daffodil-narcisa","title":{"rendered":"Petticoat Daffodil \/ Narcis\u0103"},"content":{"rendered":"<p><strong><em>(Narcissus tazetta)<\/em> <\/strong><\/p>\n<p><em>Tulpinile sale de 12 &#8211; 18 cm lungime, cu o corol\u0103 de culoare crem, cresc din mijlocul frunzelor verzi-alb\u0103strui. Astfel, tulpinile sunt decorate \u00een v\u00e2rf de o floare cu coroan\u0103 crem central\u0103. Centrul florii ne va seduce, culorile sale vernale care variaz\u0103 de la nuan\u021be de portocaliu la galben. Pe de alt\u0103 parte, aceast\u0103 plant\u0103 este una din primele parfumuri din gr\u0103din\u0103, atunci c\u00e2nd vine prim\u0103vara. \u00cen Doctrina Chakrelor, corespunde Plexului Solar (Chakra a-3-a).<\/em><\/p>\n<p><strong><em>Efectul Esen\u021bei: <\/em><\/strong>Aceast\u0103 esen\u021b\u0103 este foarte util\u0103 \u00een momentele \u00een care ne sim\u021bim \u00eenconjura\u021bi de un \u00eentuneric mare. Ne ajut\u0103 s\u0103 vedem lumini\u021ba de la cap\u0103tul tunelului \u0219i \u00een acela\u0219i timp, transmite optimism \u0219i bucuria de a tr\u0103i.<\/p>\n<p><strong><em>Efectul Esen\u021bei la Nivel Fizic: <\/em><\/strong>Esen\u021ba poate fi administrat\u0103 cu scopul de a armoniza din punct de vedere energetic dup\u0103 un abuz sexual \u0219i viol at\u00e2t adul\u021bilor c\u00e2t \u0219i copiilor. De asemenea, la nivel energetic, stimuleaz\u0103 dispari\u021bia emo\u021biilor negative.<\/p>\n<p><strong><em>Efectul Esen\u021bei la Nivel Emo\u021bional: <\/em><\/strong>\u00cen vremuri de durere profund\u0103, lips\u0103 de speran\u021b\u0103, \u0219i risc de sinucidere, esen\u021ba ne poate ajuta s\u0103 vedem lumina vie\u021bii \u0219i s\u0103 ne \u00eendrept\u0103m spre aceasta. Totodat\u0103, esen\u021ba este folositoare oamenilor, care nu pot radia bucuria \u0219i care par posomor\u00e2\u021bi, pentru a se deschide spre via\u021b\u0103 \u0219i bucurie. Contribuie la \u00eencheierii erei glaciare din inim\u0103 \u0219i suflet \u0219i deschide u\u0219a prim\u0103verii.<\/p>\n<p><strong><em>Efectul Esen\u021bei la Nivel Mental: <\/em><\/strong>Esen\u021ba Narcisei ne poate oferi un spirit proasp\u0103t atunci c\u00e2nd g\u00e2ndirea noastr\u0103 este pesimist\u0103, dificil\u0103 \u0219i laborioas\u0103. Putem elibera &#8222;amor\u021bi- rea&#8221; puterii de g\u00e2ndire, negativitatea \u0219i dezn\u0103dejdea noastr\u0103 \u0219i putem crea o cale liber\u0103 pentru idei noi.<\/p>\n<p><strong><em>Efectul Esen\u021bei la Nivel Spiritual: <\/em><\/strong>Majoritatea persoanele care au r\u0103mas \u00een \u00eentuneric fizic, mental \u0219i \/ sau emo\u021bional pentru o lung\u0103 perioad\u0103 de timp, au canalul spiritual blocat. \u00cen aceste cazuri, esen\u021ba ne ajut\u0103 s\u0103 ne deschidem c\u0103tre experien\u021bele spirituale \u0219i astfel, c\u0103tre energie \u0219i for\u021ba superioar\u0103 \u0219i s\u0103 le transfer\u0103m \u00een via\u021ba cotidian\u0103.<\/p>\n<p><strong><em>Afirma\u021bia: <\/em><\/strong>M\u0103 bucur de soarele meu interior \u0219i simt cum se lumineaz\u0103 tot \u00eentunericul din mine \u00eentr-un mod benefic \u0219i vindec\u0103tor.<\/p>\n","protected":false},"excerpt":{"rendered":"<p>(Narcissus tazetta) Tulpinile sale de 12 &#8211; 18 cm lungime, cu o corol\u0103 de culoare crem, cresc din mijlocul frunzelor verzi-alb\u0103strui. Astfel, tulpinile sunt decorate \u00een v\u00e2rf de o floare cu coroan\u0103 crem central\u0103. Centrul florii ne va seduce, culorile sale vernale care variaz\u0103 de la nuan\u021be de portocaliu la galben. Pe de alt\u0103 parte, &hellip; <a href=\"https:\/\/esentevibrationale.com\/?product=petticoat-daffodil-narcisa\" class=\"more-link\">Continu\u0103 lectura <span class=\"screen-reader-text\">Petticoat Daffodil \/ Narcis\u0103<\/span> <span class=\"meta-nav\">&rarr;<\/span><\/a><\/p>\n","protected":false},"featured_media":1499,"template":"","meta":[],"product_brand":[],"product_cat":[44],"product_tag":[],"class_list":{"0":"post-1496","1":"product","2":"type-product","3":"status-publish","4":"has-post-thumbnail","6":"product_cat-esente-de-flori-din-africa-si-insulele-canare","7":"pa_size-15ml","8":"pa_size-30ml","10":"first","11":"instock","12":"shipping-taxable","13":"purchasable","14":"product-type-variable","15":"has-default-attributes"},"_links":{"self":[{"href":"https:\/\/esentevibrationale.com\/index.php?rest_route=\/wp\/v2\/product\/1496","targetHints":{"allow":["GET"]}}],"collection":[{"href":"https:\/\/esentevibrationale.com\/index.php?rest_route=\/wp\/v2\/product"}],"about":[{"href":"https:\/\/esentevibrationale.com\/index.php?rest_route=\/wp\/v2\/types\/product"}],"wp:featuredmedia":[{"embeddable":true,"href":"https:\/\/esentevibrationale.com\/index.php?rest_route=\/wp\/v2\/media\/1499"}],"wp:attachment":[{"href":"https:\/\/esentevibrationale.com\/index.php?rest_route=%2Fwp%2Fv2%2Fmedia&parent=1496"}],"wp:term":[{"taxonomy":"product_brand","embeddable":true,"href":"https:\/\/esentevibrationale.com\/index.php?rest_route=%2Fwp%2Fv2%2Fproduct_brand&post=1496"},{"taxonomy":"product_cat","embeddable":true,"href":"https:\/\/esentevibrationale.com\/index.php?rest_route=%2Fwp%2Fv2%2Fproduct_cat&post=1496"},{"taxonomy":"product_tag","embeddable":true,"href":"https:\/\/esentevibrationale.com\/index.php?rest_route=%2Fwp%2Fv2%2Fproduct_tag&post=1496"}],"curies":[{"name":"wp","href":"https:\/\/api.w.org\/{rel}","templated":true}]}}