{"id":1500,"date":"2018-11-14T09:07:14","date_gmt":"2018-11-14T08:07:14","guid":{"rendered":"https:\/\/phiessences.com\/Romania\/?post_type=product&#038;p=1500"},"modified":"2024-01-06T18:06:40","modified_gmt":"2024-01-06T16:06:40","slug":"chinese-hibiscus-hibiscus","status":"publish","type":"product","link":"https:\/\/esentevibrationale.com\/?product=chinese-hibiscus-hibiscus","title":{"rendered":"Chinese Hibiscus \/ Hibiscus"},"content":{"rendered":"<p><strong><em>(Hibiscus ros-sinensis)<\/em> <\/strong><\/p>\n<p><em>\u00cen zilele noastre acest tufi\u0219 ornamental poate fi g\u0103sit \u00een fiecare \u021bar\u0103. Poate ajunge p\u00e2n\u0103 la 5 m \u00een\u0103l\u021bime \u0219i are o floare ro\u0219ie str\u0103lucitoare (dar \u00eel g\u0103sim av\u00e2nd \u0219i alte nuan\u021be). \u00cenflore\u0219te ca o cup\u0103 expun\u00e2ndu-\u0219i pistilul galben la lumina soarelui. De\u0219i, florile tr\u0103iesc doar o zi, ele apar constant, astfel \u00eenc\u00e2t acest arbust s\u0103 aib\u0103 o prezen\u021b\u0103 deosebit\u0103 pe tot parcursul anului.<\/em><\/p>\n<p><strong><em>Efectul Esen\u021bei: <\/em><\/strong>Esen\u021ba Trandafirului Chinezesc ne permite s\u0103 ne ar\u0103t\u0103m partea tandr\u0103 \u0219i sentimentele noastre profunde. Ne ajut\u0103 s\u0103 integr\u0103m jum\u0103tatea noastr\u0103 Yin \u0219i s\u0103 o percepem ca pe o energie \u00eembog\u0103\u021bitoare.<\/p>\n<p><strong><em>Efectul Esen\u021bei la Nivel Fizic: <\/em><\/strong>\u00cen special, esen\u021ba este folositoare femeilor pentru a-\u0219i accepta partea lor feminin\u0103 \u0219i s\u0103 pun\u0103 cap\u0103t oric\u0103rei tulbur\u0103ri corporale cauzat\u0103 de opri- marea feminit\u0103\u021bii sau ne observarea sa. Ar putea fi frigiditate sau dorin\u021ba nesatisf\u0103cut\u0103 de a avea copii.<\/p>\n<p><strong><em>Efectul Esen\u021bei la Nivel Emo\u021bional: <\/em><\/strong>Esen\u021ba aceasta ne permite s\u0103 ne accept\u0103m \u0219i s\u0103 ne demonstr\u0103m sentimentele. Astfel, ne va ajuta s\u0103 ne tr\u0103im feminitatea, s\u0103 ne sim\u021bim atractive \u0219i s\u0103 transform\u0103m energia feminin\u0103 \u00een creativitate. Femeile care au rela\u021bii nesatisf\u0103c\u0103toare adesea se simt atrase de aceast\u0103 esen\u021b\u0103. Le poate ajuta s\u0103 \u00ee\u0219i recapete stima de sine \u0219i s\u0103 se simt\u0103 dorite. Astfel, esen\u021ba stimuleaz\u0103 umorul \u0219i cordialitatea.<\/p>\n<p><strong><em>Efectul<\/em><\/strong> <strong><em>Esen\u021bei<\/em><\/strong> <strong><em>la<\/em><\/strong> <strong><em>Nivel<\/em><\/strong> <strong><em>Mental: <\/em><\/strong>Cu aceast\u0103 esen\u021b\u0103 putem s\u0103 cre\u0103m \u00een noi o lume nou\u0103 a g\u00e2ndurilor, modelat\u0103 de experien\u021ba feminin\u0103 \u0219i energia creativ\u0103. Creativitatea care p\u00e2n\u0103 acum era latent\u0103 \u00een interiorul nostru, va fi trezit\u0103 \u0219i va fi pus\u0103 \u00een mi\u0219care de aceast\u0103 esen\u021b\u0103<\/p>\n<p><strong><em>Efectul Esen\u021bei la Nivel Spiritual: <\/em><\/strong>Stabilind o rela\u021bie cu feminitatea noastr\u0103, ne vom putea ar\u0103ta sentimentele \u00een timp ce l\u0103s\u0103m experien\u021bele spirituale \u0219i cunoa\u0219terea s\u0103 p\u0103trund\u0103 \u00een vie\u021bile noastre. Esen\u021ba favorizeaz\u0103 accesul la intui\u021bia noastr\u0103 \u0219i ne permite s\u0103 ac\u021bion\u0103m consecvent.<\/p>\n<p><strong><em>Afirma\u021bia: <\/em><\/strong>M\u0103 bucur de feminitatea \u0219i sexualitatea mea \u0219i de ideile mele creative.<\/p>\n","protected":false},"excerpt":{"rendered":"<p>(Hibiscus ros-sinensis) \u00cen zilele noastre acest tufi\u0219 ornamental poate fi g\u0103sit \u00een fiecare \u021bar\u0103. Poate ajunge p\u00e2n\u0103 la 5 m \u00een\u0103l\u021bime \u0219i are o floare ro\u0219ie str\u0103lucitoare (dar \u00eel g\u0103sim av\u00e2nd \u0219i alte nuan\u021be). \u00cenflore\u0219te ca o cup\u0103 expun\u00e2ndu-\u0219i pistilul galben la lumina soarelui. De\u0219i, florile tr\u0103iesc doar o zi, ele apar constant, astfel \u00eenc\u00e2t &hellip; <a href=\"https:\/\/esentevibrationale.com\/?product=chinese-hibiscus-hibiscus\" class=\"more-link\">Continu\u0103 lectura <span class=\"screen-reader-text\">Chinese Hibiscus \/ Hibiscus<\/span> <span class=\"meta-nav\">&rarr;<\/span><\/a><\/p>\n","protected":false},"featured_media":1504,"template":"","meta":[],"product_brand":[],"product_cat":[44],"product_tag":[],"class_list":{"0":"post-1500","1":"product","2":"type-product","3":"status-publish","4":"has-post-thumbnail","6":"product_cat-esente-de-flori-din-africa-si-insulele-canare","7":"pa_size-15ml","8":"pa_size-30ml","10":"first","11":"instock","12":"shipping-taxable","13":"purchasable","14":"product-type-variable","15":"has-default-attributes"},"_links":{"self":[{"href":"https:\/\/esentevibrationale.com\/index.php?rest_route=\/wp\/v2\/product\/1500","targetHints":{"allow":["GET"]}}],"collection":[{"href":"https:\/\/esentevibrationale.com\/index.php?rest_route=\/wp\/v2\/product"}],"about":[{"href":"https:\/\/esentevibrationale.com\/index.php?rest_route=\/wp\/v2\/types\/product"}],"wp:featuredmedia":[{"embeddable":true,"href":"https:\/\/esentevibrationale.com\/index.php?rest_route=\/wp\/v2\/media\/1504"}],"wp:attachment":[{"href":"https:\/\/esentevibrationale.com\/index.php?rest_route=%2Fwp%2Fv2%2Fmedia&parent=1500"}],"wp:term":[{"taxonomy":"product_brand","embeddable":true,"href":"https:\/\/esentevibrationale.com\/index.php?rest_route=%2Fwp%2Fv2%2Fproduct_brand&post=1500"},{"taxonomy":"product_cat","embeddable":true,"href":"https:\/\/esentevibrationale.com\/index.php?rest_route=%2Fwp%2Fv2%2Fproduct_cat&post=1500"},{"taxonomy":"product_tag","embeddable":true,"href":"https:\/\/esentevibrationale.com\/index.php?rest_route=%2Fwp%2Fv2%2Fproduct_tag&post=1500"}],"curies":[{"name":"wp","href":"https:\/\/api.w.org\/{rel}","templated":true}]}}