{"id":1505,"date":"2018-11-14T09:15:07","date_gmt":"2018-11-14T08:15:07","guid":{"rendered":"https:\/\/phiessences.com\/Romania\/?post_type=product&#038;p=1505"},"modified":"2024-01-06T18:08:44","modified_gmt":"2024-01-06T16:08:44","slug":"vipers-bulges-eschium","status":"publish","type":"product","link":"https:\/\/esentevibrationale.com\/?product=vipers-bulges-eschium","title":{"rendered":"Viper&#8217;s Bulges \/ Eschium"},"content":{"rendered":"<p><strong><em>(Echium wildpreti)<\/em> <\/strong><\/p>\n<p><em>Tajinaste Ro\u0219ie cre\u0219te pe lava \u00eent\u0103rit\u0103 sau \u00een zone pietroase \u0219i uscate. Dup\u0103 c\u00e2\u021biva ani r\u0103sare din acest tufi\u0219 o tulpin\u0103 de 2 &#8211; 3 m \u00een\u0103l\u021bime, acoperit\u0103 de flori mici. Florile \u00een form\u0103 de clopot au \u00eentre 9 &#8211; 12 mm. Nuan\u021ba delicat\u0103 a florilor alb-alb\u0103strui iese \u00een eviden\u021b\u0103 din mediul lor st\u00e2ncos. Aceast\u0103 plant\u0103 moare o data ce floarea \u0219i \u00eendeplinit sarcina vie\u021bii (s\u0103 \u00eenfloreasc\u0103). \u00cen Doctrina Chakrelor este atribuit\u0103 Primei Chakre.<\/em><\/p>\n<p><strong><em>Efectul Esen\u021bei: <\/em><\/strong>Esen\u021ba de Tajinaste Ro\u0219ie ne ajut\u0103 s\u0103 ne rupem de tot, \u00een timp ce ne ofer\u0103 for\u021ba necesar\u0103 s\u0103 dep\u0103\u0219im situa\u021biile dificile.<\/p>\n<p><strong><em>Efectul Esen\u021bei la Nivel Fizic: <\/em><\/strong>La nivel energetic aceast\u0103 esen\u021b\u0103 ne poate ajuta \u00een cazul tulbur\u0103rilor convulsive diferite. \u00cen special, problemele care apar din cauza temerilor g\u0103sesc sprijin energetic \u00een esen\u021ba de Tajinaste Ro\u0219ie.<\/p>\n<p><strong><em>Efectul Esen\u021bei la Nivel Emo\u021bional: <\/em><\/strong>Cei care renun\u021b\u0103 u\u0219or, cei care nu au \u00eencredere \u00een ei \u00een\u0219i\u0219i, cei care ezit\u0103 adesea \u00een privin\u021ba lor, au tendin\u021ba de a fi atrase de aceast\u0103 esen\u021b\u0103. \u00cei ajut\u0103 s\u0103 scape de sentimentele de sup\u0103rare \u0219i s\u0103 \u00ee\u0219i urm\u0103reasc\u0103 obiectivele cu abilitatea de a reu\u0219i.<\/p>\n<p><strong><em>Efectul Esen\u021bei la Nivel Mental: <\/em><\/strong>Esen\u021ba de Tajinaste Ro\u0219ie ne ajut\u0103 s\u0103 dep\u0103\u0219im problemele de concentrare \u0219i \u00eenv\u0103\u021bare. Ne va ajuta s\u0103 dep\u0103\u0219im situa\u021biile restrictive din punct de vedere mental \u0219i s\u0103 dizolve restric\u021biile auto- impuse. Persoanele care se opresc pe ele \u00eensele spun\u00e2nd &#8222;Nu voi reu\u0219i&#8221; sau &#8222;Nu pot s\u0103 o fac&#8221; vor sim\u021bi un imbold puternic cu aceast\u0103 esen\u021b\u0103.<\/p>\n<p><strong><em>Efectul Esen\u021bei la Nivel Spiritual: <\/em><\/strong>Esen\u021ba \u00eembun\u0103t\u0103\u021be\u0219te energia Kundalini, care va cre\u0219te \u00een noi, adic\u0103 ne permite s\u0103 percepem \u0219i s\u0103 ne dezvolt\u0103m energia noastr\u0103 \u0219i vitalitatea. Ne va ajuta s\u0103 ne adapt\u0103m schimb\u0103rilor complete ale vie\u021bii \u0219i s\u0103 ne deschidem con\u0219tiin\u021ba pentru descoperire.<\/p>\n<p><strong><em>Afirma\u021bia: <\/em><\/strong>Simt puterea din mine care \u00eemi permite s\u0103 \u00eemi ating obiectivele.<\/p>\n","protected":false},"excerpt":{"rendered":"<p>(Echium wildpreti) Tajinaste Ro\u0219ie cre\u0219te pe lava \u00eent\u0103rit\u0103 sau \u00een zone pietroase \u0219i uscate. Dup\u0103 c\u00e2\u021biva ani r\u0103sare din acest tufi\u0219 o tulpin\u0103 de 2 &#8211; 3 m \u00een\u0103l\u021bime, acoperit\u0103 de flori mici. Florile \u00een form\u0103 de clopot au \u00eentre 9 &#8211; 12 mm. Nuan\u021ba delicat\u0103 a florilor alb-alb\u0103strui iese \u00een eviden\u021b\u0103 din mediul lor &hellip; <a href=\"https:\/\/esentevibrationale.com\/?product=vipers-bulges-eschium\" class=\"more-link\">Continu\u0103 lectura <span class=\"screen-reader-text\">Viper&#8217;s Bulges \/ Eschium<\/span> <span class=\"meta-nav\">&rarr;<\/span><\/a><\/p>\n","protected":false},"featured_media":1508,"template":"","meta":[],"product_brand":[],"product_cat":[44],"product_tag":[],"class_list":{"0":"post-1505","1":"product","2":"type-product","3":"status-publish","4":"has-post-thumbnail","6":"product_cat-esente-de-flori-din-africa-si-insulele-canare","7":"pa_size-15ml","8":"pa_size-30ml","10":"first","11":"instock","12":"shipping-taxable","13":"purchasable","14":"product-type-variable","15":"has-default-attributes"},"_links":{"self":[{"href":"https:\/\/esentevibrationale.com\/index.php?rest_route=\/wp\/v2\/product\/1505","targetHints":{"allow":["GET"]}}],"collection":[{"href":"https:\/\/esentevibrationale.com\/index.php?rest_route=\/wp\/v2\/product"}],"about":[{"href":"https:\/\/esentevibrationale.com\/index.php?rest_route=\/wp\/v2\/types\/product"}],"wp:featuredmedia":[{"embeddable":true,"href":"https:\/\/esentevibrationale.com\/index.php?rest_route=\/wp\/v2\/media\/1508"}],"wp:attachment":[{"href":"https:\/\/esentevibrationale.com\/index.php?rest_route=%2Fwp%2Fv2%2Fmedia&parent=1505"}],"wp:term":[{"taxonomy":"product_brand","embeddable":true,"href":"https:\/\/esentevibrationale.com\/index.php?rest_route=%2Fwp%2Fv2%2Fproduct_brand&post=1505"},{"taxonomy":"product_cat","embeddable":true,"href":"https:\/\/esentevibrationale.com\/index.php?rest_route=%2Fwp%2Fv2%2Fproduct_cat&post=1505"},{"taxonomy":"product_tag","embeddable":true,"href":"https:\/\/esentevibrationale.com\/index.php?rest_route=%2Fwp%2Fv2%2Fproduct_tag&post=1505"}],"curies":[{"name":"wp","href":"https:\/\/api.w.org\/{rel}","templated":true}]}}