{"id":1509,"date":"2018-11-14T09:23:27","date_gmt":"2018-11-14T08:23:27","guid":{"rendered":"https:\/\/phiessences.com\/Romania\/?post_type=product&#038;p=1509"},"modified":"2024-01-06T18:09:14","modified_gmt":"2024-01-06T16:09:14","slug":"poinsettia-steaua-craciunului","status":"publish","type":"product","link":"https:\/\/esentevibrationale.com\/?product=poinsettia-steaua-craciunului","title":{"rendered":"Poinsettia \/ Steaua Cr\u0103ciunului"},"content":{"rendered":"<p><em><strong>(Euphorbia pulcherrimal)<\/strong><\/em><\/p>\n<p><em>Steaua Cr\u0103ciunului este originar\u0103 din Mexic, unde formeaz\u0103 tufe mari \u00een locuri umede \u0219i umbroase. Mai mult, planta este r\u0103sp\u00e2ndit\u0103 \u0219i la tropice. Frunzele superioare de un ro\u0219u aprins, ofer\u0103 un fundal inflorescen\u021bei, care este format\u0103 din flori mici galbene neatractive. Planta are seva alb\u0103, l\u0103ptoas\u0103 \u0219i coroziv\u0103. Steaua Cr\u0103ciunului este o plant\u0103 ornamental\u0103.<\/em><\/p>\n<p><strong><em>Efectul Esen\u021bei: <\/em><\/strong>Esen\u021ba Stelei Cr\u0103ciunului ne d\u0103 curajul s\u0103 ne exprim\u0103m adev\u0103ratele sentimente \u0219i s\u0103 ne prezent\u0103m exact a\u0219a cum suntem cu adev\u0103rat.<\/p>\n<p><strong><em>Efectul Esen\u021bei la Nivel Fizic: <\/em><\/strong>Esen\u021ba conecteaz\u0103 Chakra Inimii cu Chakra G\u00e2tului \u0219i exercit\u0103 un efect pozitiv \u00een special, tulbur\u0103rilor corporale din aceste zone, de exemplu: c\u00e2nd sentimentele sau situa\u021biile care nu au fost exprimate oprim\u0103 inima \u0219i ar trebui exprimate o singur\u0103 dat\u0103.<\/p>\n<p><strong><em>Efectul Esen\u021bei la Nivel Emo\u021bional: <\/em><\/strong>Aceast\u0103 &#8222;esen\u021b\u0103 a sentimentelor&#8221; ne va ajuta s\u0103 ne aranj\u0103m lumea noastr\u0103 emo\u021bional\u0103. Esen\u021ba atrage persoanele care au dificult\u0103\u021bi \u00een exprimarea propriilor sentimente, de exemplu: tinerii care nu sunt mul\u021bumi\u021bi de ei \u00een\u0219i\u0219i \u00a0sau de mediul lor. Se pot elibera de emo\u021biile negative \u0219i \u00ee\u0219i pot expune problemele de orice fel (de exemplu: probleme conjugale) \u0219i se purific\u0103 pe ei \u00een\u0219i\u0219i.<\/p>\n<p><strong><em>Efectul Esen\u021bei la Nivel Mental: <\/em><\/strong>Deoarece are un efect purificator asupra min\u021bii, esen\u021ba poate fi \u0219i un suport pozitiv mental. Sentimentele, care &#8222;\u00eenf\u0103\u0219oar\u0103 sufletul nostru \u00een \u00eentuneric&#8221; \u0219i paralizeaz\u0103 dezvoltarea noastr\u0103 complet\u0103, vor fi risipite f\u0103c\u00e2nd posibil\u0103 g\u00e2ndirea \u0219i sim\u021birea cu mai mult\u0103 bucurie. Vom avea curajul s\u0103 ne recunoa\u0219tem gre\u0219elile \u0219i dac\u0103 este necesar s\u0103 ne cerem scuze pentru acestea.<\/p>\n<p><strong><em>Efectul Esen\u021bei la Nivel Spiritual: <\/em><\/strong>Dorin\u021ba noastr\u0103 spiritual\u0103 va fi eliberat\u0103 de emo\u021biile &#8222;\u00eentunecate&#8221; \u0219i ne vom putea dezvolta spiritualitatea. Cu aceast\u0103 esen\u021b\u0103 Chakra Inimii se va deschide c\u0103tre sentimente noi pozitive. Cu o inim\u0103 &#8222;deschis\u0103&#8221;, gama noastr\u0103 de experien\u021be spirituale cre\u0219te \u0219i este mai u\u0219or s\u0103 transmitem percep\u021biile noastre altora.<\/p>\n<p><strong><em>Afirma\u021bia: <\/em><\/strong>\u00cemi pot exprima sentimentele clar \u0219i m\u0103 simt liber\/\u0103.<\/p>\n","protected":false},"excerpt":{"rendered":"<p>(Euphorbia pulcherrimal) Steaua Cr\u0103ciunului este originar\u0103 din Mexic, unde formeaz\u0103 tufe mari \u00een locuri umede \u0219i umbroase. Mai mult, planta este r\u0103sp\u00e2ndit\u0103 \u0219i la tropice. Frunzele superioare de un ro\u0219u aprins, ofer\u0103 un fundal inflorescen\u021bei, care este format\u0103 din flori mici galbene neatractive. Planta are seva alb\u0103, l\u0103ptoas\u0103 \u0219i coroziv\u0103. Steaua Cr\u0103ciunului este o plant\u0103 &hellip; <a href=\"https:\/\/esentevibrationale.com\/?product=poinsettia-steaua-craciunului\" class=\"more-link\">Continu\u0103 lectura <span class=\"screen-reader-text\">Poinsettia \/ Steaua Cr\u0103ciunului<\/span> <span class=\"meta-nav\">&rarr;<\/span><\/a><\/p>\n","protected":false},"featured_media":1512,"template":"","meta":[],"product_brand":[],"product_cat":[44],"product_tag":[],"class_list":{"0":"post-1509","1":"product","2":"type-product","3":"status-publish","4":"has-post-thumbnail","6":"product_cat-esente-de-flori-din-africa-si-insulele-canare","7":"pa_size-15ml","8":"pa_size-30ml","10":"first","11":"instock","12":"shipping-taxable","13":"purchasable","14":"product-type-variable","15":"has-default-attributes"},"_links":{"self":[{"href":"https:\/\/esentevibrationale.com\/index.php?rest_route=\/wp\/v2\/product\/1509","targetHints":{"allow":["GET"]}}],"collection":[{"href":"https:\/\/esentevibrationale.com\/index.php?rest_route=\/wp\/v2\/product"}],"about":[{"href":"https:\/\/esentevibrationale.com\/index.php?rest_route=\/wp\/v2\/types\/product"}],"wp:featuredmedia":[{"embeddable":true,"href":"https:\/\/esentevibrationale.com\/index.php?rest_route=\/wp\/v2\/media\/1512"}],"wp:attachment":[{"href":"https:\/\/esentevibrationale.com\/index.php?rest_route=%2Fwp%2Fv2%2Fmedia&parent=1509"}],"wp:term":[{"taxonomy":"product_brand","embeddable":true,"href":"https:\/\/esentevibrationale.com\/index.php?rest_route=%2Fwp%2Fv2%2Fproduct_brand&post=1509"},{"taxonomy":"product_cat","embeddable":true,"href":"https:\/\/esentevibrationale.com\/index.php?rest_route=%2Fwp%2Fv2%2Fproduct_cat&post=1509"},{"taxonomy":"product_tag","embeddable":true,"href":"https:\/\/esentevibrationale.com\/index.php?rest_route=%2Fwp%2Fv2%2Fproduct_tag&post=1509"}],"curies":[{"name":"wp","href":"https:\/\/api.w.org\/{rel}","templated":true}]}}