{"id":1513,"date":"2018-11-14T09:32:21","date_gmt":"2018-11-14T08:32:21","guid":{"rendered":"https:\/\/phiessences.com\/Romania\/?post_type=product&#038;p=1513"},"modified":"2024-01-06T18:11:06","modified_gmt":"2024-01-06T16:11:06","slug":"sun-rose-tranafir-de-stanca","status":"publish","type":"product","link":"https:\/\/esentevibrationale.com\/?product=sun-rose-tranafir-de-stanca","title":{"rendered":"Sun Rose \/ Trandafirul de St\u00e2nc\u0103"},"content":{"rendered":"<p><strong><em>(Cistus albidus)<\/em> <\/strong><\/p>\n<p><em>Trandafirul de St\u00e2nc\u0103 cre\u0219te \u00een nordul Africii \u0219i \u00een bazinul Mediteraneean. Locurile sale preferate sunt p\u0103durile \u0219i solurile calcaroase \u00eensorite, unde poate fi g\u0103sit \u00eenflorit \u00een toat\u0103 exuberan\u021ba sa. Planta este un morman de tulpini groase \u0219i frunze p\u0103roase, av\u00e2nd form\u0103 de ou la cea eliptic\u0103. Acestea \u00eembr\u0103\u021bi\u0219eaz\u0103 par\u021bial tulpina \u0219i sunt netede, pe partea opus\u0103 prezint\u0103 trei nervuri vizibile. Florile de culoarea roz sau ro\u0219u au pe\u021biol de 5 &#8211; 20 mm lungime \u0219i l\u0103\u021bime de 4 &#8211; 6 mm. Corespunde Chakrelor a-4-a \u0219i a-5-a.<\/em><\/p>\n<p><strong><em>Efectul Esen\u021bei: <\/em><\/strong>Esen\u021ba Trandafirului de St\u00e2nc\u0103 consolideaz\u0103 for\u021ba noastr\u0103 \u0219i ne sprijin\u0103 s\u0103 facem parte dintr-un grup cu claritate.<\/p>\n<p><strong><em>Efectul Esen\u021bei la Nivel Fizic: <\/em><\/strong>Aceast\u0103 esen\u021b\u0103 este foarte eficient\u0103 pentru a dep\u0103\u0219i diferite dureri feminine. La nivel energetic stimuleaz\u0103 \u0219i contribuie la stabilitatea Chakrei a-2-a.<\/p>\n<p><strong><em>Efectul Esen\u021bei la Nivel Emo\u021bional: <\/em><\/strong>Esen\u021ba aceasta poate fi administrat\u0103 fiec\u0103rui membru al grupului, atunci c\u00e2nd exist\u0103 un sentiment generalizat r\u0103sp\u00e2ndit \u00een interiorul s\u0103u. Ne ajut\u0103 s\u0103 dep\u0103\u0219im diferite procese dificile din interiorul grupului familial, din domeniul muncii \u0219i din grupul \u00een care ne petrecem timpul liber. \u00cen acest sens, \u00eei ajut\u0103 pe cei implica\u021bi s\u0103 se al\u0103ture grupului \u00eempreun\u0103 cu sentimentele lor, \u00een timp ce \u00ee\u0219i desf\u0103\u0219oar\u0103 individualitatea.<\/p>\n<p><strong><em>Efectul Esen\u021bei la Nivel Mental: <\/em><\/strong>Esen\u021b\u0103 stimuleaz\u0103 abilitatea de a ne exprima clar g\u00e2ndurile despre un subiect \u0219i s\u0103 r\u0103m\u00e2nem loiali ideilor proprii. Din acest motiv ofer\u0103 suport pentru dezvoltarea muncii de echip\u0103. Ne ajut\u0103 s\u0103 \u0219tergem ideea c\u0103 nu suntem dori\u021bi \u0219i ne arat\u0103 c\u0103 propria contribu\u021bie este important\u0103 \u0219i necesar\u0103 grupului.<\/p>\n<p><strong><em>Efectul Esen\u021bei la Nivel Spiritual: <\/em><\/strong>Aceast\u0103 esen\u021b\u0103 atrage persoanele care doresc s\u0103 fie capabile s\u0103 transmit\u0103 experien\u021bele lor, c\u0103tre restul grupului, \u00eens\u0103 nu pot face asta din cauza timidit\u0103\u021bii. Esen\u021ba le \u00eenlesne\u0219te deschiderea de a-\u0219i \u00eemp\u0103rt\u0103\u0219i experien\u021bele \u0219i deopotriv\u0103, s\u0103 fie deschise percep\u021biilor celorlal\u021bi.<\/p>\n<p><strong><em>Afirma\u021bia: <\/em><\/strong>\u00cemi exprim experien\u021bele \u0219i sunt \u00eenc\u0103 unul \u00een cadrul grupului.<\/p>\n","protected":false},"excerpt":{"rendered":"<p><strong>\u00a0<\/strong><\/p>\n<p>&nbsp;<\/p>\n","protected":false},"featured_media":1515,"template":"","meta":[],"product_brand":[],"product_cat":[44],"product_tag":[],"class_list":{"0":"post-1513","1":"product","2":"type-product","3":"status-publish","4":"has-post-thumbnail","6":"product_cat-esente-de-flori-din-africa-si-insulele-canare","7":"pa_size-15ml","8":"pa_size-30ml","10":"first","11":"instock","12":"shipping-taxable","13":"purchasable","14":"product-type-variable","15":"has-default-attributes"},"_links":{"self":[{"href":"https:\/\/esentevibrationale.com\/index.php?rest_route=\/wp\/v2\/product\/1513","targetHints":{"allow":["GET"]}}],"collection":[{"href":"https:\/\/esentevibrationale.com\/index.php?rest_route=\/wp\/v2\/product"}],"about":[{"href":"https:\/\/esentevibrationale.com\/index.php?rest_route=\/wp\/v2\/types\/product"}],"wp:featuredmedia":[{"embeddable":true,"href":"https:\/\/esentevibrationale.com\/index.php?rest_route=\/wp\/v2\/media\/1515"}],"wp:attachment":[{"href":"https:\/\/esentevibrationale.com\/index.php?rest_route=%2Fwp%2Fv2%2Fmedia&parent=1513"}],"wp:term":[{"taxonomy":"product_brand","embeddable":true,"href":"https:\/\/esentevibrationale.com\/index.php?rest_route=%2Fwp%2Fv2%2Fproduct_brand&post=1513"},{"taxonomy":"product_cat","embeddable":true,"href":"https:\/\/esentevibrationale.com\/index.php?rest_route=%2Fwp%2Fv2%2Fproduct_cat&post=1513"},{"taxonomy":"product_tag","embeddable":true,"href":"https:\/\/esentevibrationale.com\/index.php?rest_route=%2Fwp%2Fv2%2Fproduct_tag&post=1513"}],"curies":[{"name":"wp","href":"https:\/\/api.w.org\/{rel}","templated":true}]}}