{"id":1517,"date":"2018-11-14T09:42:10","date_gmt":"2018-11-14T08:42:10","guid":{"rendered":"https:\/\/phiessences.com\/Romania\/?post_type=product&#038;p=1517"},"modified":"2022-10-26T11:21:09","modified_gmt":"2022-10-26T08:21:09","slug":"african-canarian-islands-flower-cards-20-pieces-carduri-cu-flori-din-africa-si-insulele-canare-20-de-bucati","status":"publish","type":"product","link":"https:\/\/esentevibrationale.com\/?product=african-canarian-islands-flower-cards-20-pieces-carduri-cu-flori-din-africa-si-insulele-canare-20-de-bucati","title":{"rendered":"African Canarian Islands Flower Cards 20 Pieces \/ Carduri cu flori din Africa si Insulele Canare 20 de Buc\u0103\u0163i"},"content":{"rendered":"<p>Greutate: 0,15 kg pe buc\u0103ta<\/p>\n","protected":false},"excerpt":{"rendered":"<p>9 cm x 13 cm<\/p>\n","protected":false},"featured_media":1518,"template":"","meta":[],"product_brand":[],"product_cat":[44],"product_tag":[],"class_list":{"0":"post-1517","1":"product","2":"type-product","3":"status-publish","4":"has-post-thumbnail","6":"product_cat-esente-de-flori-din-africa-si-insulele-canare","8":"first","9":"instock","10":"shipping-taxable","11":"purchasable","12":"product-type-simple"},"_links":{"self":[{"href":"https:\/\/esentevibrationale.com\/index.php?rest_route=\/wp\/v2\/product\/1517","targetHints":{"allow":["GET"]}}],"collection":[{"href":"https:\/\/esentevibrationale.com\/index.php?rest_route=\/wp\/v2\/product"}],"about":[{"href":"https:\/\/esentevibrationale.com\/index.php?rest_route=\/wp\/v2\/types\/product"}],"wp:featuredmedia":[{"embeddable":true,"href":"https:\/\/esentevibrationale.com\/index.php?rest_route=\/wp\/v2\/media\/1518"}],"wp:attachment":[{"href":"https:\/\/esentevibrationale.com\/index.php?rest_route=%2Fwp%2Fv2%2Fmedia&parent=1517"}],"wp:term":[{"taxonomy":"product_brand","embeddable":true,"href":"https:\/\/esentevibrationale.com\/index.php?rest_route=%2Fwp%2Fv2%2Fproduct_brand&post=1517"},{"taxonomy":"product_cat","embeddable":true,"href":"https:\/\/esentevibrationale.com\/index.php?rest_route=%2Fwp%2Fv2%2Fproduct_cat&post=1517"},{"taxonomy":"product_tag","embeddable":true,"href":"https:\/\/esentevibrationale.com\/index.php?rest_route=%2Fwp%2Fv2%2Fproduct_tag&post=1517"}],"curies":[{"name":"wp","href":"https:\/\/api.w.org\/{rel}","templated":true}]}}