{"id":1523,"date":"2018-11-14T11:15:01","date_gmt":"2018-11-14T10:15:01","guid":{"rendered":"https:\/\/phiessences.com\/Romania\/?post_type=product&#038;p=1523"},"modified":"2026-01-02T09:35:40","modified_gmt":"2026-01-02T07:35:40","slug":"golden-barrel-cactus-cactusul-butoiul-galben-2","status":"publish","type":"product","link":"https:\/\/esentevibrationale.com\/?product=golden-barrel-cactus-cactusul-butoiul-galben-2","title":{"rendered":"Golden Barrel Cactus \/ Cactusul Butoiul Galben"},"content":{"rendered":"<p><em><strong>(Echinocactus grusoni)<\/strong><\/em><\/p>\n<p><em>Acest cactus impun\u0103tor este unul dintre cei mai c\u0103uta\u021bi din aceast\u0103 familie de plante. Forma sa seam\u0103n\u0103 cu un scaun cu v\u00e2rfuri, motiv pentru care este numit ironic &#8222;scaunul soacrei&#8221;. Spinii s\u0103i sunt puternici \u0219i distructivi amintesc de o barb\u0103, exist\u0103 variante care au spinii albi sau ro\u0219iatici. Florile sale \u00eenfloresc prim\u0103vara consecutiv, \u0219i sunt foarte atractive prin forma de stea \u0219i prin culoarea lor galben intens. Este foarte rezistent, supravie\u021buie\u0219te furtunii \u0219i grindinei, persevereaz\u0103 p\u00e2n\u0103 c\u00e2nd situa\u021bia se \u00eembun\u0103t\u0103\u021be\u0219te.<\/em><\/p>\n<p><strong><em>Efectul Esen\u021bei : <\/em><\/strong>Aceast\u0103 esen\u021b\u0103 ne ajut\u0103 atunci c\u00e2nd suntem expu\u0219i la influen\u021be multiple diferite \u0219i factori perturbatori. Ne ofer\u0103 energia necesar\u0103 pentru a ne reechilibra. Este potrivit\u0103 pentru persoanele care ocup\u0103 func\u021bii de conducere \u0219i au multe contacte exterioare.<\/p>\n<p><strong><em>Efectul Esen\u021bei la Nivel Fizic: <\/em><\/strong>Diverse influen\u021be \u0219i factori perturbatori ne pot dezechilibra \u0219i ne pot face nesiguri \u0219i nervo\u0219i. Nelini\u0219tea interioar\u0103 se poate manifesta \u00een dezechilibre corporale. Aici, esen\u021ba ne poate ajuta s\u0103 ne protej\u0103m \u0219i s\u0103 ne stabiliz\u0103m organismul la nivel energetic.<\/p>\n<p><strong><em>Efectul Esen\u021bei la Nivel Emo\u021bional: <\/em><\/strong>Esen\u021ba ne ajut\u0103 s\u0103 calmeze furtuna emo\u021biilor din interiorul nostru \u0219i la recentrarea noastr\u0103. Primim protec\u021bie energetic\u0103 \u00eempotriva influen\u021belor exterioare \u0219i a\u0219a st\u0103m fermi cu ambele picioare pe podea. De asemenea, vom fi ca st\u00e2nca din \u021b\u0103rmul m\u0103rii \u0219i vom ocupa o func\u021bie de frunte la locul nostru de munc\u0103, vom fi pluta din mijlocul furtunii.<\/p>\n<p><strong><em>Efectul Esen\u021bei la Nivel Mental: <\/em><\/strong>C\u00e2nd suntem expu\u0219i la diver\u0219i factori perturbatori zilnic, de exemplu: un loc de munc\u0103 cu o mul\u021bime de oameni, este adesea dificil s\u0103 fii centrat mental sau \u00een func\u021bie de situa\u021bie, s\u0103 te po\u021bi implica din nou \u00eentr-o rela\u021bie cu o nou\u0103 persoan\u0103. \u00cen aceste cazuri esen\u021ba Cactusului Butoiul Auriu ne ajut\u0103 la construirea protec\u021biei proprii fa\u021b\u0103 de exterior. De asemenea, \u00een acest proces este mai u\u0219or s\u0103 recunoa\u0219tem dac\u0103 exist\u0103 posibile cauze mai profunde, care ne fac sensibili la influen\u021bele exterioare.<\/p>\n<p><strong><em>Efectul Esen\u021bei la Nivel Spiritual: <\/em><\/strong>C\u00e2nd nu ne \u00eempr\u0103\u0219tiem energia \u00een exteriorul nostru, aceasta ne este disponibil\u0103 cu toat\u0103 puterea personal\u0103 pentru spiritualitatea noastr\u0103. Esen\u021ba Cactusului Butoiul Auriu ne sprijin\u0103 oric\u00e2nd este necesar pentru a putea s\u0103 ne delimit\u0103m limitele cu exteriorul \u0219i s\u0103 ne uit\u0103m ad\u00e2nc \u00een cele mai profunde niveluri \u00een interiorul nostru \u0219i s\u0103 ac\u021bion\u0103m din propriul nostru centru.<\/p>\n<p><strong><em>Afirma\u021bia: <\/em><\/strong>Sunt \u00een centrul meu \u0219i stau ferm\/\u0103 cu ambele picioare pe p\u0103m\u00e2nt.<\/p>\n","protected":false},"excerpt":{"rendered":"<p>(Echinocactus grusoni) Acest cactus impun\u0103tor este unul dintre cei mai c\u0103uta\u021bi din aceast\u0103 familie de plante. Forma sa seam\u0103n\u0103 cu un scaun cu v\u00e2rfuri, motiv pentru care este numit ironic &#8222;scaunul soacrei&#8221;. Spinii s\u0103i sunt puternici \u0219i distructivi amintesc de o barb\u0103, exist\u0103 variante care au spinii albi sau ro\u0219iatici. Florile sale \u00eenfloresc prim\u0103vara consecutiv, &hellip; <a href=\"https:\/\/esentevibrationale.com\/?product=golden-barrel-cactus-cactusul-butoiul-galben-2\" class=\"more-link\">Continu\u0103 lectura <span class=\"screen-reader-text\">Golden Barrel Cactus \/ Cactusul Butoiul Galben<\/span> <span class=\"meta-nav\">&rarr;<\/span><\/a><\/p>\n","protected":false},"featured_media":13194,"template":"","meta":[],"product_brand":[],"product_cat":[41],"product_tag":[],"class_list":{"0":"post-1523","1":"product","2":"type-product","3":"status-publish","4":"has-post-thumbnail","6":"product_cat-esente-de-cactus","7":"pa_size-15ml","8":"pa_size-30ml","10":"first","11":"instock","12":"shipping-taxable","13":"purchasable","14":"product-type-variable","15":"has-default-attributes"},"_links":{"self":[{"href":"https:\/\/esentevibrationale.com\/index.php?rest_route=\/wp\/v2\/product\/1523","targetHints":{"allow":["GET"]}}],"collection":[{"href":"https:\/\/esentevibrationale.com\/index.php?rest_route=\/wp\/v2\/product"}],"about":[{"href":"https:\/\/esentevibrationale.com\/index.php?rest_route=\/wp\/v2\/types\/product"}],"wp:featuredmedia":[{"embeddable":true,"href":"https:\/\/esentevibrationale.com\/index.php?rest_route=\/wp\/v2\/media\/13194"}],"wp:attachment":[{"href":"https:\/\/esentevibrationale.com\/index.php?rest_route=%2Fwp%2Fv2%2Fmedia&parent=1523"}],"wp:term":[{"taxonomy":"product_brand","embeddable":true,"href":"https:\/\/esentevibrationale.com\/index.php?rest_route=%2Fwp%2Fv2%2Fproduct_brand&post=1523"},{"taxonomy":"product_cat","embeddable":true,"href":"https:\/\/esentevibrationale.com\/index.php?rest_route=%2Fwp%2Fv2%2Fproduct_cat&post=1523"},{"taxonomy":"product_tag","embeddable":true,"href":"https:\/\/esentevibrationale.com\/index.php?rest_route=%2Fwp%2Fv2%2Fproduct_tag&post=1523"}],"curies":[{"name":"wp","href":"https:\/\/api.w.org\/{rel}","templated":true}]}}