{"id":1528,"date":"2018-11-14T11:25:33","date_gmt":"2018-11-14T10:25:33","guid":{"rendered":"https:\/\/phiessences.com\/Romania\/?post_type=product&#038;p=1528"},"modified":"2025-12-31T11:54:50","modified_gmt":"2025-12-31T09:54:50","slug":"scarlet-pimpernel-scanteiuta","status":"publish","type":"product","link":"https:\/\/esentevibrationale.com\/?product=scarlet-pimpernel-scanteiuta","title":{"rendered":"1.) Scarlet Pimpernel \/ Sc\u00e2nteiu\u0163\u0103"},"content":{"rendered":"<p><strong>(Anagalis arvensis)<\/strong><\/p>\n<p><em>Sc\u00e2nteiu\u021ba poate fi g\u0103sit\u0103 \u00een c\u00e2mpurile cultivate, gr\u0103dini sau podgorii, \u00een plus, \u00een gropile de gunoi \u0219i de\u0219euri. Aceast\u0103 plant\u0103 erbacee str\u0103luce\u0219te \u00een nuan\u021be de ro\u0219u rare ori \u00een albastru \u0219i \u00eenflore\u0219te \u00eentre lunile iunie \u0219i octombrie. Florile sale gra\u021bioase, similare unui ochi, se deschid diminea\u021ba \u00een jurul orei nou\u0103 \u0219i se \u00eenchid iar \u00een jurul orei trei dup\u0103-amiaz\u0103. Se \u00eenchid \u0219i c\u00e2nd cerul \u00eennourat anun\u021b\u0103 ploaia. Sc\u00e2nteiu\u021ba poate atinge \u00eentre 5 &#8211; 30 cm \u00een\u0103l\u021bime \u0219i este o plant\u0103 care cre\u0219te \u00een fiecare an.<\/em><\/p>\n<p><strong><em>Efectul Esen\u021bei: <\/em><\/strong>Esen\u021ba Sc\u00e2nteiu\u021bei (este esen\u021ba vindec\u0103rii) ne ajut\u0103 la implementarea \u0219i aplicarea con\u0219tiin\u021bei spirituale \u00een via\u021ba cotidian\u0103, \u00een timp ce sus\u021bine comportamentul interpersonal.<\/p>\n<p><strong><em>Efectul Esen\u021bei la Nivel Fizic: <\/em><\/strong>Diferitele terapii alternative descriu Sc\u00e2nteiu\u021ba ca fiind o floare cu un efect important, pozitiv asupra s\u0103n\u0103t\u0103\u021bii. Aceast\u0103 vibra\u021bie, care se afl\u0103, de asemenea, \u0219i \u00een c\u00e2mpul energetic al esen\u021bei ofer\u0103 un tonic general \u0219i o stimulare spiritual\u0103 de care, \u00een cele din urm\u0103 beneficiaz\u0103 \u00eentregul organism.<\/p>\n<p><em><strong>Efectul Esen\u021bei la Nivel Emo\u021bional: <\/strong><\/em>Aceast\u0103 esen\u021b\u0103 ne permite s\u0103 descoperim \u0219i s\u0103 transmitem propria c\u0103ldur\u0103 a sentimentelor noastre. Astfel, coexisten\u021ba cu alte persoane poate fi mai complex\u0103 \u0219i sincer\u0103. Persoanele care au tendin\u021ba de a fi reci, cinice \u0219i rezervate pot folosi aceast\u0103 esen\u021ba \u0219i vor observa rezultatele sale excelente. Totodat\u0103, opre\u0219te persoanele s\u0103 se \u00eenchid\u0103 \u00een ele \u00eensele, \u00een timpul diferitelor etape dificile ale vie\u021bii, atunci c\u00e2nd evit\u0103 alte persoane \u0219i se ab\u021bin s\u0103 \u00ee\u0219i arate sentimentele. Esen\u021ba ne permite s\u0103 r\u0103m\u00e2nem deschi\u0219i, s\u0103 exprim\u0103m sentimentele proprii \u0219i s\u0103 ne integr\u0103m mai u\u0219or unui grup.<\/p>\n<p><strong><em>Efectul Esen\u021bei la Nivel Mental: <\/em><\/strong>Cu esen\u021ba putem dizolva programele mentale de reticen\u021b\u0103 mental\u0103 sau modurile \u00eencuiate de g\u00e2ndire (exist\u0103 o singur\u0103 cale). Accept\u0103m sugestii din exterior \u0219i le putem utiliza \u0219i implementa pentru noi. \u00cencrederea noastr\u0103 \u00een sine este intensificat\u0103, astfel ne putem pune \u00een practic\u0103 mai bine planurile mentale.<\/p>\n<p><strong><em>Efectul Esen\u021bei la Nivel Spiritual: <\/em><\/strong>Esen\u021ba ne ajut\u0103 s\u0103 implement\u0103m con\u0219tiin\u021ba noastr\u0103 spiritual\u0103 sau experien\u021bele proprii spirituale \u00een via\u021ba noastr\u0103 cotidian\u0103. Pe m\u0103sur\u0103 ce ne putem recunoa\u0219te mai bine \u0219i ne putem integra \u00een grupuri, schimbul de experien\u021be la nivelul spiritual este, totodat\u0103, facilitat \u0219i \u00eembog\u0103\u021bit.<\/p>\n<p><strong><em>Afirma\u021bia: <\/em><\/strong>Comunic prin c\u0103ldura inimii mele \u0219i realizez asta, atunci c\u00e2nd \u00eemi exprim sentimentele onest \u0219i al\u021bii m\u0103 \u00een\u021beleg mai bine.<\/p>\n","protected":false},"excerpt":{"rendered":"<p>(Anagalis arvensis) Sc\u00e2nteiu\u021ba poate fi g\u0103sit\u0103 \u00een c\u00e2mpurile cultivate, gr\u0103dini sau podgorii, \u00een plus, \u00een gropile de gunoi \u0219i de\u0219euri. Aceast\u0103 plant\u0103 erbacee str\u0103luce\u0219te \u00een nuan\u021be de ro\u0219u rare ori \u00een albastru \u0219i \u00eenflore\u0219te \u00eentre lunile iunie \u0219i octombrie. Florile sale gra\u021bioase, similare unui ochi, se deschid diminea\u021ba \u00een jurul orei nou\u0103 \u0219i se \u00eenchid &hellip; <a href=\"https:\/\/esentevibrationale.com\/?product=scarlet-pimpernel-scanteiuta\" class=\"more-link\">Continu\u0103 lectura <span class=\"screen-reader-text\">1.) Scarlet Pimpernel \/ Sc\u00e2nteiu\u0163\u0103<\/span> <span class=\"meta-nav\">&rarr;<\/span><\/a><\/p>\n","protected":false},"featured_media":13177,"template":"","meta":[],"product_brand":[],"product_cat":[45],"product_tag":[],"class_list":{"0":"post-1528","1":"product","2":"type-product","3":"status-publish","4":"has-post-thumbnail","6":"product_cat-esente-de-flori-salbatice","7":"pa_size-15ml","8":"pa_size-30ml","10":"first","11":"instock","12":"shipping-taxable","13":"purchasable","14":"product-type-variable","15":"has-default-attributes"},"_links":{"self":[{"href":"https:\/\/esentevibrationale.com\/index.php?rest_route=\/wp\/v2\/product\/1528","targetHints":{"allow":["GET"]}}],"collection":[{"href":"https:\/\/esentevibrationale.com\/index.php?rest_route=\/wp\/v2\/product"}],"about":[{"href":"https:\/\/esentevibrationale.com\/index.php?rest_route=\/wp\/v2\/types\/product"}],"wp:featuredmedia":[{"embeddable":true,"href":"https:\/\/esentevibrationale.com\/index.php?rest_route=\/wp\/v2\/media\/13177"}],"wp:attachment":[{"href":"https:\/\/esentevibrationale.com\/index.php?rest_route=%2Fwp%2Fv2%2Fmedia&parent=1528"}],"wp:term":[{"taxonomy":"product_brand","embeddable":true,"href":"https:\/\/esentevibrationale.com\/index.php?rest_route=%2Fwp%2Fv2%2Fproduct_brand&post=1528"},{"taxonomy":"product_cat","embeddable":true,"href":"https:\/\/esentevibrationale.com\/index.php?rest_route=%2Fwp%2Fv2%2Fproduct_cat&post=1528"},{"taxonomy":"product_tag","embeddable":true,"href":"https:\/\/esentevibrationale.com\/index.php?rest_route=%2Fwp%2Fv2%2Fproduct_tag&post=1528"}],"curies":[{"name":"wp","href":"https:\/\/api.w.org\/{rel}","templated":true}]}}