{"id":1532,"date":"2018-11-14T11:29:19","date_gmt":"2018-11-14T10:29:19","guid":{"rendered":"https:\/\/phiessences.com\/Romania\/?post_type=product&#038;p=1532"},"modified":"2025-12-31T12:05:51","modified_gmt":"2025-12-31T10:05:51","slug":"arnica-arnica","status":"publish","type":"product","link":"https:\/\/esentevibrationale.com\/?product=arnica-arnica","title":{"rendered":"2.) Arnica \/ Arnic\u0103"},"content":{"rendered":"<p><strong>(Arnica montana) <\/strong><\/p>\n<p><em>Aceast\u0103 plant\u0103 aromat\u0103 apar\u021bine grupului compus din plantele care tr\u0103iesc \u00een zonele din nordul \u0219i centrul emisferei nordice. Poate fi g\u0103sit\u0103 \u00een zonele muntoase ale Alpilor, \u00een paji\u0219tile ml\u0103\u0219tinoase, \u00een p\u0103duri \u0219i \u00een zonele landurilor. Chiar dac\u0103 devine tot mai rar de g\u0103sit, \u00een timpul verii ne uime\u0219te cu florile sale galbene-aurii pe p\u0103\u0219unile muntoase.<\/em><\/p>\n<p><strong><em>Efectul Esen\u021bei: <\/em><\/strong>Esen\u021ba Arnicii este un remediu de baz\u0103 pentru toate tipurile de leziuni inclusiv senza\u021biile de \u0219oc. Clarific\u0103 calea, a\u0219a ne putem sim\u021bi ca un \u00eentreg.<\/p>\n<p><strong><em>Efectul Esen\u021bei la Nivel Fizic: <\/em><\/strong>Aceast\u0103 esen\u021b\u0103 este o surs\u0103 valoroas\u0103 de energie pentru organism, \u00een toate situa\u021biile de \u0219oc. \u00cen aceea\u0219i maniera \u00een care extractul plantei este utilizat \u00een fitoterapie s\u0103 trateze r\u0103nile externe, la fel, esen\u021ba delicat\u0103 a Arnicii stimuleaz\u0103 procesele de auto-vindecare \u00een planul corpu- lui eteric. Determin\u0103 corpul, mintea \u0219i sufletul s\u0103 se \u00ee\u0219i refac\u0103 echilibrul energetic, dac\u0103 au fost &#8222;separate&#8221; datorit\u0103 unui \u0219oc, anestezii sau unei traume. Totodat\u0103, se aplic\u0103 \u0219i \u00een cazurile de \u0219oc, care a avut loc \u00een urm\u0103 cu s\u0103pt\u0103m\u00e2ni, luni, chiar \u0219i ani. Pic\u0103turile pot fi aplicate pe buze \u00eenainte de a merge la culcare, ca un remediu energetic de prim ajutor, \u00een situa\u021biile de urgen\u021b\u0103, la fel ca un remediul de urgen\u021b\u0103 RQ7.<\/p>\n<p><strong><em>Efectul Esen\u021bei la Nivel Emo\u021bional: <\/em><\/strong>Esen\u021ba este un remediu de baz\u0103 \u00een domeniul psihoterapeutic \u0219i ajut\u0103 la vindecarea r\u0103nilor emo\u021bionale. Ne ajut\u0103 s\u0103 ne refacem echilibrul vital energetic, ne sprijin\u0103 s\u0103 \u00een\u021belegem mai bine r\u0103nile emo\u021bionale \u0219i ne lini\u0219te\u0219te \u0219i ne u\u0219ureaz\u0103 c\u00e2nd suntem sup\u0103ra\u021bi.<\/p>\n<p><strong><em>Efectul Esen\u021bei la Nivel Mental: <\/em><\/strong>Situa\u021biile de urgen\u021b\u0103 \u0219i situa\u021biile \u0219ocante precum \u0219i impacturile ulterioare pot reduce energia noastr\u0103 mental\u0103. Esen\u021ba promoveaz\u0103 integrarea min\u021bii, \u00een timp ce simuleaz\u0103 abilitatea noastr\u0103 de a g\u00e2ndi clar. Prin refacerea energiei vitale, energia mental\u0103 se va re\u00eentoarce \u00een frecven\u021ba sa promov\u00e2nd abilitatea noastr\u0103 de a stimula mental procesul de auto-vindecare.<\/p>\n<p><strong><em>Efectul Esen\u021bei la Nivel Spiritual: <\/em><\/strong>Situa\u021biile dificile men\u021bionate anterior trebuie tratate \u0219i \u00een plan spiritual, aici esen\u021ba Arnicii poate ajuta. De exemplu: ne permite s\u0103 \u00een\u021belegem \u0219i s\u0103 accept\u0103m sensul unei situa\u021bii, unui accident dintr-un plan superior spiritual. \u00cen plus, esen\u021ba va reface uniunea noastr\u0103 cu Sinele Superior \u0219i implicit, intui\u021bia noastr\u0103.<\/p>\n<p><strong><em>Afirma\u021bia: <\/em><\/strong>M\u0103 reg\u0103sesc pe mine \u0219i echilibrul meu. Exist\u0103 o nou\u0103 energie vital\u0103 \u00een mine \u0219i ziua trece plin\u0103 de energie.<\/p>\n","protected":false},"excerpt":{"rendered":"<p>(Arnica montana) Aceast\u0103 plant\u0103 aromat\u0103 apar\u021bine grupului compus din plantele care tr\u0103iesc \u00een zonele din nordul \u0219i centrul emisferei nordice. Poate fi g\u0103sit\u0103 \u00een zonele muntoase ale Alpilor, \u00een paji\u0219tile ml\u0103\u0219tinoase, \u00een p\u0103duri \u0219i \u00een zonele landurilor. Chiar dac\u0103 devine tot mai rar de g\u0103sit, \u00een timpul verii ne uime\u0219te cu florile sale galbene-aurii pe &hellip; <a href=\"https:\/\/esentevibrationale.com\/?product=arnica-arnica\" class=\"more-link\">Continu\u0103 lectura <span class=\"screen-reader-text\">2.) Arnica \/ Arnic\u0103<\/span> <span class=\"meta-nav\">&rarr;<\/span><\/a><\/p>\n","protected":false},"featured_media":13172,"template":"","meta":[],"product_brand":[],"product_cat":[45],"product_tag":[],"class_list":{"0":"post-1532","1":"product","2":"type-product","3":"status-publish","4":"has-post-thumbnail","6":"product_cat-esente-de-flori-salbatice","7":"pa_size-15ml","8":"pa_size-30ml","10":"first","11":"instock","12":"shipping-taxable","13":"purchasable","14":"product-type-variable","15":"has-default-attributes"},"_links":{"self":[{"href":"https:\/\/esentevibrationale.com\/index.php?rest_route=\/wp\/v2\/product\/1532","targetHints":{"allow":["GET"]}}],"collection":[{"href":"https:\/\/esentevibrationale.com\/index.php?rest_route=\/wp\/v2\/product"}],"about":[{"href":"https:\/\/esentevibrationale.com\/index.php?rest_route=\/wp\/v2\/types\/product"}],"wp:featuredmedia":[{"embeddable":true,"href":"https:\/\/esentevibrationale.com\/index.php?rest_route=\/wp\/v2\/media\/13172"}],"wp:attachment":[{"href":"https:\/\/esentevibrationale.com\/index.php?rest_route=%2Fwp%2Fv2%2Fmedia&parent=1532"}],"wp:term":[{"taxonomy":"product_brand","embeddable":true,"href":"https:\/\/esentevibrationale.com\/index.php?rest_route=%2Fwp%2Fv2%2Fproduct_brand&post=1532"},{"taxonomy":"product_cat","embeddable":true,"href":"https:\/\/esentevibrationale.com\/index.php?rest_route=%2Fwp%2Fv2%2Fproduct_cat&post=1532"},{"taxonomy":"product_tag","embeddable":true,"href":"https:\/\/esentevibrationale.com\/index.php?rest_route=%2Fwp%2Fv2%2Fproduct_tag&post=1532"}],"curies":[{"name":"wp","href":"https:\/\/api.w.org\/{rel}","templated":true}]}}