{"id":1536,"date":"2018-11-14T11:32:44","date_gmt":"2018-11-14T10:32:44","guid":{"rendered":"https:\/\/phiessences.com\/Romania\/?post_type=product&#038;p=1536"},"modified":"2025-12-31T12:20:41","modified_gmt":"2025-12-31T10:20:41","slug":"basilikum-busuioc","status":"publish","type":"product","link":"https:\/\/esentevibrationale.com\/?product=basilikum-busuioc","title":{"rendered":"3.) Basilikum \/ Busuioc"},"content":{"rendered":"<p><strong>(Ocynum basilicum) <\/strong><\/p>\n<p><em>Busuiocul este originar din orient (India) \u0219i a fost introdus \u00een Europa ca planta condiment \u00een secolul al XVI lea. Aceast\u0103 plant\u0103 cu parfum aromat poate ajunge p\u00e2n\u0103 la 50 de cm \u00een\u0103l\u021bime \u0219i cre\u0219te \u00een zonele temperate. Datorit\u0103 gustului s\u0103u pl\u0103cut \u0219i intens a devenit un condiment folosit frecvent \u00een buc\u0103t\u0103rie, av\u00e2nd, totodat\u0103 scopuri medicinale. Busuiocul are un stem rezistent \u00eenconjurat de perechi de frunze \u00een form\u0103 de cruce de culoare verde deschis. Florile sale albe sau mov apar doar \u00een timpul verii.<\/em><\/p>\n<p><strong><em>Efectul Esen\u021bei: <\/em><\/strong>Esen\u021ba Busuiocului face o leg\u0103tur\u0103 armonioas\u0103 \u00eentre to\u021bi centri no\u0219tri energetici. Cu aceasta ne putem bucura de toate nivelurile fiin\u021bei noastre \u00een mod egal. Consolideaz\u0103 Prima Chakr\u0103.<\/p>\n<p><strong><em>Efectul Esen\u021bei la Nivel Fizic: <\/em><\/strong>\u00cen plan energetic, esen\u021ba Busuiocului ajut\u0103 digestia \u0219i suprim\u0103 senza\u021bia de a fi s\u0103tul, gazele \u0219i grea\u021ba. Poate fi recomandat\u0103 mamelor care al\u0103pteaz\u0103 pentru stimularea energetic\u0103 a produc\u021biei de lapte.<\/p>\n<p><strong><em>Efectul Esen\u021bei la Nivel Emo\u021bional: <\/em><\/strong>Esen\u021ba Busuiocului stimuleaz\u0103 abilitatea de a elimina conflictele \u00een rela\u021biile interumane \u0219i de a reduce emo\u021biile. Persoanele care au disfunc\u021bii sexuale, sunt atrase de aceast\u0103 esen\u021b\u0103 frecvent. Le ajut\u0103 s\u0103 dep\u0103\u0219easc\u0103 frica de sexualitate \u0219i este indicat\u0103 pentru a crea leg\u0103tura dintre sexualitate \u0219i spiritualitate.<\/p>\n<p><em><strong>Efectul Esen\u021bei la Nivel Mental: <\/strong><\/em>Propriet\u0103\u021bile principale ale acestei esen\u021be sunt schimbarea \u0219i integrarea. Datorit\u0103 acestui motiv, \u00eencurajeaz\u0103 \u00een mod favorabil toate procesele mentale \u0219i ne ajut\u0103 s\u0103 ne preg\u0103tim de schimb\u0103ri, s\u0103 le accept\u0103m cu siguran\u021b\u0103 \u0219i \u00een cele din urm\u0103, s\u0103 urm\u0103m \u00eentr-un mod mai bun schimb\u0103rile respective.<\/p>\n<p><strong><em>Efectul Esen\u021bei la Nivel Spiritual: <\/em><\/strong>Aceast\u0103 esen\u021b\u0103 sus\u021bine via\u021ba spiritual\u0103 a cuplurilor \u0219i poate conduce la o nou\u0103 percep\u021bie despre sexualitate f\u0103r\u0103 leg\u0103turi. \u00cen special, elibereaz\u0103 sentimentele, atunci c\u00e2nd sexualitatea \u0219i spiritualitatea sunt percepute ca dou\u0103 entit\u0103\u021bi separate.<\/p>\n<p><strong><em>Afirma\u021bia: <\/em><\/strong>Unesc necesit\u0103\u021bile mele sexuale cu via\u021ba mea spiritual\u0103 \u0219i tr\u0103iesc \u00een armonie interioar\u0103.<\/p>\n","protected":false},"excerpt":{"rendered":"<p>(Ocynum basilicum) Busuiocul este originar din orient (India) \u0219i a fost introdus \u00een Europa ca planta condiment \u00een secolul al XVI lea. Aceast\u0103 plant\u0103 cu parfum aromat poate ajunge p\u00e2n\u0103 la 50 de cm \u00een\u0103l\u021bime \u0219i cre\u0219te \u00een zonele temperate. Datorit\u0103 gustului s\u0103u pl\u0103cut \u0219i intens a devenit un condiment folosit frecvent \u00een buc\u0103t\u0103rie, av\u00e2nd, &hellip; <a href=\"https:\/\/esentevibrationale.com\/?product=basilikum-busuioc\" class=\"more-link\">Continu\u0103 lectura <span class=\"screen-reader-text\">3.) Basilikum \/ Busuioc<\/span> <span class=\"meta-nav\">&rarr;<\/span><\/a><\/p>\n","protected":false},"featured_media":13173,"template":"","meta":[],"product_brand":[],"product_cat":[45],"product_tag":[],"class_list":{"0":"post-1536","1":"product","2":"type-product","3":"status-publish","4":"has-post-thumbnail","6":"product_cat-esente-de-flori-salbatice","7":"pa_size-15ml","8":"pa_size-30ml","10":"first","11":"instock","12":"shipping-taxable","13":"purchasable","14":"product-type-variable","15":"has-default-attributes"},"_links":{"self":[{"href":"https:\/\/esentevibrationale.com\/index.php?rest_route=\/wp\/v2\/product\/1536","targetHints":{"allow":["GET"]}}],"collection":[{"href":"https:\/\/esentevibrationale.com\/index.php?rest_route=\/wp\/v2\/product"}],"about":[{"href":"https:\/\/esentevibrationale.com\/index.php?rest_route=\/wp\/v2\/types\/product"}],"wp:featuredmedia":[{"embeddable":true,"href":"https:\/\/esentevibrationale.com\/index.php?rest_route=\/wp\/v2\/media\/13173"}],"wp:attachment":[{"href":"https:\/\/esentevibrationale.com\/index.php?rest_route=%2Fwp%2Fv2%2Fmedia&parent=1536"}],"wp:term":[{"taxonomy":"product_brand","embeddable":true,"href":"https:\/\/esentevibrationale.com\/index.php?rest_route=%2Fwp%2Fv2%2Fproduct_brand&post=1536"},{"taxonomy":"product_cat","embeddable":true,"href":"https:\/\/esentevibrationale.com\/index.php?rest_route=%2Fwp%2Fv2%2Fproduct_cat&post=1536"},{"taxonomy":"product_tag","embeddable":true,"href":"https:\/\/esentevibrationale.com\/index.php?rest_route=%2Fwp%2Fv2%2Fproduct_tag&post=1536"}],"curies":[{"name":"wp","href":"https:\/\/api.w.org\/{rel}","templated":true}]}}