{"id":1540,"date":"2018-11-14T11:43:30","date_gmt":"2018-11-14T10:43:30","guid":{"rendered":"https:\/\/phiessences.com\/Romania\/?post_type=product&#038;p=1540"},"modified":"2025-12-31T12:41:28","modified_gmt":"2025-12-31T10:41:28","slug":"borage-limba-mielului","status":"publish","type":"product","link":"https:\/\/esentevibrationale.com\/?product=borage-limba-mielului","title":{"rendered":"4.) Borage \/ Limba Mielului"},"content":{"rendered":"<p><strong>(Borago officinalis) <\/strong><\/p>\n<p><em>Limba Mielului este o plant\u0103 care cre\u0219te pe tot parcursul anului. Formeaz\u0103 ciorchini mari, p\u0103ro\u0219i \u0219i \u00een timpul verii florile sale sunt albastre \u00een form\u0103 de stea. Atunci c\u00e2nd sunt plantate \u00een gr\u0103dini, rapid \u00ee\u0219i recap\u0103t\u0103 starea s\u0103lbatic\u0103, a\u0219adar nu este deloc surprinz\u0103tor faptul c\u0103 va fi g\u0103sit\u0103 cresc\u00e2nd pe marginea drumurilor \u0219i \u00een apropierea ruinelor.<\/em><\/p>\n<p><strong><em>Efectul Esen\u021bei: <\/em><\/strong>Esen\u021ba de Limba Mielului ne d\u0103 curajul \u0219i energia necesar\u0103 s\u0103 sc\u0103p\u0103m de situa\u021biile distructive din punct de vedere emo\u021bional, \u00een timp ce \u00eencurajeaz\u0103 bucuria de a tr\u0103i \u0219i optimismul.<\/p>\n<p><strong><em>Efectul Esen\u021bei la Nivel Fizic: <\/em><\/strong>Din punct de vedere energetic aceast\u0103 esen\u021b\u0103 este un balsam pentru inim\u0103. Promoveaz\u0103 regenerarea r\u0103nilor aflate \u00een zona Chakrei a-4-a, \u00een special, acelea care se reduc la sentimentele de triste\u021be. Are un efect pozitiv \u0219i \u00eent\u0103ritor energetic asupra problemelor circula\u021biei. \u00cen plus, contribuie la o \u00eent\u0103rire general\u0103 a organismului \u0219i a stabilit\u0103\u021bii.<\/p>\n<p><strong><em>Efectul Esen\u021bei la Nivel Emo\u021bional: <\/em><\/strong>Esen\u021b\u0103 ne ajut\u0103 s\u0103 ne g\u0103sim calea de sc\u0103pare, atunci c\u00e2nd ne sim\u021bim \u00eenvin\u0219i \u0219i afecta\u021bi de o povar\u0103 foarte grea \u00een zona pieptului, de asemenea, c\u00e2nd ne afl\u0103m \u00een suferin\u021b\u0103, necaz \u0219i durere. Persoanele care se simt &#8222;cople\u0219ite&#8221; de via\u021b\u0103 sunt adesea atrase de aceast\u0103 esen\u021b\u0103. Astfel, ele g\u0103sesc mai mult\u0103 lumin\u0103, bucurie \u0219i \u00eencredere.<\/p>\n<p><strong><em>Efectul Esen\u021bei la Nivel Mental: <\/em><\/strong>Esen\u021b\u0103 ne ajut\u0103 s\u0103 sc\u0103p\u0103m de g\u00e2ndurile &#8222;opresive&#8221; \u0219i revigoreaz\u0103 energia mental\u0103, ajut\u0103 la ie\u0219irea din valea pl\u00e2ngerii, astfel sunt stimulate g\u00e2ndurile clare \u0219i motiva\u021bia de a crea din nou ceva spiritual.<\/p>\n<p><strong><em>Efectul Esen\u021bei la Nivel Spiritual: <\/em><\/strong>Esen\u021ba stimuleaz\u0103 deschiderea con\u0219tiin\u021bei \u0219i disponibilitatea de a recunoa\u0219te sensul unei etape dificile a vie\u021bii. Promoveaz\u0103 \u00eencrederea \u00een orientarea sufletului nostru, prin stimularea introspec\u021biei spirituale profunde \u00een existen\u021ba noastr\u0103.<\/p>\n<p><strong><em>Afirma\u021bia: <\/em><\/strong>Tr\u0103iesc pe deplin bucuria mea interioar\u0103 \u0219i sunt plin\/\u0103 de curaj, speran\u021b\u0103 \u0219i serenitate re\u00eennoit\u0103<\/p>\n","protected":false},"excerpt":{"rendered":"<p>(Borago officinalis) Limba Mielului este o plant\u0103 care cre\u0219te pe tot parcursul anului. Formeaz\u0103 ciorchini mari, p\u0103ro\u0219i \u0219i \u00een timpul verii florile sale sunt albastre \u00een form\u0103 de stea. Atunci c\u00e2nd sunt plantate \u00een gr\u0103dini, rapid \u00ee\u0219i recap\u0103t\u0103 starea s\u0103lbatic\u0103, a\u0219adar nu este deloc surprinz\u0103tor faptul c\u0103 va fi g\u0103sit\u0103 cresc\u00e2nd pe marginea drumurilor \u0219i &hellip; <a href=\"https:\/\/esentevibrationale.com\/?product=borage-limba-mielului\" class=\"more-link\">Continu\u0103 lectura <span class=\"screen-reader-text\">4.) Borage \/ Limba Mielului<\/span> <span class=\"meta-nav\">&rarr;<\/span><\/a><\/p>\n","protected":false},"featured_media":1543,"template":"","meta":[],"product_brand":[],"product_cat":[45],"product_tag":[],"class_list":{"0":"post-1540","1":"product","2":"type-product","3":"status-publish","4":"has-post-thumbnail","6":"product_cat-esente-de-flori-salbatice","7":"pa_size-15ml","8":"pa_size-30ml","10":"first","11":"instock","12":"shipping-taxable","13":"purchasable","14":"product-type-variable","15":"has-default-attributes"},"_links":{"self":[{"href":"https:\/\/esentevibrationale.com\/index.php?rest_route=\/wp\/v2\/product\/1540","targetHints":{"allow":["GET"]}}],"collection":[{"href":"https:\/\/esentevibrationale.com\/index.php?rest_route=\/wp\/v2\/product"}],"about":[{"href":"https:\/\/esentevibrationale.com\/index.php?rest_route=\/wp\/v2\/types\/product"}],"wp:featuredmedia":[{"embeddable":true,"href":"https:\/\/esentevibrationale.com\/index.php?rest_route=\/wp\/v2\/media\/1543"}],"wp:attachment":[{"href":"https:\/\/esentevibrationale.com\/index.php?rest_route=%2Fwp%2Fv2%2Fmedia&parent=1540"}],"wp:term":[{"taxonomy":"product_brand","embeddable":true,"href":"https:\/\/esentevibrationale.com\/index.php?rest_route=%2Fwp%2Fv2%2Fproduct_brand&post=1540"},{"taxonomy":"product_cat","embeddable":true,"href":"https:\/\/esentevibrationale.com\/index.php?rest_route=%2Fwp%2Fv2%2Fproduct_cat&post=1540"},{"taxonomy":"product_tag","embeddable":true,"href":"https:\/\/esentevibrationale.com\/index.php?rest_route=%2Fwp%2Fv2%2Fproduct_tag&post=1540"}],"curies":[{"name":"wp","href":"https:\/\/api.w.org\/{rel}","templated":true}]}}