{"id":1544,"date":"2018-11-14T11:50:18","date_gmt":"2018-11-14T10:50:18","guid":{"rendered":"https:\/\/phiessences.com\/Romania\/?post_type=product&#038;p=1544"},"modified":"2025-12-31T12:45:10","modified_gmt":"2025-12-31T10:45:10","slug":"self-heal-busuioc-salbatic","status":"publish","type":"product","link":"https:\/\/esentevibrationale.com\/?product=self-heal-busuioc-salbatic","title":{"rendered":"5.) Self-Heal  \/ Busuioc S\u0103lbatic"},"content":{"rendered":"<p><strong>(Prunella vulgaris) <\/strong><\/p>\n<p><em>Busuiocul S\u0103lbatic are florile \u00een nuan\u021be de albastru \u0219i violet. Cre\u0219te \u00een paji\u0219tile lini\u0219tite, pe marginea drumurilor, \u00een depresiuni sau pe mun\u021bi. Iube\u0219te mediu umed \u0219i similar plantelor care tr\u0103iesc mai mul\u021bi ani, are o tulpin\u0103 ramificat\u0103, care poate ajunge la o \u00een\u0103l\u021bime \u00eentre 5 &#8211; 25 cm. Frunzele sale sunt ascu\u021bite \u0219i ovoidale, frunzele de jos formeaz\u0103 o rozet\u0103 liber\u0103.<\/em><\/p>\n<p><strong><em>Efectul Esen\u021bei: <\/em><\/strong>Esen\u021ba Busuiocului S\u0103lbatic ajut\u0103 la activarea energiei noastre auto- vindec\u0103toare \u0219i stimuleaz\u0103 curajul de a fi s\u0103n\u0103to\u0219i pentru noi \u00een\u0219ine.<\/p>\n<p><strong><em>Efectul Esen\u021bei la Nivel Fizic: <\/em><\/strong>Numele s\u0103u englezesc &#8222;Self-heal&#8221; se refer\u0103 la faptul c\u0103 esen\u021ba stimuleaz\u0103 energiile noastre auto-vindec\u0103toare la nivel energetic. \u00cen esen\u021b\u0103 vom g\u0103si doctorul interior, \u00eencrederea \u00een noi \u00een\u0219ine \u0219i motiva\u021bia de a fi s\u0103n\u0103to\u0219i. De asemenea, este folositoare \u00een cazurile \u00een care &#8222;ne \u00eempotrivim terapiei&#8221;, atunci c\u00e2nd nu suntem dispu\u0219i, \u00een interiorul nostru s\u0103 ne vindec\u0103m. Esen\u021ba contribuie la starea de s\u0103n\u0103tatea holistic\u0103.<\/p>\n<p><strong><em>Efectul Esen\u021bei la Nivel Emo\u021bional: <\/em><\/strong>Esen\u021ba se poate aplica c\u00e2nd ne sim\u021bim sl\u0103bi\u021bi sau ne-am pierdut for\u021ba, dezn\u0103d\u0103jdui\u021bi sau sentimentele de vinov\u0103\u021bie nu ne permit refacerea noastr\u0103 fizic\u0103 sau spiritual\u0103. Acest lucru d\u0103 na\u0219tere unei for\u021be interioare care stabile\u0219te &#8222;p\u00e2rghia&#8221; de la boal\u0103 la s\u0103n\u0103tate.<\/p>\n<p><em><strong>Efectul Esen\u021bei la Nivel Mental: <\/strong><\/em>Adesea obstacolele pe care le \u00eent\u00e2mpin\u0103m \u00een timpul curei nu sunt altceva dec\u00e2t false construc\u021bii mentale. Cu aceast\u0103 esen\u021b\u0103 ne putem trezi for\u021ba mental\u0103 \u0219i a\u0219a, este disponibil cel mai important sprijin pentru auto-vindecare.<\/p>\n<p><strong><em>Efectul Esen\u021bei la Nivel Spiritual: <\/em><\/strong>Esen\u021ba ne determina s\u0103 atingem unui nou nivel de con\u0219tiin\u021b\u0103. \u00cen acest plan nou, vom experimenta boala dintr-o perspectiv\u0103 nou\u0103, \u00eei vom putea identifica semnifica\u021bia \u0219i ne vom pune astfel \u00een vibra\u021bia de vindecare. Prin urmare, esen\u021ba poate contribui pozitiv la tratarea oric\u0103rei afec\u021biuni.<\/p>\n<p><strong><em>Afirma\u021bia:<\/em><\/strong> Las boala s\u0103 plece \u0219i sunt s\u0103n\u0103tos \/ s\u0103n\u0103toas\u0103.<\/p>\n<p><strong>Particularitate: Crema Self-heal <\/strong>este pentru aplicare extern\u0103. Pute\u021bi folosi crema ca balsam. Puterile naturale de auto- vindecare ale pielii sunt stimulate de vibra\u021bia ridicat\u0103 a esen\u021bei. Crema calmeaz\u0103 pielea chiar \u0219i dup\u0103 ras. Nou: Crema este \u00eembog\u0103\u021bit\u0103 \u0219i cu esen\u021ba cactusului interior \/ exterior. Crema poate fi folosit\u0103 \u0219i \u00eenainte de aplicarea protec\u021biei solare, ca o protec\u021bie suplimentar\u0103. Crema este f\u0103r\u0103 parabeni<\/p>\n","protected":false},"excerpt":{"rendered":"<p>(Prunella vulgaris) Busuiocul S\u0103lbatic are florile \u00een nuan\u021be de albastru \u0219i violet. Cre\u0219te \u00een paji\u0219tile lini\u0219tite, pe marginea drumurilor, \u00een depresiuni sau pe mun\u021bi. Iube\u0219te mediu umed \u0219i similar plantelor care tr\u0103iesc mai mul\u021bi ani, are o tulpin\u0103 ramificat\u0103, care poate ajunge la o \u00een\u0103l\u021bime \u00eentre 5 &#8211; 25 cm. Frunzele sale sunt ascu\u021bite \u0219i &hellip; <a href=\"https:\/\/esentevibrationale.com\/?product=self-heal-busuioc-salbatic\" class=\"more-link\">Continu\u0103 lectura <span class=\"screen-reader-text\">5.) Self-Heal  \/ Busuioc S\u0103lbatic<\/span> <span class=\"meta-nav\">&rarr;<\/span><\/a><\/p>\n","protected":false},"featured_media":13174,"template":"","meta":[],"product_brand":[],"product_cat":[45],"product_tag":[],"class_list":{"0":"post-1544","1":"product","2":"type-product","3":"status-publish","4":"has-post-thumbnail","6":"product_cat-esente-de-flori-salbatice","7":"pa_size-15ml","8":"pa_size-30ml","10":"first","11":"instock","12":"shipping-taxable","13":"purchasable","14":"product-type-variable","15":"has-default-attributes"},"_links":{"self":[{"href":"https:\/\/esentevibrationale.com\/index.php?rest_route=\/wp\/v2\/product\/1544","targetHints":{"allow":["GET"]}}],"collection":[{"href":"https:\/\/esentevibrationale.com\/index.php?rest_route=\/wp\/v2\/product"}],"about":[{"href":"https:\/\/esentevibrationale.com\/index.php?rest_route=\/wp\/v2\/types\/product"}],"wp:featuredmedia":[{"embeddable":true,"href":"https:\/\/esentevibrationale.com\/index.php?rest_route=\/wp\/v2\/media\/13174"}],"wp:attachment":[{"href":"https:\/\/esentevibrationale.com\/index.php?rest_route=%2Fwp%2Fv2%2Fmedia&parent=1544"}],"wp:term":[{"taxonomy":"product_brand","embeddable":true,"href":"https:\/\/esentevibrationale.com\/index.php?rest_route=%2Fwp%2Fv2%2Fproduct_brand&post=1544"},{"taxonomy":"product_cat","embeddable":true,"href":"https:\/\/esentevibrationale.com\/index.php?rest_route=%2Fwp%2Fv2%2Fproduct_cat&post=1544"},{"taxonomy":"product_tag","embeddable":true,"href":"https:\/\/esentevibrationale.com\/index.php?rest_route=%2Fwp%2Fv2%2Fproduct_tag&post=1544"}],"curies":[{"name":"wp","href":"https:\/\/api.w.org\/{rel}","templated":true}]}}