{"id":1548,"date":"2018-11-14T11:59:38","date_gmt":"2018-11-14T10:59:38","guid":{"rendered":"https:\/\/phiessences.com\/Romania\/?post_type=product&#038;p=1548"},"modified":"2025-12-31T12:42:26","modified_gmt":"2025-12-31T10:42:26","slug":"buttercup-piciorul-cocosului","status":"publish","type":"product","link":"https:\/\/esentevibrationale.com\/?product=buttercup-piciorul-cocosului","title":{"rendered":"6.) Buttercup \/ Piciorul Coco\u015fului"},"content":{"rendered":"<p><strong>(Ranunculus Ranunculus) <\/strong><\/p>\n<p><em>Piciorul Coco\u0219ului sau Ranunculus se g\u0103se\u0219te \u00een p\u0103\u0219unile calde \u0219i umede \u0219i se recunoa\u0219te prin florile sale de un galben str\u0103lucitor. Seva tulpinii \u0219i a florilor este foarte acr\u0103 a\u0219a dar, animalele nu le pot m\u00e2nca. Exist\u0103 diferite tipuri de Piciorul Coco\u0219ului, dar toate sunt caracterizate de forma florilor \u00een forma de bol. Sunt multe legende despre el, una dintre ele spune c\u0103 o reflec\u021bie a sa sub b\u0103rbie este un semn al unui viitor profitabil.<\/em><\/p>\n<p><strong><em>Efectul Esen\u021bei: <\/em><\/strong>Esen\u021ba Piciorului Coco\u0219ului \u00eencurajeaz\u0103 procesele personalit\u0103\u021bii noastre \u0219i ne ajut\u0103 s\u0103 ne reafirm\u0103m \u00eencrederea \u00een sine. \u00cen acest mod vom fi capabili s\u0103 cre\u0219tem \u00een m\u0103re\u021bia noastr\u0103 interioar\u0103, s\u0103 ne dezvolt\u0103m sim\u021bul propriei valori \u0219i s\u0103 fim independen\u021bi.<\/p>\n<p><strong><em>Efectul Esen\u021bei la Nivel Fizic: <\/em><\/strong>Disconfortul fizic, cel care poate fi cauzat de frica de a spune &#8222;nu&#8221; \u0219i sentimentul de inferioritate pot fi compensate cu energia Piciorului Coco\u0219ului. Esen\u021ba este utilizat\u0103 pentru a oferii suport energetic, \u00eent\u0103re\u0219te coloana vertebral\u0103 \u0219i corecteaz\u0103 postura umerilor. Ne ajut\u0103 s\u0103 avem o imagine mai bun\u0103 asupra noastr\u0103 \u0219i s\u0103 fim \u00een armonie.<\/p>\n<p><strong><em>Efectul Esen\u021bei la Nivel Emo\u021bional: <\/em><\/strong>Cei care se simt fragili sau inferiori, nu au \u00eencredere \u00een ei, sunt timizi \u0219i rezerva\u021bi, pot g\u0103si un stimulent complice \u00een aceast\u0103 esen\u021b\u0103. Cu acesta, sentimentele asociate cu lipsa \u00eencrederii \u00een sine pot disp\u0103rea, de exemplu: ura sau furia fa\u021b\u0103 de ceva mai bun. Ajut\u0103 la \u00eembun\u0103t\u0103\u021birea imaginii de sine \u0219i aceasta se armonizeaz\u0103 la nivel holistic.<\/p>\n<p><strong><em>Efectul Esen\u021bei la Nivel Mental: <\/em><\/strong>Esen\u021ba stimuleaz\u0103 modul nostru independent de g\u00e2ndire. Ne vom putea organiza via\u021ba din punct de vedere mental \u0219i astfel, ne definim drumul pe care trebuie s\u0103 \u00eel urm\u0103rim pentru a ne \u00eendeplini scopurile \u0219i dorin\u021bele noastre. Cei care au permis altor persoane s\u0103 le distrug\u0103 via\u021ba, vor c\u0103p\u0103ta prin aceast\u0103 esen\u021b\u0103 o independen\u021b\u0103 mental\u0103. De exemplu: pot sc\u0103pa de reprezent\u0103rile dominante cum ar fi mama sau tat\u0103l s\u0103u \u0219i progresiv \u00ee\u0219i vor \u00eencepe s\u0103 \u00ee\u0219i conduc\u0103 via\u021ba.<\/p>\n<p><strong><em>Efectul Esen\u021bei la Nivel Spiritual: <\/em><\/strong>Prin aceast\u0103 esen\u021b\u0103 vom putea experimenta libertate spiritual\u0103 \u0219i totodat\u0103, o perspectiv\u0103 asupra propriei m\u0103re\u021bii. Este similar cu a privi via\u021ba proprie de la un nivel superior.<\/p>\n<p><strong><em>Afirma\u021bia: <\/em><\/strong>M\u0103 reg\u0103sesc, \u00eemi simt puterea \u0219i m\u0103 bucur de independen\u021ba mea.<\/p>\n","protected":false},"excerpt":{"rendered":"<p>(Ranunculus Ranunculus) Piciorul Coco\u0219ului sau Ranunculus se g\u0103se\u0219te \u00een p\u0103\u0219unile calde \u0219i umede \u0219i se recunoa\u0219te prin florile sale de un galben str\u0103lucitor. Seva tulpinii \u0219i a florilor este foarte acr\u0103 a\u0219a dar, animalele nu le pot m\u00e2nca. Exist\u0103 diferite tipuri de Piciorul Coco\u0219ului, dar toate sunt caracterizate de forma florilor \u00een forma de bol. &hellip; <a href=\"https:\/\/esentevibrationale.com\/?product=buttercup-piciorul-cocosului\" class=\"more-link\">Continu\u0103 lectura <span class=\"screen-reader-text\">6.) Buttercup \/ Piciorul Coco\u015fului<\/span> <span class=\"meta-nav\">&rarr;<\/span><\/a><\/p>\n","protected":false},"featured_media":1551,"template":"","meta":[],"product_brand":[],"product_cat":[45],"product_tag":[],"class_list":{"0":"post-1548","1":"product","2":"type-product","3":"status-publish","4":"has-post-thumbnail","6":"product_cat-esente-de-flori-salbatice","7":"pa_size-15ml","8":"pa_size-30ml","10":"first","11":"instock","12":"shipping-taxable","13":"purchasable","14":"product-type-variable","15":"has-default-attributes"},"_links":{"self":[{"href":"https:\/\/esentevibrationale.com\/index.php?rest_route=\/wp\/v2\/product\/1548","targetHints":{"allow":["GET"]}}],"collection":[{"href":"https:\/\/esentevibrationale.com\/index.php?rest_route=\/wp\/v2\/product"}],"about":[{"href":"https:\/\/esentevibrationale.com\/index.php?rest_route=\/wp\/v2\/types\/product"}],"wp:featuredmedia":[{"embeddable":true,"href":"https:\/\/esentevibrationale.com\/index.php?rest_route=\/wp\/v2\/media\/1551"}],"wp:attachment":[{"href":"https:\/\/esentevibrationale.com\/index.php?rest_route=%2Fwp%2Fv2%2Fmedia&parent=1548"}],"wp:term":[{"taxonomy":"product_brand","embeddable":true,"href":"https:\/\/esentevibrationale.com\/index.php?rest_route=%2Fwp%2Fv2%2Fproduct_brand&post=1548"},{"taxonomy":"product_cat","embeddable":true,"href":"https:\/\/esentevibrationale.com\/index.php?rest_route=%2Fwp%2Fv2%2Fproduct_cat&post=1548"},{"taxonomy":"product_tag","embeddable":true,"href":"https:\/\/esentevibrationale.com\/index.php?rest_route=%2Fwp%2Fv2%2Fproduct_tag&post=1548"}],"curies":[{"name":"wp","href":"https:\/\/api.w.org\/{rel}","templated":true}]}}