{"id":1552,"date":"2018-11-14T12:03:57","date_gmt":"2018-11-14T11:03:57","guid":{"rendered":"https:\/\/phiessences.com\/Romania\/?post_type=product&#038;p=1552"},"modified":"2025-12-31T12:40:34","modified_gmt":"2025-12-31T10:40:34","slug":"iris-iris","status":"publish","type":"product","link":"https:\/\/esentevibrationale.com\/?product=iris-iris","title":{"rendered":"7.) Iris \/ Iris"},"content":{"rendered":"<p><strong><span class=\"Y2IQFc\" lang=\"ro\">(Iris germanica)<\/span><\/strong><\/p>\n<p>Irisul provine din nordul Europei. Le g\u0103sim \u00een locuri luminoase, \u00een gr\u0103dini, pe paji\u0219ti \u0219i de-a lungul drumurilor. Aceast\u0103 floare frumoas\u0103 \u0219i elegant\u0103 \u00eenflore\u0219te prim\u0103vara \u00een nuan\u021be de alb sau albastru care pot avea o not\u0103 de violet. Zei\u021ba greac\u0103 a curcubeului &#8211; irisul &#8211; este omonima acestei plante. Esen\u021ba florii de iris ne ajut\u0103 s\u0103 dezvolt\u0103m impulsurile pentru crea\u021bie artistic\u0103. A\u0219a intram \u00een contact cu poten\u021bialul nostru creativ \u0219i ne dezvoltam creativitatea.<\/p>\n<p><em><strong>Efect esen\u021bei la nivel fizic:<\/strong><\/em> Dac\u0103 te sim\u021bi epuizat fizic \u0219i psihic dup\u0103 o perioad\u0103 aglomerat\u0103, cople\u0219it \u0219i sl\u0103bit, esen\u021ba irisului ne energizeaz\u0103 corpurile subtile \u0219i ne promoveaz\u0103 \u201eretrezirea\u201d \u0219i regenerarea noastr\u0103. Ajut\u0103 energetic cu senza\u021biile de blocaj \u0219i tensiune intern\u0103.<\/p>\n<p><em><strong>Efect Esen\u021bei la nivel Emo\u021bional:<\/strong><\/em> Sentimentul de a fi blocat sau blocat \u00een creativitatea ta promoveaz\u0103 emo\u021bii negative, cum ar fi furia fa\u021b\u0103 de tine \u00eensu\u021bi, lipsa de speran\u021b\u0103, frustrarea, lipsa de impuls, etc. Esen\u021ba irisului ne ajut\u0103 s\u0103 intr\u0103m \u00een flux \u0219i s\u0103 dizolv\u0103m negativitatea.<\/p>\n<p><em><strong>Efect Esen\u021bei la nivel Mental:<\/strong> <\/em>Esen\u021ba Irisului activeaz\u0103 \u00een mod deosebit creativitatea \u0219i inspira\u021bia \u0219i sprijin\u0103 foarte bine persoanele cu profesii artistice, precum pictorii de publicitate, graficieni, designerii etc. Poate fi folosit atunci c\u00e2nd sim\u021bi o lips\u0103 sau o capacitate creativ\u0103 blocat\u0103 \u0219i ajut\u0103 s\u0103 te inspiri constant \u0219i s\u0103 integrezi idei noi.<\/p>\n<p><em><strong>Efect Esen\u021bei la nivel Spiritual:<\/strong><\/em> Inspira\u021bia, creativitatea \u0219i arta sunt principalele preocup\u0103ri ale acestei esen\u021be de flori. Ne promoveaz\u0103 capacitatea de a ne conecta cu sinele nostru superior, ne stimuleaz\u0103 subcon\u0219tientul \u0219i ne permite s\u0103 percepem \u0219i s\u0103 integr\u0103m inspira\u021bia creativ\u0103 din dimensiuni superioare.<\/p>\n<p><b><i>Afirma\u021bia: <\/i><\/b>Ajung la sursa creativit\u0103\u021bii mele \u0219i talentelor mele \u0219i sunt \u00een fluxul ideilor \u0219i inspira\u021biei mele<\/p>\n<p>&nbsp;<\/p>\n","protected":false},"excerpt":{"rendered":"<p>(Iris germanica) Irisul provine din nordul Europei. Le g\u0103sim \u00een locuri luminoase, \u00een gr\u0103dini, pe paji\u0219ti \u0219i de-a lungul drumurilor. Aceast\u0103 floare frumoas\u0103 \u0219i elegant\u0103 \u00eenflore\u0219te prim\u0103vara \u00een nuan\u021be de alb sau albastru care pot avea o not\u0103 de violet. Zei\u021ba greac\u0103 a curcubeului &#8211; irisul &#8211; este omonima acestei plante. Esen\u021ba florii de iris &hellip; <a href=\"https:\/\/esentevibrationale.com\/?product=iris-iris\" class=\"more-link\">Continu\u0103 lectura <span class=\"screen-reader-text\">7.) Iris \/ Iris<\/span> <span class=\"meta-nav\">&rarr;<\/span><\/a><\/p>\n","protected":false},"featured_media":13175,"template":"","meta":[],"product_brand":[],"product_cat":[45],"product_tag":[],"class_list":{"0":"post-1552","1":"product","2":"type-product","3":"status-publish","4":"has-post-thumbnail","6":"product_cat-esente-de-flori-salbatice","7":"pa_size-15ml","8":"pa_size-30ml","10":"first","11":"instock","12":"shipping-taxable","13":"purchasable","14":"product-type-variable","15":"has-default-attributes"},"_links":{"self":[{"href":"https:\/\/esentevibrationale.com\/index.php?rest_route=\/wp\/v2\/product\/1552","targetHints":{"allow":["GET"]}}],"collection":[{"href":"https:\/\/esentevibrationale.com\/index.php?rest_route=\/wp\/v2\/product"}],"about":[{"href":"https:\/\/esentevibrationale.com\/index.php?rest_route=\/wp\/v2\/types\/product"}],"wp:featuredmedia":[{"embeddable":true,"href":"https:\/\/esentevibrationale.com\/index.php?rest_route=\/wp\/v2\/media\/13175"}],"wp:attachment":[{"href":"https:\/\/esentevibrationale.com\/index.php?rest_route=%2Fwp%2Fv2%2Fmedia&parent=1552"}],"wp:term":[{"taxonomy":"product_brand","embeddable":true,"href":"https:\/\/esentevibrationale.com\/index.php?rest_route=%2Fwp%2Fv2%2Fproduct_brand&post=1552"},{"taxonomy":"product_cat","embeddable":true,"href":"https:\/\/esentevibrationale.com\/index.php?rest_route=%2Fwp%2Fv2%2Fproduct_cat&post=1552"},{"taxonomy":"product_tag","embeddable":true,"href":"https:\/\/esentevibrationale.com\/index.php?rest_route=%2Fwp%2Fv2%2Fproduct_tag&post=1552"}],"curies":[{"name":"wp","href":"https:\/\/api.w.org\/{rel}","templated":true}]}}