{"id":1556,"date":"2018-11-14T12:07:55","date_gmt":"2018-11-14T11:07:55","guid":{"rendered":"https:\/\/phiessences.com\/Romania\/?post_type=product&#038;p=1556"},"modified":"2025-12-31T12:38:48","modified_gmt":"2025-12-31T10:38:48","slug":"sint-johns-wort-sunatoare","status":"publish","type":"product","link":"https:\/\/esentevibrationale.com\/?product=sint-johns-wort-sunatoare","title":{"rendered":"8.) Saint John&#8217;s Wort \/ Sun\u0103toare"},"content":{"rendered":"<p><strong>(Hypericum perforatum)<\/strong><\/p>\n<p>Sun\u0103toarea provine din latitudinile temperate ale Europei \u0219i din Asia de Vest. Se g\u0103se\u0219te pe soluri necultivate, paji\u0219ti uscate, \u00een p\u0103duri luminoase \u0219i poieni. Florile galbene str\u0103lucitoare apar \u00eentre iunie \u0219i septembrie. Dac\u0103 le freci \u00eentre m\u00e2ini, se \u00eenro\u0219esc s\u00e2ngele, ceea ce se datoreaz\u0103 colorantului hipericinei pe care \u00eel con\u021bin. Din acest motiv, planta era numit\u0103 &#8222;s\u00e2ngele Sf\u00e2ntului Ioan&#8221;. Fructele uleioase ale acestei plante eman\u0103 un miros parfumat atunci c\u00e2nd sunt zdrobite.<\/p>\n<p><strong><em>Efectul Esen\u021bei:\u00a0<\/em><\/strong> Esen\u021ba florii de sun\u0103toare m\u0103re\u0219te capacitatea noastr\u0103 de a ne percepe lumina interioar\u0103 \u0219i de a o experimenta ca ghid al con\u0219tiin\u021bei. Devenim capabili s\u0103 reducem temerile \u0219i s\u0103 avem \u00eencredere \u00een protec\u021bia c\u0103l\u0103uzirii divine.<\/p>\n<p><strong><em>Efectul Esen\u021bei la Nivel Fizic:<\/em><\/strong> Esen\u021ba este util\u0103 \u00een dizolvarea sentimentelor de fric\u0103 &#8211; cu frici \u201ecopile\u0219ti\u201d, vise anxioase, frica de \u00eentuneric, frica de a fi nevoit s\u0103 dormi singur, frica de necunoscut, de oameni, situa\u021bii \u0219i locuri ciudate, de asemenea ca frici, care nu pot fi descrise cu precizie \u0219i par \u201enefondate\u201d. De asemenea, echilibreaz\u0103 energetic reac\u021biile fizice datorate fricii. Emo\u021bional: Are un efect de \u00eent\u0103rire \u0219i ne ajut\u0103 s\u0103 dep\u0103\u0219im emo\u021biile stresante de fric\u0103 \u0219i incertitudine. Poate fi folosit atunci c\u00e2nd tr\u0103im o faz\u0103 de vise stresante, ajut\u0103 la eliberarea co\u0219marurilor \u0219i la eliminarea fricilor din copil\u0103rie. Ap\u0103r\u0103rile psihologice sunt \u00eent\u0103rite \u0219i putem \u201eap\u0103ra\u201d mai bine fricile con\u0219tiente \u0219i incon\u0219tiente.<\/p>\n<p><strong><em>Efectul Esen\u021bei la Nivel<\/em><\/strong><em> <strong>Emo\u021bional<\/strong><\/em>: Are un efect de \u00eent\u0103rire \u0219i ne ajut\u0103 s\u0103 dep\u0103\u0219im emo\u021biile stresante de fric\u0103 \u0219i incertitudine. Poate fi folosit atunci c\u00e2nd tr\u0103im o faz\u0103 de vise stresante, ajut\u0103 la eliberarea co\u0219marurilor \u0219i la eliminarea fricilor din copil\u0103rie. Ap\u0103r\u0103rile psihologice sunt \u00eent\u0103rite \u0219i putem \u201eap\u0103ra\u201d mai bine fricile con\u0219tiente \u0219i incon\u0219tiente.<\/p>\n<p><strong><em>Efectul Esen\u021bei la Nivel<\/em><\/strong> <strong><em>Mental<\/em><\/strong>: Prin efectul calmant \u0219i clarificator al esen\u021bei, ne \u00eentoarcem pe p\u0103m\u00e2nt \u0219i nu mai suntem \u021binu\u021bi \u201e\u00een fr\u00e2u\u201d de fricile noastre. \u00cen acest fel, se poate trezi o nou\u0103 for\u021b\u0103 mental\u0103, care se bazeaz\u0103 pe optimism s\u0103n\u0103tos.<\/p>\n<p><strong><em>Efectul Esen\u021bei la Nivel<\/em><\/strong> <strong><em>Spiritual<\/em><\/strong>: Sus\u021bine oamenii care sunt foarte deschi\u0219i din punct de vedere spiritual, de ex. adic\u0103, care au multe \u0219i uneori experien\u021be spirituale intense, dar se simt expu\u0219i la influen\u021be d\u0103un\u0103toare. Cu esen\u021ba ob\u021binem o protec\u021bie energetic\u0103 puternic\u0103 \u00een situa\u021bii deschise, de ex.\u00a0 medita\u021bie, astfel \u00eenc\u00e2t vibra\u021biile negative s\u0103 nu se poat\u0103 r\u0103sp\u00e2ndi la noi.<\/p>\n<p>&nbsp;<\/p>\n","protected":false},"excerpt":{"rendered":"<p>(Hypericum perforatum) Sun\u0103toarea provine din latitudinile temperate ale Europei \u0219i din Asia de Vest. Se g\u0103se\u0219te pe soluri necultivate, paji\u0219ti uscate, \u00een p\u0103duri luminoase \u0219i poieni. Florile galbene str\u0103lucitoare apar \u00eentre iunie \u0219i septembrie. Dac\u0103 le freci \u00eentre m\u00e2ini, se \u00eenro\u0219esc s\u00e2ngele, ceea ce se datoreaz\u0103 colorantului hipericinei pe care \u00eel con\u021bin. Din acest motiv, &hellip; <a href=\"https:\/\/esentevibrationale.com\/?product=sint-johns-wort-sunatoare\" class=\"more-link\">Continu\u0103 lectura <span class=\"screen-reader-text\">8.) Saint John&#8217;s Wort \/ Sun\u0103toare<\/span> <span class=\"meta-nav\">&rarr;<\/span><\/a><\/p>\n","protected":false},"featured_media":13176,"template":"","meta":[],"product_brand":[],"product_cat":[45],"product_tag":[],"class_list":{"0":"post-1556","1":"product","2":"type-product","3":"status-publish","4":"has-post-thumbnail","6":"product_cat-esente-de-flori-salbatice","7":"pa_size-15ml","8":"pa_size-30ml","10":"first","11":"instock","12":"shipping-taxable","13":"purchasable","14":"product-type-variable","15":"has-default-attributes"},"_links":{"self":[{"href":"https:\/\/esentevibrationale.com\/index.php?rest_route=\/wp\/v2\/product\/1556","targetHints":{"allow":["GET"]}}],"collection":[{"href":"https:\/\/esentevibrationale.com\/index.php?rest_route=\/wp\/v2\/product"}],"about":[{"href":"https:\/\/esentevibrationale.com\/index.php?rest_route=\/wp\/v2\/types\/product"}],"wp:featuredmedia":[{"embeddable":true,"href":"https:\/\/esentevibrationale.com\/index.php?rest_route=\/wp\/v2\/media\/13176"}],"wp:attachment":[{"href":"https:\/\/esentevibrationale.com\/index.php?rest_route=%2Fwp%2Fv2%2Fmedia&parent=1556"}],"wp:term":[{"taxonomy":"product_brand","embeddable":true,"href":"https:\/\/esentevibrationale.com\/index.php?rest_route=%2Fwp%2Fv2%2Fproduct_brand&post=1556"},{"taxonomy":"product_cat","embeddable":true,"href":"https:\/\/esentevibrationale.com\/index.php?rest_route=%2Fwp%2Fv2%2Fproduct_cat&post=1556"},{"taxonomy":"product_tag","embeddable":true,"href":"https:\/\/esentevibrationale.com\/index.php?rest_route=%2Fwp%2Fv2%2Fproduct_tag&post=1556"}],"curies":[{"name":"wp","href":"https:\/\/api.w.org\/{rel}","templated":true}]}}