{"id":1560,"date":"2018-11-14T12:12:44","date_gmt":"2018-11-14T11:12:44","guid":{"rendered":"https:\/\/phiessences.com\/Romania\/?post_type=product&#038;p=1560"},"modified":"2025-12-31T12:09:07","modified_gmt":"2025-12-31T10:09:07","slug":"mullein-lumanarica","status":"publish","type":"product","link":"https:\/\/esentevibrationale.com\/?product=mullein-lumanarica","title":{"rendered":"9.) Mullein \/ Lum\u00e2n\u0103ric\u0103"},"content":{"rendered":"<p><strong>(Verbascum thapsus)<\/strong><\/p>\n<p><em>Lum\u00e2n\u0103rica (sau gordolobo) este o plant\u0103 bienal\u0103 care cre\u0219te \u00een locuri luminoase \u0219i calde, pe pantele \u00eensorite, pe marginile drumurilor \u0219i pe malurile p\u00e2raielor, pe movile sau paji\u0219ti. Poate ajunge p\u00e2n\u0103 la 1,50 m \u00een\u0103l\u021bime. Tulpina acestei plante se poate distinge cu u\u0219urin\u021b\u0103 de la distan\u021b\u0103 prin forma sa de candelabru ramificat \u0219i florile sale, care sunt rotunde de culoarea galben sulf str\u0103lucitor. Apar \u00een al doilea an de via\u021b\u0103 al plantei, \u00eentre prim\u0103var\u0103 \u0219i \u00eenceputul toamnei.<\/em><\/p>\n<p><strong><em>Efectul Esen\u021bei: <\/em><\/strong>Esen\u021ba de Lum\u00e2n\u0103ric\u0103 ne sprijin\u0103 s\u0103 ne auzim vocea interioar\u0103 \u0219i con\u0219tiin\u021ba. Transmite un sentiment sigur \u00een leg\u0103tur\u0103 cu pozi\u021bia noastr\u0103 \u00een interiorul grupului, permi\u021b\u00e2ndu-ne s\u0103 ne p\u0103str\u0103m o imagine de ansamblu \u0219i s\u0103 ac\u021bion\u0103m pentru binele comunit\u0103\u021bii.<\/p>\n<p><strong><em>Efectul Esen\u021bei la Nivel Fizic: <\/em><\/strong>Esen\u021ba poate ajuta persoanele care au o nevoie mare de iubire, \u00een\u021belegere, grij\u0103 \u0219i r\u0103bdare s\u0103 g\u0103seasc\u0103 \u00een ele \u00eensele caracteristicile necesare pentru a deveni independente de ceilal\u021bi. Sentimentele de sl\u0103biciune, similare acelora care pot ap\u0103rea \u00een urma abandonului, primesc o influen\u021b\u0103 pozitiv\u0103 de la esen\u021b\u0103. \u00cen plus, aceast\u0103 esen\u021b\u0103 poate avea un efect pozitiv asupra problemelor respiratorii \u0219i digestive la nivel energetic.<\/p>\n<p><strong><em>Efectul Esen\u021bei la Nivel Emo\u021bional: <\/em><\/strong>Mesajul principal al esen\u021bei este cooperare \u0219i integrare \u00een cadrul grupului. Cu aceasta vom putea risipi sentimentele sup\u0103r\u0103toare prin procesele grupului. Transmite energie ca s\u0103 puteam ini\u021bia proiecte, treze\u0219te entuziasmul pentru obiectivele noastre \u0219i ne promoveaz\u0103 perspectiva pentru a le realiza. Esen\u021ba ne poate ajuta \u00een via\u021ba profesional\u0103 care implic\u0103 munca de echip\u0103.<\/p>\n<p><strong><em>Efectul Esen\u021bei la Nivel Mental: <\/em><\/strong>Esen\u021ba \u00a0stimuleaz\u0103 abilitatea de luarea deciziilor \u0219i ajut\u0103 persoanele care ezit\u0103 \u0219i nu \u0219tiu ce drum al vie\u021bii s\u0103 urmeze. Dup\u0103 ce vor lua c\u00e2teva decizii fundamentale, energia lor se va \u00eent\u0103ri, pentru a defini noi obiective \u0219i \u00een sf\u00e2r\u0219it s\u0103 ating\u0103 satisfac\u021bia, atunci c\u00e2nd le vor \u00eendeplini.<\/p>\n<p><strong><em>Efectul Esen\u021bei la Nivel Spiritual: <\/em><\/strong>Cu aceast\u0103 esen\u021b\u0103 putem promova contactul cu vocea noastr\u0103 interioar\u0103. Ne va indica c\u00e2nd este necesar s\u0103 avem r\u0103bdare sau c\u00e2nd avem op\u021biunea corect\u0103 \u00een fa\u021ba ochilor. Abilitatea s\u0103 ne auzim pe noi \u00een\u0219ine transmite un sentiment de \u00eencredere \u0219i ne permite s\u0103 lu\u0103m deciziile care se aliniaz\u0103 min\u021bii, sufletului \u0219i corpului.<\/p>\n<p><strong><em>Afirma\u021bia<\/em><\/strong><em>: <\/em>Simt c\u0103 apar\u021bin grupului \u0219i pot integra experien\u021bele proprii \u00een beneficiul altora.<\/p>\n","protected":false},"excerpt":{"rendered":"<p>(Verbascum thapsus) Lum\u00e2n\u0103rica (sau gordolobo) este o plant\u0103 bienal\u0103 care cre\u0219te \u00een locuri luminoase \u0219i calde, pe pantele \u00eensorite, pe marginile drumurilor \u0219i pe malurile p\u00e2raielor, pe movile sau paji\u0219ti. Poate ajunge p\u00e2n\u0103 la 1,50 m \u00een\u0103l\u021bime. Tulpina acestei plante se poate distinge cu u\u0219urin\u021b\u0103 de la distan\u021b\u0103 prin forma sa de candelabru ramificat \u0219i &hellip; <a href=\"https:\/\/esentevibrationale.com\/?product=mullein-lumanarica\" class=\"more-link\">Continu\u0103 lectura <span class=\"screen-reader-text\">9.) Mullein \/ Lum\u00e2n\u0103ric\u0103<\/span> <span class=\"meta-nav\">&rarr;<\/span><\/a><\/p>\n","protected":false},"featured_media":1563,"template":"","meta":[],"product_brand":[],"product_cat":[45],"product_tag":[],"class_list":{"0":"post-1560","1":"product","2":"type-product","3":"status-publish","4":"has-post-thumbnail","6":"product_cat-esente-de-flori-salbatice","7":"pa_size-15ml","8":"pa_size-30ml","10":"first","11":"instock","12":"shipping-taxable","13":"purchasable","14":"product-type-variable","15":"has-default-attributes"},"_links":{"self":[{"href":"https:\/\/esentevibrationale.com\/index.php?rest_route=\/wp\/v2\/product\/1560","targetHints":{"allow":["GET"]}}],"collection":[{"href":"https:\/\/esentevibrationale.com\/index.php?rest_route=\/wp\/v2\/product"}],"about":[{"href":"https:\/\/esentevibrationale.com\/index.php?rest_route=\/wp\/v2\/types\/product"}],"wp:featuredmedia":[{"embeddable":true,"href":"https:\/\/esentevibrationale.com\/index.php?rest_route=\/wp\/v2\/media\/1563"}],"wp:attachment":[{"href":"https:\/\/esentevibrationale.com\/index.php?rest_route=%2Fwp%2Fv2%2Fmedia&parent=1560"}],"wp:term":[{"taxonomy":"product_brand","embeddable":true,"href":"https:\/\/esentevibrationale.com\/index.php?rest_route=%2Fwp%2Fv2%2Fproduct_brand&post=1560"},{"taxonomy":"product_cat","embeddable":true,"href":"https:\/\/esentevibrationale.com\/index.php?rest_route=%2Fwp%2Fv2%2Fproduct_cat&post=1560"},{"taxonomy":"product_tag","embeddable":true,"href":"https:\/\/esentevibrationale.com\/index.php?rest_route=%2Fwp%2Fv2%2Fproduct_tag&post=1560"}],"curies":[{"name":"wp","href":"https:\/\/api.w.org\/{rel}","templated":true}]}}