{"id":1568,"date":"2018-11-14T12:20:25","date_gmt":"2018-11-14T11:20:25","guid":{"rendered":"https:\/\/phiessences.com\/Romania\/?post_type=product&#038;p=1568"},"modified":"2025-12-31T11:56:20","modified_gmt":"2025-12-31T09:56:20","slug":"dandelion-papadie","status":"publish","type":"product","link":"https:\/\/esentevibrationale.com\/?product=dandelion-papadie","title":{"rendered":"11.) Dandelion \/ P\u0103p\u0103die"},"content":{"rendered":"<p><strong>(Taraxacum officinale) <\/strong><\/p>\n<p><em>P\u0103p\u0103dia este originar\u0103 din Asia \u0219i Europa<\/em>. <em>Poate ajunge p\u00e2n\u0103 la 30 cm \u00een\u0103l\u021bime \u0219i florile sale au culoarea galben str\u0103lucitor, se deschid prim\u0103vara \u0219i la \u00eenceputul verii. Ofer\u0103 paji\u0219tilor un aspect radiant \u0219i \u00eensorit. Dup\u0103 ce florile devin semin\u021be, care at\u00e2rn\u0103 ca ni\u0219te &#8222;para\u0219ute&#8221; mici sunt luate de v\u00e2nt. Este una dintre cele mai importante plante medicinale din fitoterapie. Este util\u0103 \u00een tratarea negilor. Are un efect diuretic, redu- ce umfl\u0103turile, cre\u0219te apetitul \u0219i tonific\u0103 organism.<\/em><\/p>\n<p><strong><em>Efectul Esen\u021bei: <\/em><\/strong>Esen\u021ba P\u0103p\u0103diei ajut\u0103 la eliminarea tensiunilor generate de c\u0103tre \u00a0conflictele emo\u021bionale, care la r\u00e2ndul lor se pot manifesta \u00een rigiditatea mu\u0219chilor. Este indicat \u00een special, s\u0103 se adauge \u00een uleiurile pentru masaj.<\/p>\n<p><strong><em>Efectul Esen\u021bei la Nivel Fizic: <\/em><\/strong>Esen\u021ba P\u0103p\u0103diei se poate administra, atunci c\u00e2nd mi\u0219c\u0103rile sunt blocate sau artificiale, suntem supu\u0219i unui stres puternic \u0219i este imposibil s\u0103 ne relax\u0103m, vrem s\u0103 avem situa\u021bia sub control \u0219i ur\u00e2m schimbarea sau ne sim\u021bim neajutora\u021bi \u0219i dezorienta\u021bi \u00een situa\u021biile necunoscute. Ca rezultat al efectului s\u0103u de relaxare, ni se reface vibra\u021bia armonioas\u0103 natural\u0103 la nivel energetic promov\u00e2nd dispari\u021bia disconfortului. Pe de alt\u0103 parte, esen\u021ba poate fi aplicat\u0103 ca o completare a muncii terapeu\u021bilor, fizioterapeu\u021bilor, osteopa\u021bilor \u0219i a maseurilor.<\/p>\n<p><strong><em>Efectul Esen\u021bei la Nivel Emo\u021bional: <\/em><\/strong>C\u00e2nd sim\u021bim nevoia s\u0103 avem totul sub control \u0219i nu permitem nicio &#8222;alunecare&#8221;, esen\u021ba ne ajut\u0103 s\u0103 vedem \u00eentr-un mod mai calm \u0219i relaxat lucrurile. Stimuleaz\u0103 refacerea, \u00een cazul am\u0103r\u0103ciunii \u0219i a stingerii emo\u021bionale.Nu ne mai opunem din nou fluxului vie\u021bii \u0219i al sentimentelor, ci le tr\u0103im.<\/p>\n<p><strong><em>Efectul Esen\u021bei la Nivel Mental: <\/em><\/strong>C\u00e2nd mintea urmeaz\u0103 o &#8222;singur\u0103 cale&#8221;, devine rigid\u0103 \u0219i sufer\u0103 o tensiune mare, putem apela la esen\u021ba P\u0103p\u0103diei. Odat\u0103 cu aceasta, fluxul g\u00e2ndurilor pozitive va primi un impuls favorabil \u0219i pot fi luate \u00een considerare noi puncte de vedere, apare mai mult\u0103 deschidere mental\u0103. Aceast\u0103 esen\u021b\u0103 ne va ajuta s\u0103 ne deschidem pe noi \u00een\u0219ine altora \u00een situa\u021biile de constr\u00e2ngere, cu auto-restric\u021bii, auto-limit\u0103ri \u0219i cu o distan\u021b\u0103 mental\u0103 excesiv\u0103 fa\u021b\u0103 de semeni \u0219i fa\u021b\u0103 de via\u021b\u0103 \u0219i s\u0103 atingem o nou\u0103 dimensiune mental\u0103 superioar\u0103.<\/p>\n<p><strong><em>Efectul Esen\u021bei la Nivel Spiritual: <\/em><\/strong>Esen\u021b\u0103 floral\u0103 reface uniunea cu energia cosmic\u0103, acest lucru poate fi resim\u021bit, de exemplu: ca o str\u0103lucire interioar\u0103 \u0219i un sentiment de u\u0219urin\u021b\u0103, \u00eencredere de baz\u0103 \u0219i cunoa\u0219tere de sine.<\/p>\n<p><strong><em>Afirma\u021bia: <\/em><\/strong>Corpul meu s-a relaxat, rup toate lan\u021burile mentale \u0219i emo\u021bionale \u0219i \u00eemi tr\u0103iesc nevoilor mele adev\u0103rate.<\/p>\n","protected":false},"excerpt":{"rendered":"<p><strong><em>\u00a0\u00a0\u00a0\u00a0\u00a0\u00a0\u00a0\u00a0\u00a0\u00a0\u00a0\u00a0\u00a0\u00a0\u00a0\u00a0\u00a0\u00a0\u00a0\u00a0\u00a0\u00a0\u00a0\u00a0\u00a0\u00a0\u00a0\u00a0\u00a0\u00a0\u00a0\u00a0\u00a0\u00a0\u00a0\u00a0\u00a0\u00a0\u00a0\u00a0\u00a0\u00a0\u00a0\u00a0\u00a0\u00a0\u00a0\u00a0\u00a0\u00a0\u00a0\u00a0\u00a0\u00a0\u00a0\u00a0\u00a0\u00a0\u00a0\u00a0\u00a0\u00a0\u00a0\u00a0\u00a0\u00a0\u00a0\u00a0\u00a0\u00a0\u00a0\u00a0\u00a0\u00a0\u00a0\u00a0 <\/em><\/strong><\/p>\n","protected":false},"featured_media":1571,"template":"","meta":[],"product_brand":[],"product_cat":[45],"product_tag":[],"class_list":{"0":"post-1568","1":"product","2":"type-product","3":"status-publish","4":"has-post-thumbnail","6":"product_cat-esente-de-flori-salbatice","7":"pa_size-15ml","8":"pa_size-30ml","10":"first","11":"instock","12":"shipping-taxable","13":"purchasable","14":"product-type-variable","15":"has-default-attributes"},"_links":{"self":[{"href":"https:\/\/esentevibrationale.com\/index.php?rest_route=\/wp\/v2\/product\/1568","targetHints":{"allow":["GET"]}}],"collection":[{"href":"https:\/\/esentevibrationale.com\/index.php?rest_route=\/wp\/v2\/product"}],"about":[{"href":"https:\/\/esentevibrationale.com\/index.php?rest_route=\/wp\/v2\/types\/product"}],"wp:featuredmedia":[{"embeddable":true,"href":"https:\/\/esentevibrationale.com\/index.php?rest_route=\/wp\/v2\/media\/1571"}],"wp:attachment":[{"href":"https:\/\/esentevibrationale.com\/index.php?rest_route=%2Fwp%2Fv2%2Fmedia&parent=1568"}],"wp:term":[{"taxonomy":"product_brand","embeddable":true,"href":"https:\/\/esentevibrationale.com\/index.php?rest_route=%2Fwp%2Fv2%2Fproduct_brand&post=1568"},{"taxonomy":"product_cat","embeddable":true,"href":"https:\/\/esentevibrationale.com\/index.php?rest_route=%2Fwp%2Fv2%2Fproduct_cat&post=1568"},{"taxonomy":"product_tag","embeddable":true,"href":"https:\/\/esentevibrationale.com\/index.php?rest_route=%2Fwp%2Fv2%2Fproduct_tag&post=1568"}],"curies":[{"name":"wp","href":"https:\/\/api.w.org\/{rel}","templated":true}]}}