{"id":1572,"date":"2018-11-14T12:24:05","date_gmt":"2018-11-14T11:24:05","guid":{"rendered":"https:\/\/phiessences.com\/Romania\/?post_type=product&#038;p=1572"},"modified":"2025-12-31T11:57:12","modified_gmt":"2025-12-31T09:57:12","slug":"mistletoe-vasc","status":"publish","type":"product","link":"https:\/\/esentevibrationale.com\/?product=mistletoe-vasc","title":{"rendered":"12.) Mistletoe \/ V\u00e2sc"},"content":{"rendered":"<p><strong>(Viscum album) <\/strong><\/p>\n<p><em>V\u00e2scul apar\u021bine grupului platelor semi- parazite \u0219i p\u0103trunde cu r\u0103d\u0103cinile sale sub coaja copacilor. Astfel, particip\u0103 la echilibrarea apei copacului gazd\u0103, dar \u00ee\u0219i face singur substan\u021ba organic\u0103. Frunzele sale sunt verzi, au o str\u0103lucire care aminte\u0219te de piele. Apar a\u0219ezate \u00een m\u0103nunchiuri \u0219i \u00eentre ele sunt fructele c\u0103rnoase \u0219i albe, care apar \u00eenainte de cr\u0103ciun \u0219i sunt hrana sturzilor. Florile galben-verzui \u00eenfloresc \u00eentre lunile februarie \u0219i aprilie.<\/em><\/p>\n<p><strong><em>Efectul Esen\u021bei: <\/em><\/strong>V\u00e2scul ajut\u0103 persoanele care se afl\u0103 \u00eentr-un proces radical de schimbare. Stimuleaz\u0103 abilitatea de a sus- \u021bine \u00een mod con\u0219tient transformarea la nivel fizic \u0219i psihologic.<\/p>\n<p><strong><em>Efectul Esen\u021bei la Nivel Fizic: <\/em><\/strong>\u00cen fitoterapie V\u00e2scul este folosit ca agent antihipertensiv, \u00eempotriva problemele cardiace, a presiunii capului, crampelor \u0219i problemelor menstruale, etc. La nivel energetic esen\u021ba V\u00e2scului sus\u021bine tratarea acestor nepl\u0103ceri Totodat\u0103, transmite impulsuri energetice pentru a stimula puterile proprii de auto-vindecare ale organismului nostru. \u00cent\u0103re\u0219te voin\u021ba noastr\u0103 de a tr\u0103i \u0219i ne d\u0103 for\u021be noi, pentru a participa la procesul de auto-vindecare.<\/p>\n<p><strong><em>Efectul Esen\u021bei la Nivel Emo\u021bional: <\/em><\/strong>C\u00e2nd emo\u021biile de nesiguran\u021b\u0103, depresie, fric\u0103, etc., duc la ame\u021beli sau senza\u021bii asem\u0103n\u0103toare cu crampe, esen\u021ba V\u00e2scului ajut\u0103 la dep\u0103\u0219irea acestor sentimente. Cu sprijinul s\u0103u puternic \u00een afec\u021biunile debilitante \u0219i grave, esen\u021ba ne ajut\u0103 s\u0103 facem fa\u021b\u0103 senza\u021biilor emo\u021bionale din timpul afec\u021biunii.<\/p>\n<p><strong><em>Efectul Esen\u021bei la Nivel Mental: <\/em><\/strong>Esen\u021ba V\u00e2scului poate fi foarte util\u0103 \u00een schimb\u0103rile drastice din via\u021b\u0103. Sus\u021bine dezvoltarea mental\u0103 \u0219i ne d\u0103 o nou\u0103 viziune asupra vie\u021bii. Abilitatea de a ne adapta mental la noua situa\u021bie \u0219i de a o dezvolta \u00een imagina\u021bie, faciliteaz\u0103 pa\u0219ii spre realizare.<\/p>\n<p><strong><em>Efectul Esen\u021bei la Nivel Spiritual: <\/em><\/strong>Dezvoltarea spiritual\u0103 prime\u0219te un ajutor energetic de transformare prin esen\u021ba V\u00e2scului. Putem integra mai bine experien\u021bele spirituale \u0219i ne putem sim\u021bi conecta\u021bi cu energia noastr\u0103 primordial\u0103 \u0219i la planul crea\u021biei.<\/p>\n<p><strong><em>Afirma\u021bia: <\/em><\/strong>Sunt \u00een pragul schimb\u0103rii \u0219i am \u00eencredere \u00een procesul de transformare.<\/p>\n","protected":false},"excerpt":{"rendered":"<p>(Viscum album) V\u00e2scul apar\u021bine grupului platelor semi- parazite \u0219i p\u0103trunde cu r\u0103d\u0103cinile sale sub coaja copacilor. Astfel, particip\u0103 la echilibrarea apei copacului gazd\u0103, dar \u00ee\u0219i face singur substan\u021ba organic\u0103. Frunzele sale sunt verzi, au o str\u0103lucire care aminte\u0219te de piele. Apar a\u0219ezate \u00een m\u0103nunchiuri \u0219i \u00eentre ele sunt fructele c\u0103rnoase \u0219i albe, care apar \u00eenainte &hellip; <a href=\"https:\/\/esentevibrationale.com\/?product=mistletoe-vasc\" class=\"more-link\">Continu\u0103 lectura <span class=\"screen-reader-text\">12.) Mistletoe \/ V\u00e2sc<\/span> <span class=\"meta-nav\">&rarr;<\/span><\/a><\/p>\n","protected":false},"featured_media":13154,"template":"","meta":[],"product_brand":[],"product_cat":[45],"product_tag":[],"class_list":{"0":"post-1572","1":"product","2":"type-product","3":"status-publish","4":"has-post-thumbnail","6":"product_cat-esente-de-flori-salbatice","7":"pa_size-15ml","8":"pa_size-30ml","10":"first","11":"instock","12":"shipping-taxable","13":"purchasable","14":"product-type-variable","15":"has-default-attributes"},"_links":{"self":[{"href":"https:\/\/esentevibrationale.com\/index.php?rest_route=\/wp\/v2\/product\/1572","targetHints":{"allow":["GET"]}}],"collection":[{"href":"https:\/\/esentevibrationale.com\/index.php?rest_route=\/wp\/v2\/product"}],"about":[{"href":"https:\/\/esentevibrationale.com\/index.php?rest_route=\/wp\/v2\/types\/product"}],"wp:featuredmedia":[{"embeddable":true,"href":"https:\/\/esentevibrationale.com\/index.php?rest_route=\/wp\/v2\/media\/13154"}],"wp:attachment":[{"href":"https:\/\/esentevibrationale.com\/index.php?rest_route=%2Fwp%2Fv2%2Fmedia&parent=1572"}],"wp:term":[{"taxonomy":"product_brand","embeddable":true,"href":"https:\/\/esentevibrationale.com\/index.php?rest_route=%2Fwp%2Fv2%2Fproduct_brand&post=1572"},{"taxonomy":"product_cat","embeddable":true,"href":"https:\/\/esentevibrationale.com\/index.php?rest_route=%2Fwp%2Fv2%2Fproduct_cat&post=1572"},{"taxonomy":"product_tag","embeddable":true,"href":"https:\/\/esentevibrationale.com\/index.php?rest_route=%2Fwp%2Fv2%2Fproduct_tag&post=1572"}],"curies":[{"name":"wp","href":"https:\/\/api.w.org\/{rel}","templated":true}]}}