{"id":1574,"date":"2018-11-14T12:27:54","date_gmt":"2018-11-14T11:27:54","guid":{"rendered":"https:\/\/phiessences.com\/Romania\/?post_type=product&#038;p=1574"},"modified":"2025-12-31T11:58:06","modified_gmt":"2025-12-31T09:58:06","slug":"rozmary-rosmarin","status":"publish","type":"product","link":"https:\/\/esentevibrationale.com\/?product=rozmary-rosmarin","title":{"rendered":"13.) Rozmary \/ Rosmarin"},"content":{"rendered":"<p><strong>(Rosmarinus officinalis)<\/strong><\/p>\n<p><em>Rozmarinul este o plant\u0103 lemnoas\u0103, peren\u0103 care tr\u0103ie\u0219te \u00een bazinul Mediteraneean \u0219i apar\u021bine familiei lamiaceae. \u00cen form\u0103 de arbu\u0219ti poate ajunge p\u00e2n\u0103 la 1,5 m \u00een\u0103l\u021bime \u0219i un diametru similar. Frunzele sale sunt sub\u021biri, verzi-cenu\u0219ii \u0219i conice, cu marginile lor laterale rulate, arat\u0103 ca acele de pin. Florile sale mici sunt albastru pal sau albicioase \u0219i \u00eenfloresc vara. Are o tradi\u021bie \u00eendelungat\u0103 ca plant\u0103 sacr\u0103 a prieteniei, a memoriei \u0219i a simbolului fidelit\u0103\u021bii. Se folose\u0219te at\u00e2t \u00een buc\u0103t\u0103rie c\u00e2t \u0219i ca remediu medicinal.<\/em><\/p>\n<p><strong><em>Efectul Esen\u021bei: <\/em><\/strong>Esen\u021ba Rozmarinului ne ajut\u0103 s\u0103 tr\u0103im \u00een prezent \u0219i promoveaz\u0103 concentrarea. Esen\u021ba confer\u0103 structur\u0103, vigilen\u021b\u0103 mental\u0103 \u0219i \u00eent\u0103re\u0219te memoria.<\/p>\n<p><strong><em>Efectul Esen\u021bei la Nivel Fizic: <\/em><\/strong>Aceast\u0103 esen\u021b\u0103 ne ajut\u0103 s\u0103 r\u0103m\u00e2nem con\u0219tien\u021bi \u00een corpul nostru fizic \u0219i s\u0103 men\u021binem o rela\u021bie bun\u0103 cu acesta. Este recomandat\u0103 pentru persoanele care nu se simt\u0103 acas\u0103 nic\u0103ieri \u0219i de aceea au tendin\u021ba de a fugi, adesea se pl\u00e2ng de o cantitate limitat\u0103 de s\u00e2nge \u0219i de m\u00e2ini \u0219i picioare reci. \u00cen acest caz, esen\u021ba Rozmarinului are un efect energizant confortabil de \u00eenc\u0103lzire, stimulativ \u0219i, de asemenea, \u00eent\u0103re\u0219te bun\u0103starea \u00een general. Efectul stimulant energetic al esen\u021bei ar poate fi prea puternic pentru persoanele senzitive, astfel se recomand\u0103 ca esen\u021ba s\u0103 fie administrat\u0103 \u00een timpul zilei.<\/p>\n<p><strong><em>Efectul Esen\u021bei la Nivel Emo\u021bional: <\/em><\/strong>Cei care au tendin\u021ba de a fugi de dificult\u0103\u021bile vie\u021bii, care nu se percep prea mult \u0219i uneori par lipsite de \u00a0emo\u021bii, au tendin\u021ba de a alege esen\u021ba Rozmarinului. Astfel, con\u0219tientizarea de sine \u0219i propriile emo\u021bii sunt resim\u021bite mult mai intens.<\/p>\n<p><strong><em>Efectul Esen\u021bei la Nivel Mental: <\/em><\/strong>Esen\u021ba Rozmarinului \u00eent\u0103re\u0219te memoria, transmite stabilitate \u0219i con\u0219tiin\u021b\u0103 mental\u0103. Favorizeaz\u0103 concentrarea \u00een situa\u021biile \u00een care suntem u\u0219or distra\u0219i de elementele exterioare, atunci c\u00e2nd avem multe lucruri de f\u0103cut simultan. Totodat\u0103, ne ajut\u0103 s\u0103 ne g\u0103sim centrul nostru, opinia individual\u0103 \u0219i propria g\u00e2ndire.<\/p>\n<p><strong><em>Efectul Esen\u021bei la Nivel Spiritual: <\/em><\/strong>Esen\u021ba Rozmarinului aduce sufletul pe P\u0103m\u00e2nt \u0219i este foarte recomandat\u0103 pentru nou-n\u0103scu\u021bi pentru a ajunge pe p\u0103m\u00e2nt \u00een mod corespunz\u0103tor. De exemplu: acelora care le este dificil s\u0103 renun\u021be la starea de medita\u021bie, petrec\u00e2ndu-\u0219i ziua vis\u00e2nd \u0219i nu reu\u0219esc s\u0103 integreze experien\u021bele spirituale \u00een ziua cotidian\u0103, esen\u021b\u0103 \u00eei sprijin\u0103 d\u00e2ndu-le stabilitate \u0219i abilitatea de a-\u0219i percepe for\u021ba.<\/p>\n<p><strong><em>Afirma\u021bia: <\/em><\/strong>Sunt treaz\/\u0103 \u00een trup, minte \u0219i suflet \u0219i ac\u021bionez activ \u0219i proasp\u0103t.<\/p>\n","protected":false},"excerpt":{"rendered":"<p>(Rosmarinus officinalis) Rozmarinul este o plant\u0103 lemnoas\u0103, peren\u0103 care tr\u0103ie\u0219te \u00een bazinul Mediteraneean \u0219i apar\u021bine familiei lamiaceae. \u00cen form\u0103 de arbu\u0219ti poate ajunge p\u00e2n\u0103 la 1,5 m \u00een\u0103l\u021bime \u0219i un diametru similar. Frunzele sale sunt sub\u021biri, verzi-cenu\u0219ii \u0219i conice, cu marginile lor laterale rulate, arat\u0103 ca acele de pin. Florile sale mici sunt albastru pal &hellip; <a href=\"https:\/\/esentevibrationale.com\/?product=rozmary-rosmarin\" class=\"more-link\">Continu\u0103 lectura <span class=\"screen-reader-text\">13.) Rozmary \/ Rosmarin<\/span> <span class=\"meta-nav\">&rarr;<\/span><\/a><\/p>\n","protected":false},"featured_media":1577,"template":"","meta":[],"product_brand":[],"product_cat":[45],"product_tag":[],"class_list":{"0":"post-1574","1":"product","2":"type-product","3":"status-publish","4":"has-post-thumbnail","6":"product_cat-esente-de-flori-salbatice","7":"pa_size-15ml","8":"pa_size-30ml","10":"first","11":"instock","12":"shipping-taxable","13":"purchasable","14":"product-type-variable","15":"has-default-attributes"},"_links":{"self":[{"href":"https:\/\/esentevibrationale.com\/index.php?rest_route=\/wp\/v2\/product\/1574","targetHints":{"allow":["GET"]}}],"collection":[{"href":"https:\/\/esentevibrationale.com\/index.php?rest_route=\/wp\/v2\/product"}],"about":[{"href":"https:\/\/esentevibrationale.com\/index.php?rest_route=\/wp\/v2\/types\/product"}],"wp:featuredmedia":[{"embeddable":true,"href":"https:\/\/esentevibrationale.com\/index.php?rest_route=\/wp\/v2\/media\/1577"}],"wp:attachment":[{"href":"https:\/\/esentevibrationale.com\/index.php?rest_route=%2Fwp%2Fv2%2Fmedia&parent=1574"}],"wp:term":[{"taxonomy":"product_brand","embeddable":true,"href":"https:\/\/esentevibrationale.com\/index.php?rest_route=%2Fwp%2Fv2%2Fproduct_brand&post=1574"},{"taxonomy":"product_cat","embeddable":true,"href":"https:\/\/esentevibrationale.com\/index.php?rest_route=%2Fwp%2Fv2%2Fproduct_cat&post=1574"},{"taxonomy":"product_tag","embeddable":true,"href":"https:\/\/esentevibrationale.com\/index.php?rest_route=%2Fwp%2Fv2%2Fproduct_tag&post=1574"}],"curies":[{"name":"wp","href":"https:\/\/api.w.org\/{rel}","templated":true}]}}