{"id":1578,"date":"2018-11-14T12:32:08","date_gmt":"2018-11-14T11:32:08","guid":{"rendered":"https:\/\/phiessences.com\/Romania\/?post_type=product&#038;p=1578"},"modified":"2025-12-31T11:58:46","modified_gmt":"2025-12-31T09:58:46","slug":"red-clover-trifoi-rosu","status":"publish","type":"product","link":"https:\/\/esentevibrationale.com\/?product=red-clover-trifoi-rosu","title":{"rendered":"14.) Red Clover \/ Trifoi Ro\u015fu"},"content":{"rendered":"<p><strong>(Trifolium pratense)<\/strong><\/p>\n<p><em>Trifoiul Ro\u0219u este originar din Europa, de\u0219i \u00een prezent s-a r\u0103sp\u00e2ndit \u0219i pe celelalte continente. Cre\u0219te pe sol fertil, paji\u0219ti, p\u0103\u0219uni \u0219i pe marginea drumurilor. Trifoiul Ro\u0219u se distinge prin tulpinile sale cu trei frunze. \u00cenflore\u0219te cu flori compacte prim\u0103- vara \u0219i are culorile roz, ro\u0219u sau mov. Trifoiul Ro\u0219u este folosit ca hran\u0103 pentru bovine. Efectul vasoconstructiv \u0219i stimularea form\u0103rii crustei sunt cunoscute \u00een fitoterapie.<\/em><\/p>\n<p><strong><em>Efectul Esen\u021bei: <\/em><\/strong>Esen\u021ba Trifoiului Ro\u0219u ne ajut\u0103 s\u0103 ne control\u0103m \u0219i s\u0103 fim calmi chiar \u0219i \u00een situa\u021biile extreme. Cu aceasta ne putem ap\u0103ra de influen\u021bele negative care ne \u00eenconjoar\u0103 \u0219i avem \u00eencredere \u00een noi \u00een\u0219ine.<\/p>\n<p><strong><em>Efectul Esen\u021bei la Nivel Fizic: <\/em><\/strong>Trifoiul Ro\u0219u este o esen\u021b\u0103 \u00een caz de urgen\u021b\u0103. S-a dovedit ca fiind un ajutor energetic \u00een situa\u021biile de criz\u0103 \u0219i de fric\u0103. Ca reac\u021bii fizice \u00een criz\u0103 pot ap\u0103rea dificult\u0103\u021bi de respira\u021bie, tremur, etc., atunci putem utiliza cu succes esen\u021ba Trifoiului Ro\u0219u.<\/p>\n<p><strong><em>Efectul Esen\u021bei la Nivel Emo\u021bional: <\/em><\/strong>Esen\u021b\u0103 ne ajut\u0103 s\u0103 dep\u0103\u0219im crizele emo\u021bionale, precum: discu\u021biile cu partenerii, conflictele de la locul de munc\u0103, bolile grave sau incurabile, violen\u021ba \u0219i propagand\u0103 masiv\u0103 sau afec\u021biunile care provoac\u0103 panic\u0103 \u00een mas\u0103 \u0219i isterie. Ne readuce pacea \u0219i lini\u0219tea interi- oar\u0103, ne permite s\u0103 ac\u021bion\u0103m \u00eentr-un mod clar \u0219i \u00een mod deliberat, de exemplu: atunci c\u00e2nd suferim de o fric\u0103 cople\u0219itoare (panic\u0103 de grup) s\u0103 control\u0103m situa\u021bia. Esen\u021ba este \u00een special recomandat\u0103 persoanelor care conduc grupuri mari.<\/p>\n<p><strong><em>Efectul Esen\u021bei la Nivel Mental: <\/em><\/strong>\u00cen situa\u021biile \u00een care emo\u021biile se rostogolesc, aceast\u0103 esen\u021b\u0103 ne va ajuta s\u0103 ne p\u0103str\u0103m calmul. Persoana va fi \u00eentr-o stare de pace interioar\u0103 \u0219i va putea s\u0103 \u00een\u021belege semnifica\u021bia \u0219i succesiunea evenimentelor.<\/p>\n<p><strong><em>Efectul Esen\u021bei la Nivel Spiritual: <\/em><\/strong>Aceast\u0103 esen\u021b\u0103 ne permite s\u0103 r\u0103m\u00e2nem \u00een uniune cu Sinele nostru Superior, chiar \u0219i \u00een situa\u021biile serioase \u0219i s\u0103 p\u0103str\u0103m imaginea de ansamblu. Intui\u021bia pentru ac\u021biunea potrivit\u0103 la momentul potrivit se intensific\u0103 \u0219i vom sim\u021bi originea for\u021bei noastre interioare.<\/p>\n<p><strong><em>Afirma\u021bia: <\/em><\/strong>R\u0103m\u00e2n perfect calm\/\u0103, g\u00e2ndurile mele sunt clare \u0219i ac\u021biunile mele sunt sigure \u0219i hot\u0103r\u00e2te.<\/p>\n","protected":false},"excerpt":{"rendered":"<p>(Trifolium pratense) Trifoiul Ro\u0219u este originar din Europa, de\u0219i \u00een prezent s-a r\u0103sp\u00e2ndit \u0219i pe celelalte continente. Cre\u0219te pe sol fertil, paji\u0219ti, p\u0103\u0219uni \u0219i pe marginea drumurilor. Trifoiul Ro\u0219u se distinge prin tulpinile sale cu trei frunze. \u00cenflore\u0219te cu flori compacte prim\u0103- vara \u0219i are culorile roz, ro\u0219u sau mov. Trifoiul Ro\u0219u este folosit ca &hellip; <a href=\"https:\/\/esentevibrationale.com\/?product=red-clover-trifoi-rosu\" class=\"more-link\">Continu\u0103 lectura <span class=\"screen-reader-text\">14.) Red Clover \/ Trifoi Ro\u015fu<\/span> <span class=\"meta-nav\">&rarr;<\/span><\/a><\/p>\n","protected":false},"featured_media":1581,"template":"","meta":[],"product_brand":[],"product_cat":[45],"product_tag":[],"class_list":{"0":"post-1578","1":"product","2":"type-product","3":"status-publish","4":"has-post-thumbnail","6":"product_cat-esente-de-flori-salbatice","7":"pa_size-15ml","8":"pa_size-30ml","10":"first","11":"instock","12":"shipping-taxable","13":"purchasable","14":"product-type-variable","15":"has-default-attributes"},"_links":{"self":[{"href":"https:\/\/esentevibrationale.com\/index.php?rest_route=\/wp\/v2\/product\/1578","targetHints":{"allow":["GET"]}}],"collection":[{"href":"https:\/\/esentevibrationale.com\/index.php?rest_route=\/wp\/v2\/product"}],"about":[{"href":"https:\/\/esentevibrationale.com\/index.php?rest_route=\/wp\/v2\/types\/product"}],"wp:featuredmedia":[{"embeddable":true,"href":"https:\/\/esentevibrationale.com\/index.php?rest_route=\/wp\/v2\/media\/1581"}],"wp:attachment":[{"href":"https:\/\/esentevibrationale.com\/index.php?rest_route=%2Fwp%2Fv2%2Fmedia&parent=1578"}],"wp:term":[{"taxonomy":"product_brand","embeddable":true,"href":"https:\/\/esentevibrationale.com\/index.php?rest_route=%2Fwp%2Fv2%2Fproduct_brand&post=1578"},{"taxonomy":"product_cat","embeddable":true,"href":"https:\/\/esentevibrationale.com\/index.php?rest_route=%2Fwp%2Fv2%2Fproduct_cat&post=1578"},{"taxonomy":"product_tag","embeddable":true,"href":"https:\/\/esentevibrationale.com\/index.php?rest_route=%2Fwp%2Fv2%2Fproduct_tag&post=1578"}],"curies":[{"name":"wp","href":"https:\/\/api.w.org\/{rel}","templated":true}]}}