{"id":1590,"date":"2018-11-14T12:48:57","date_gmt":"2018-11-14T11:48:57","guid":{"rendered":"https:\/\/phiessences.com\/Romania\/?post_type=product&#038;p=1590"},"modified":"2025-12-31T12:02:39","modified_gmt":"2025-12-31T10:02:39","slug":"bliding-heart-cerceii-doamnei","status":"publish","type":"product","link":"https:\/\/esentevibrationale.com\/?product=bliding-heart-cerceii-doamnei","title":{"rendered":"17.) Bleeding Heart \/ Cerceii Doamnei"},"content":{"rendered":"<p><strong>(Dicentra spectabilis<\/strong>)<\/p>\n<p><em>Cerceii Doamnei este o plant\u0103 care tr\u0103ie\u0219te c\u00e2\u021biva ani. Frunzele sale sunt similare cu cele ale ferigii, au tonuri de albastru-verzui, cresc pe o tij\u0103 de aproximativ 40 cm lungime. La finalul acestei tije se afl\u0103 flori ro\u0219ii \u00een form\u0103 unei inimi. Cu acest limbaj simbolic planta \u00ee\u0219i transmite mesajul s\u0103u inimii. Exist\u0103 aproximativ 15 specii diferite ale acestei plante, ale c\u0103ror origini se g\u0103sesc \u00een Asia de Est \u0219i America de Nord. \u00cen acest caz, esen\u021ba a fost creat\u0103 din Dicentra spectabilis.<\/em><\/p>\n<p>Ajut\u0103 \u00een cazul tuturor &#8222;problemelor sentimentale\u201d, mai ales desp\u0103r\u0163iri sau pierderea persoanei dragi. Ne permite s\u0103 acceptam mai bine lucrurile, pe care via\u0163a ni le aduce \u015fi ne consoleaz\u0103, atunci c\u00e2nd suntem dezam\u0103giti, aduc\u00e2nd o oarecare distan\u0163\u0103 fa\u0163\u0103 de situa\u0163iile dureroase.<\/p>\n<p><strong><em>Efectul Esen\u021bei: <\/em><\/strong>Planta Cerceii Doamnei este foarte folositoare \u00een toate tipurile de afec\u021biuni ale inimii. Intensific\u0103 abilitatea de a accepta cursul lucrurilor, devine mai u\u0219or s\u0103 dep\u0103\u0219im dezam\u0103girile \u0219i s\u0103 le observ\u0103m de la distan\u021b\u0103.<\/p>\n<p><strong><em>Efectul Esen\u021bei la Nivel Fizic: <\/em><\/strong>Aceast\u0103 esen\u021b\u0103 este un balsam \u00een cazul leziunilor Chakrei Inimii. Transmite armonie \u0219i energie \u0219i la nivel energetic promov\u00e2nd o regenerare a zonei inimii. Ne permite s\u0103 renun\u021b\u0103m la experien\u021bele spirituale dureroase pentru a ajunge la o stare de libertate \u0219i de armonie.<\/p>\n<p><strong><em>Efectul Esen\u021bei la Nivel Emo\u021bional: <\/em><\/strong>Cei care au un caracter slab \u0219i nesigur, care \u00ee\u0219i bazeaz\u0103 o mare parte din valoarea personal\u0103 pe rela\u021bie\/partener sau alte rela\u021bii, pot ob\u021bine beneficii substan\u021biale de la esen\u021b\u0103. \u00cen loc s\u0103 caute sprijin \u00eentr-un partener, vor g\u0103si acest sprijin \u00een ei \u00een\u0219i\u0219i. Siguran\u021ba interioar\u0103 va ap\u0103rea, \u00een timp ce sentimente ca: gelozia, ne\u00eencrederea, afec\u021biunea bolnav\u0103, sarcasmul, abandonul,etc.,se vor diminua.Esen\u021ba se recomand\u0103 \u00een cazurile de durere \u0219i de separare brusc\u0103 sau atunci c\u00e2nd pierdem<\/p>\n<p>persoana iubit\u0103 (separare sau moarte) pentru a ne \u00eent\u00e2lni pe noi \u00een\u0219ine \u0219i s\u0103 eliber\u0103m durerea din inim\u0103.<\/p>\n<p><strong><em>Efectul Esen\u021bei la Nivel Mental: <\/em><\/strong>Esen\u021ba aduce transparen\u021b\u0103 \u0219i ne ajut\u0103 s\u0103 sc\u0103p\u0103m de tiparele de g\u00e2ndire copiate de la partenerul nostru, cu care ne identific\u0103m sau care arat\u0103 un comportament posesiv. Cu esen\u021b\u0103, sun- tem capabili s\u0103 ne eliber\u0103m de g\u00e2ndirea negativ\u0103 \u0219i s\u0103 ajungem la puterea noastr\u0103 mental\u0103 \u00eenn\u0103scut\u0103. Amplific\u0103 abilitatea de a decide asupra vie\u021bii noastre independent de al\u021bii. \u00cen plus, putem elimina sentimentele, care au fost o povar\u0103 pentru inima noastr\u0103 \u0219i sufletul nostru.<\/p>\n<p><strong><em>Efectul Esen\u021bei la Nivel Spiritual: <\/em><\/strong>Esen\u021ba ne ajut\u0103 s\u0103 descoperim c\u0103 adev\u0103rata surs\u0103 iubirii se afl\u0103 \u00een libertate. \u00cen aceasta st\u0103 abilitatea de a l\u0103sa \u00een urm\u0103 iubirea, de exemplu: c\u00e2nd ne izol\u0103m de cei dragi fie prin separare temporar\u0103 sau moarte, ne permite s\u0103 avem o uniune cu cei dragi f\u0103r\u0103 a-i lega de noi.<\/p>\n<p><strong><em>Afirma\u021bia: <\/em><\/strong>Renun\u021b la dureri \u0219i m\u0103 deschid spre fericirea iubirii libere.<\/p>\n","protected":false},"excerpt":{"rendered":"<p>(Dicentra spectabilis) Cerceii Doamnei este o plant\u0103 care tr\u0103ie\u0219te c\u00e2\u021biva ani. Frunzele sale sunt similare cu cele ale ferigii, au tonuri de albastru-verzui, cresc pe o tij\u0103 de aproximativ 40 cm lungime. La finalul acestei tije se afl\u0103 flori ro\u0219ii \u00een form\u0103 unei inimi. Cu acest limbaj simbolic planta \u00ee\u0219i transmite mesajul s\u0103u inimii. Exist\u0103 &hellip; <a href=\"https:\/\/esentevibrationale.com\/?product=bliding-heart-cerceii-doamnei\" class=\"more-link\">Continu\u0103 lectura <span class=\"screen-reader-text\">17.) Bleeding Heart \/ Cerceii Doamnei<\/span> <span class=\"meta-nav\">&rarr;<\/span><\/a><\/p>\n","protected":false},"featured_media":13157,"template":"","meta":[],"product_brand":[],"product_cat":[45],"product_tag":[],"class_list":{"0":"post-1590","1":"product","2":"type-product","3":"status-publish","4":"has-post-thumbnail","6":"product_cat-esente-de-flori-salbatice","7":"pa_size-15ml","8":"pa_size-30ml","10":"first","11":"instock","12":"shipping-taxable","13":"purchasable","14":"product-type-variable","15":"has-default-attributes"},"_links":{"self":[{"href":"https:\/\/esentevibrationale.com\/index.php?rest_route=\/wp\/v2\/product\/1590","targetHints":{"allow":["GET"]}}],"collection":[{"href":"https:\/\/esentevibrationale.com\/index.php?rest_route=\/wp\/v2\/product"}],"about":[{"href":"https:\/\/esentevibrationale.com\/index.php?rest_route=\/wp\/v2\/types\/product"}],"wp:featuredmedia":[{"embeddable":true,"href":"https:\/\/esentevibrationale.com\/index.php?rest_route=\/wp\/v2\/media\/13157"}],"wp:attachment":[{"href":"https:\/\/esentevibrationale.com\/index.php?rest_route=%2Fwp%2Fv2%2Fmedia&parent=1590"}],"wp:term":[{"taxonomy":"product_brand","embeddable":true,"href":"https:\/\/esentevibrationale.com\/index.php?rest_route=%2Fwp%2Fv2%2Fproduct_brand&post=1590"},{"taxonomy":"product_cat","embeddable":true,"href":"https:\/\/esentevibrationale.com\/index.php?rest_route=%2Fwp%2Fv2%2Fproduct_cat&post=1590"},{"taxonomy":"product_tag","embeddable":true,"href":"https:\/\/esentevibrationale.com\/index.php?rest_route=%2Fwp%2Fv2%2Fproduct_tag&post=1590"}],"curies":[{"name":"wp","href":"https:\/\/api.w.org\/{rel}","templated":true}]}}