{"id":1595,"date":"2018-11-14T12:56:07","date_gmt":"2018-11-14T11:56:07","guid":{"rendered":"https:\/\/phiessences.com\/Romania\/?post_type=product&#038;p=1595"},"modified":"2025-12-31T12:03:36","modified_gmt":"2025-12-31T10:03:36","slug":"violet-violeta","status":"publish","type":"product","link":"https:\/\/esentevibrationale.com\/?product=violet-violeta","title":{"rendered":"18.) Violet \/ Violet\u0103"},"content":{"rendered":"<p><strong>(Viola hirta)<\/strong><\/p>\n<p><em>Violeta provine din bazinul Mediteraneean \u0219i este r\u0103sp\u00e2ndit\u0103 pe scar\u0103 larg\u0103 de-a lungul Europei de vest. Aceasta este o floare s\u0103lbatic\u0103 frumoas\u0103 \u00een form\u0103 de inim\u0103 cu nuan\u021be de la violet la alb. Cre\u0219te la umbra tufi\u0219urilor sau pe paji\u0219ti. Este o floare timpurie care \u00eenflore\u0219te \u00een luna martie.<\/em><\/p>\n<p><strong><em>Efectul Esen\u021bei: <\/em><\/strong>Esen\u021ba Violetei ne ajut\u0103 s\u0103 ne dezvolt\u0103m profilul nostru \u0219i s\u0103 \u00eel ar\u0103t\u0103m mai bine \u00eentr-un grup.<\/p>\n<p><strong><em>Efectul Esen\u021bei la Nivel Fizic: <\/em><\/strong>Sentimente de nesiguran\u021b\u0103, anxietate, timiditate, sl\u0103biciune, instabilitate, care sunt comune &#8222;persoanelor Violete&#8221;, pot duce la simptome de sl\u0103biciune, instabilitatea coloanei vertebrale, etc., aici, esen\u021ba Violetei \u00eei va ajuta s\u0103 dep\u0103\u0219easc\u0103 disconfortul la nivel energetic. Transmite for\u021b\u0103 \u0219i \u00eent\u0103re\u0219te bun\u0103starea fizic\u0103 general\u0103. De asemenea, confer\u0103 stabilitate interioar\u0103 \u0219i promoveaz\u0103 mersul \u0219i postura \u00een pozi\u021bie vertical\u0103.<\/p>\n<p><strong><em>Efectul Esen\u021bei la Nivel Emo\u021bional: <\/em><\/strong>Unora le este dificil, chiar imposibil s\u0103 \u00ee\u0219i exprime nevoia de activit\u0103\u021bi comunitare \u0219i comune. Dimpotriv\u0103 ele par rezervate \u0219i discrete transmit mai de grab\u0103 sentimental c\u0103 vor pace \u0219i lini\u0219te. &#8222;Sentimentul de a fi ignorate&#8221; adesea las\u0103 \u00een urm\u0103 emo\u021bii dureroase de singur\u0103tate \u0219i dezam\u0103gire, care pot fi dep\u0103\u0219ite cu esen\u021ba Violetei. Aici, esen\u021ba ne ajut\u0103 s\u0103 eliber\u0103m sentimentele \u0219i s\u0103 ne exprim\u0103m dorin\u021bele. Totodat\u0103, fortific\u0103 abilitatea de a accepta criticile altora \u0219i acestea nu vor mai reprezint\u0103 o \u00eenfr\u00e2ngere personal\u0103. Este potrivit\u0103 celor care se simt singuri \u00een grupuri, \u00eei \u00eenva\u021b\u0103 s\u0103 se deschid\u0103 cu c\u0103ldura \u0219i \u00eencredere.<\/p>\n<p><strong><em>Efectul Esen\u021bei la Nivel Mental: <\/em><\/strong>\u00cen general, mentalitatea acestor persoane este asociat\u0103 cu evitarea. Chiar \u0219i lumea g\u00e2ndurilor va fi considerat\u0103 &#8222;\u00eendr\u0103znea\u021b\u0103&#8221; \u0219i se va restr\u00e2nge cu modestie. Cu esen\u021ba g\u00e2ndurile vor c\u0103p\u0103ta for\u021ba \u0219i energia necesar\u0103 s\u0103 creasc\u0103 \u0219i s\u0103 se dezvolte \u00eentr-un mod stabil. \u00cen paralel cu acceptarea \u0219i exprimarea g\u00e2ndurilor, se dezvolt\u0103 personalitatea \u0219i independen\u021ba.<\/p>\n<p><strong><em>Efectul Esen\u021bei la Nivel Spiritual: <\/em><\/strong>Cu esen\u021ba vom putea s\u0103 ne realiz\u0103m obiectivul nostru \u00een cadrul Planului Crea\u021biei, care ne conduce gentil spre m\u0103re\u021bia noastr\u0103 personal\u0103. \u00cen zona medita\u021biei, putem avea o experien\u021b\u0103 spiritual\u0103, care ne arat\u0103 \u00eensemn\u0103tatea vie\u021bii \u0219i \u00een plus, ne va furniza energie \u0219i motiva\u021bie pentru a l\u0103sa de-o parte personalitatea rezervat\u0103, nesigur\u0103 \u0219i s\u0103 tr\u0103im \u00een concordan\u021b\u0103 cu sensul vie\u021bii.<\/p>\n<p><strong><em>Afirma\u021bia: <\/em><\/strong>Sunt important\/\u0103 \u00een roata vie\u021bii \u0219i m\u0103 str\u0103duiesc s\u0103-mi \u00een\u021beleg via\u021ba<\/p>\n","protected":false},"excerpt":{"rendered":"<p>(Viola hirta) Violeta provine din bazinul Mediteraneean \u0219i este r\u0103sp\u00e2ndit\u0103 pe scar\u0103 larg\u0103 de-a lungul Europei de vest. Aceasta este o floare s\u0103lbatic\u0103 frumoas\u0103 \u00een form\u0103 de inim\u0103 cu nuan\u021be de la violet la alb. Cre\u0219te la umbra tufi\u0219urilor sau pe paji\u0219ti. Este o floare timpurie care \u00eenflore\u0219te \u00een luna martie. Efectul Esen\u021bei: Esen\u021ba Violetei &hellip; <a href=\"https:\/\/esentevibrationale.com\/?product=violet-violeta\" class=\"more-link\">Continu\u0103 lectura <span class=\"screen-reader-text\">18.) Violet \/ Violet\u0103<\/span> <span class=\"meta-nav\">&rarr;<\/span><\/a><\/p>\n","protected":false},"featured_media":1598,"template":"","meta":[],"product_brand":[],"product_cat":[45],"product_tag":[],"class_list":{"0":"post-1595","1":"product","2":"type-product","3":"status-publish","4":"has-post-thumbnail","6":"product_cat-esente-de-flori-salbatice","7":"pa_size-15ml","8":"pa_size-30ml","10":"first","11":"instock","12":"shipping-taxable","13":"purchasable","14":"product-type-variable","15":"has-default-attributes"},"_links":{"self":[{"href":"https:\/\/esentevibrationale.com\/index.php?rest_route=\/wp\/v2\/product\/1595","targetHints":{"allow":["GET"]}}],"collection":[{"href":"https:\/\/esentevibrationale.com\/index.php?rest_route=\/wp\/v2\/product"}],"about":[{"href":"https:\/\/esentevibrationale.com\/index.php?rest_route=\/wp\/v2\/types\/product"}],"wp:featuredmedia":[{"embeddable":true,"href":"https:\/\/esentevibrationale.com\/index.php?rest_route=\/wp\/v2\/media\/1598"}],"wp:attachment":[{"href":"https:\/\/esentevibrationale.com\/index.php?rest_route=%2Fwp%2Fv2%2Fmedia&parent=1595"}],"wp:term":[{"taxonomy":"product_brand","embeddable":true,"href":"https:\/\/esentevibrationale.com\/index.php?rest_route=%2Fwp%2Fv2%2Fproduct_brand&post=1595"},{"taxonomy":"product_cat","embeddable":true,"href":"https:\/\/esentevibrationale.com\/index.php?rest_route=%2Fwp%2Fv2%2Fproduct_cat&post=1595"},{"taxonomy":"product_tag","embeddable":true,"href":"https:\/\/esentevibrationale.com\/index.php?rest_route=%2Fwp%2Fv2%2Fproduct_tag&post=1595"}],"curies":[{"name":"wp","href":"https:\/\/api.w.org\/{rel}","templated":true}]}}