{"id":1599,"date":"2018-11-14T13:01:04","date_gmt":"2018-11-14T12:01:04","guid":{"rendered":"https:\/\/phiessences.com\/Romania\/?post_type=product&#038;p=1599"},"modified":"2025-12-31T12:05:10","modified_gmt":"2025-12-31T10:05:10","slug":"forget-me-not-floare-de-nu-ma-uita","status":"publish","type":"product","link":"https:\/\/esentevibrationale.com\/?product=forget-me-not-floare-de-nu-ma-uita","title":{"rendered":"19.) Forget-Me-Not \/ Floare de Nu M\u0103 Uita"},"content":{"rendered":"<p><strong>(Myosotis sylvatica) <\/strong><\/p>\n<p><em>Nu-M\u0103-Uita este o floare erbacee mic\u0103 cu cre\u0219tere redus\u0103, cu frunze mici poroase. Cre\u0219te pe paji\u0219ti umede, pe marginea p\u0103durilor \u0219i \u00een poieni. Florile sale mici se formeaz\u0103 \u00een mici buche\u021bele asimetrice, capt\u00e2nd \u00eentreaga aten\u021bie a privirii noastre. Florile pot avea nuan\u021be de albastru, alb-crem, roz deschis \u0219i au un n\u0103sturel galben-portocaliu str\u0103lucitor \u00een centru.<\/em><\/p>\n<p><strong><em>Efectul Esen\u021bei: <\/em><\/strong>Esen\u021ba Florii de Nu-M\u0103- Uita ne stimuleaz\u0103 subcon\u0219tientul \u0219i este \u00eenso\u021bit\u0103 de o &#8222;energie reminiscen\u021b\u0103&#8221;. \u00cencurajeaz\u0103 visele pozitive, memoria viselor, \u00een timp las\u0103 amintirile s\u0103 fie integrate. Cu esen\u021ba, canalele fine de comunicare \u0219i astfel, toate conexiunile energetice c\u0103tre to\u021bi cei apropia\u021bi se deschid pentru noi, chiar dac\u0103 ace\u0219ti oameni au murit deja.<\/p>\n<p><strong><em>Efectul Esen\u021bei la Nivel Fizic: <\/em><\/strong>Esen\u021ba incit\u0103 capacitatea noastr\u0103 retentiv\u0103 contribuind la reamintirea evenimentelor care erau adormite \u00een capul nostru, acestea av\u00e2nd leg\u0103tur\u0103 cu un anumit disconfort corporal. \u00cen special, c\u00e2nd ne confrunt\u0103m cu probleme dureroase, cronice sau de s\u0103n\u0103tate, care deja ne-au afectat p\u0103rin\u021bii \u0219i bunicii. Chiar dac\u0103 persoana respectiv\u0103 a murit, procesele de memorie se pot declan\u0219a. Recunosc\u00e2nd cauza putem g\u0103si remedii deseori sau noi impulsuri pentru rezolvarea problemei.<\/p>\n<p><strong><em>Efectul Esen\u021bei la Nivel Emo\u021bional: <\/em><\/strong>Esen\u021ba ne permite s\u0103 ne vedem adev\u0103rata identitate. Ne descoper\u0103 subcon\u0219tientul \u0219i ne deschide calea fricilor \u0219i energiile negative ascunse acolo. Subcon\u0219tientul este stimulat s\u0103 viseze. Tensiunile re\u021binute sunt eliberate \u00een vise \u0219i ne putem elibera de ele.<\/p>\n<p><strong><em>Efectul Esen\u021bei la Nivel Mental: <\/em><\/strong>La nivel mental, aceast\u0103 esen\u021b\u0103 ne ajut\u0103 s\u0103 realiz\u0103m c\u0103 ne cre\u0103m propria lume \u0219i c\u0103 ob\u021binem ceea ce credem. Vom putea identifica c\u00e2t de des ne-am programat \u00een negativ \u0219i \u00een consecin\u021b\u0103 am primit negativ. Cu esen\u021ba ne model\u0103m mai u\u0219or lumea \u00eentr-un mod mental pozitiv.<\/p>\n<p><strong><em>Efectul Esen\u021bei la Nivel Spiritual: <\/em><\/strong>Aceast\u0103 esen\u021b\u0103 floral\u0103 ne conecteaz\u0103 cu mor\u021bii \u0219i ne poate ajuta foarte mult s\u0103 rezolv\u0103m chestiunile nerezolvate cu ei, care de altfel ne-ar putea \u00eempiedica s\u0103 mergem mai departe. Prin \u00eembun\u0103t\u0103\u021birea paralel\u0103 pe care o va experimenta memoria noastr\u0103, vom ob\u021bine o perspectiv\u0103 mai obiectiv\u0103 asupra vie\u021bii noastre \u0219i ne vom putea evalua mai bine experien\u021bele. Vom \u00eenv\u0103\u021ba cum s\u0103 dezvolt\u0103m respectul sincer fa\u021b\u0103 de noi \u00een\u0219ine, fa\u021b\u0103 de ceilal\u021bi \u0219i fa\u021b\u0103 de P\u0103m\u00e2nt.<\/p>\n<p><strong><em>Afirma\u021bia: <\/em><\/strong>\u00cemi amintesc de mine, umbrele sunt estompate de lumin\u0103 \u0219i m\u0103 simt liber\/\u0103<\/p>\n","protected":false},"excerpt":{"rendered":"<p>(Myosotis sylvatica) Nu-M\u0103-Uita este o floare erbacee mic\u0103 cu cre\u0219tere redus\u0103, cu frunze mici poroase. Cre\u0219te pe paji\u0219ti umede, pe marginea p\u0103durilor \u0219i \u00een poieni. Florile sale mici se formeaz\u0103 \u00een mici buche\u021bele asimetrice, capt\u00e2nd \u00eentreaga aten\u021bie a privirii noastre. Florile pot avea nuan\u021be de albastru, alb-crem, roz deschis \u0219i au un n\u0103sturel galben-portocaliu str\u0103lucitor &hellip; <a href=\"https:\/\/esentevibrationale.com\/?product=forget-me-not-floare-de-nu-ma-uita\" class=\"more-link\">Continu\u0103 lectura <span class=\"screen-reader-text\">19.) Forget-Me-Not \/ Floare de Nu M\u0103 Uita<\/span> <span class=\"meta-nav\">&rarr;<\/span><\/a><\/p>\n","protected":false},"featured_media":13158,"template":"","meta":[],"product_brand":[],"product_cat":[45],"product_tag":[],"class_list":{"0":"post-1599","1":"product","2":"type-product","3":"status-publish","4":"has-post-thumbnail","6":"product_cat-esente-de-flori-salbatice","7":"pa_size-15ml","8":"pa_size-30ml","10":"first","11":"instock","12":"shipping-taxable","13":"purchasable","14":"product-type-variable","15":"has-default-attributes"},"_links":{"self":[{"href":"https:\/\/esentevibrationale.com\/index.php?rest_route=\/wp\/v2\/product\/1599","targetHints":{"allow":["GET"]}}],"collection":[{"href":"https:\/\/esentevibrationale.com\/index.php?rest_route=\/wp\/v2\/product"}],"about":[{"href":"https:\/\/esentevibrationale.com\/index.php?rest_route=\/wp\/v2\/types\/product"}],"wp:featuredmedia":[{"embeddable":true,"href":"https:\/\/esentevibrationale.com\/index.php?rest_route=\/wp\/v2\/media\/13158"}],"wp:attachment":[{"href":"https:\/\/esentevibrationale.com\/index.php?rest_route=%2Fwp%2Fv2%2Fmedia&parent=1599"}],"wp:term":[{"taxonomy":"product_brand","embeddable":true,"href":"https:\/\/esentevibrationale.com\/index.php?rest_route=%2Fwp%2Fv2%2Fproduct_brand&post=1599"},{"taxonomy":"product_cat","embeddable":true,"href":"https:\/\/esentevibrationale.com\/index.php?rest_route=%2Fwp%2Fv2%2Fproduct_cat&post=1599"},{"taxonomy":"product_tag","embeddable":true,"href":"https:\/\/esentevibrationale.com\/index.php?rest_route=%2Fwp%2Fv2%2Fproduct_tag&post=1599"}],"curies":[{"name":"wp","href":"https:\/\/api.w.org\/{rel}","templated":true}]}}