{"id":1603,"date":"2018-11-14T13:06:23","date_gmt":"2018-11-14T12:06:23","guid":{"rendered":"https:\/\/phiessences.com\/Romania\/?post_type=product&#038;p=1603"},"modified":"2025-12-31T12:06:47","modified_gmt":"2025-12-31T10:06:47","slug":"zinnia-carciumaresa","status":"publish","type":"product","link":"https:\/\/esentevibrationale.com\/?product=zinnia-carciumaresa","title":{"rendered":"20.) Zinnia \/ C\u00e2rcium\u0103res\u0103"},"content":{"rendered":"<p><strong>(Zinnia elegans) <\/strong><\/p>\n<p><em>C\u00e2rcium\u0103reasa este originar\u0103 din Mexic \u0219i \u00een zilele noastre ocup\u0103 un loc important pe terase \u0219i gr\u0103dini. Aceast\u0103 plant\u0103 anual\u0103 apar\u021bine familiei Compositae \u0219i poate ajunge p\u00e2n\u0103 la 1 m \u00een\u0103l\u021bime. Are o tulpin\u0103 p\u0103roas\u0103 \u0219i rigid\u0103 \u0219i frunzele sale au o atingere aspr\u0103. Cu florile sale luminoase, cu multe petale, a devenit o plant\u0103 comun\u0103, decorativ\u0103 \u00een gr\u0103dini pe timpul verii.<\/em><\/p>\n<p><strong><em>Efectul Esen\u021bei: <\/em><\/strong>Esen\u021ba C\u00e2rcium\u0103resei ne ajut\u0103 s\u0103 vedem lucrurile cu umor \u00een ciuda dificult\u0103\u021bilor care ne \u00eenconjoar\u0103. Tensiunile sunt eliberate \u0219i putem s\u0103 privim \u00eenainte cu optimism conform sloganului: &#8222;R\u00e2sul este cel mai bun medicament&#8221;.<\/p>\n<p><strong><em>Efectul Esen\u021bei la Nivel Fizic: <\/em><\/strong>C\u00e2nd unei persoane \u00eei lipse\u0219te r\u00e2sul \u0219i dezinhibarea corpul manifest\u0103 asta cu propriul s\u0103u limbaj \u0219i ne poate &#8222;arata&#8221; partea \u00eentunecat\u0103 a vie\u021bii sub forma unor tulbur\u0103ri precum: imobilitate \u0219i tensiuni. Cu esen\u021ba, vom \u00eenv\u0103\u021ba cum s\u0103 l\u0103s\u0103m bucuria s\u0103 fac\u0103 parte din via\u021ba noastr\u0103 \u00een ciuda responsabilit\u0103\u021bilor muncii \u0219i a multitudinii de obliga\u021bii, pe care le avem \u0219i s\u0103 vedem lucrurile cu umor. Astfel, multe tensiuni se relaxeaz\u0103 \u0219i \u00een paralel cu curgerea mai lini\u0219tit\u0103 a vie\u021bii, corpul \u00ee\u0219i va rec\u0103p\u0103ta flexibilitatea.<\/p>\n<p><strong><em>Efectul Esen\u021bei la Nivel Emo\u021bional: <\/em><\/strong>Bucuriile vie\u021bii, ac\u021biunile sau conversa\u021biile v\u0103zute ca o prostie g\u0103sesc \u00een esen\u021ba C\u00e2rcium\u0103resei un &#8222;declan\u0219ator&#8221; motivant. Ca rezultat al esen\u021bei, cei care au o natur\u0103 serioas\u0103, nesociabil\u0103, prozaic\u0103, ra\u021bional\u0103, persoanele care sunt excesiv de responsabili, pot r\u00e2de iar. Copilul interior este trezit \u0219i ne sim\u021bim f\u0103r\u0103 griji, u\u0219ori \u0219i recunoa\u0219tem c\u0103 multe dificult\u0103\u021bi sunt generate de seriozitatea noastr\u0103.<\/p>\n<p><strong><em>Efectul Esen\u021bei la Nivel Mental: <\/em><\/strong>Esen\u021ba C\u00e2rcium\u0103resei ne permite s\u0103 dezvolt\u0103m noi modalit\u0103\u021bi de g\u00e2ndire, mai lejere \u0219i mai libere. Ne sprijin\u0103 s\u0103 renun\u021b\u0103m la schemele mentale dep\u0103\u0219ite \u0219i \u00een acela\u0219i timp, ne ajut\u0103 s\u0103 \u00eencorpor\u0103m bucuria \u0219i pl\u0103cerea \u00een g\u00e2ndi- rea noastr\u0103. Vibra\u021biile mentale de bucurie \u0219i umor vor radia din interiorul nostru \u0219i apoi le vom recupera, c\u00e2nd mediul nostru va reac\u021biona pozitiv.<\/p>\n<p><strong><em>Efectul Esen\u021bei la Nivel Spiritual: <\/em><\/strong>\u00centr-un mod u\u0219or \u0219i juc\u0103u\u0219, esen\u021ba ne permite s\u0103 realiz\u0103m c\u0103 spiritualitatea nu este un lucru solemn. R\u00e2sul f\u0103r\u0103 restric\u021bii ne poate ajuta s\u0103 ajungem la cea mai pl\u0103cut\u0103 energie din cosmos. \u0218i, tocmai aceasta este o energie foarte puternic\u0103 care treze\u0219te \u00een noi bucuria \u0219i satisfac\u021bia \u0219i ne elibereaz\u0103 de imobilitate.<\/p>\n<p><strong><em>Afirma\u021bia: <\/em><\/strong>Simt puterea bucuriei \u00een mine \u0219i m\u0103 bucur s\u0103 fiu fericit\/\u0103 f\u0103r\u0103 \u00eengrijor\u0103ri.<\/p>\n","protected":false},"excerpt":{"rendered":"<p>&nbsp;<\/p>\n<p>&nbsp;<\/p>\n","protected":false},"featured_media":13159,"template":"","meta":[],"product_brand":[],"product_cat":[45],"product_tag":[],"class_list":{"0":"post-1603","1":"product","2":"type-product","3":"status-publish","4":"has-post-thumbnail","6":"product_cat-esente-de-flori-salbatice","7":"pa_size-15ml","8":"pa_size-30ml","10":"first","11":"instock","12":"shipping-taxable","13":"purchasable","14":"product-type-variable","15":"has-default-attributes"},"_links":{"self":[{"href":"https:\/\/esentevibrationale.com\/index.php?rest_route=\/wp\/v2\/product\/1603","targetHints":{"allow":["GET"]}}],"collection":[{"href":"https:\/\/esentevibrationale.com\/index.php?rest_route=\/wp\/v2\/product"}],"about":[{"href":"https:\/\/esentevibrationale.com\/index.php?rest_route=\/wp\/v2\/types\/product"}],"wp:featuredmedia":[{"embeddable":true,"href":"https:\/\/esentevibrationale.com\/index.php?rest_route=\/wp\/v2\/media\/13159"}],"wp:attachment":[{"href":"https:\/\/esentevibrationale.com\/index.php?rest_route=%2Fwp%2Fv2%2Fmedia&parent=1603"}],"wp:term":[{"taxonomy":"product_brand","embeddable":true,"href":"https:\/\/esentevibrationale.com\/index.php?rest_route=%2Fwp%2Fv2%2Fproduct_brand&post=1603"},{"taxonomy":"product_cat","embeddable":true,"href":"https:\/\/esentevibrationale.com\/index.php?rest_route=%2Fwp%2Fv2%2Fproduct_cat&post=1603"},{"taxonomy":"product_tag","embeddable":true,"href":"https:\/\/esentevibrationale.com\/index.php?rest_route=%2Fwp%2Fv2%2Fproduct_tag&post=1603"}],"curies":[{"name":"wp","href":"https:\/\/api.w.org\/{rel}","templated":true}]}}