{"id":1607,"date":"2018-11-14T13:09:55","date_gmt":"2018-11-14T12:09:55","guid":{"rendered":"https:\/\/phiessences.com\/Romania\/?post_type=product&#038;p=1607"},"modified":"2025-12-31T12:07:35","modified_gmt":"2025-12-31T10:07:35","slug":"valeriana-valeriana","status":"publish","type":"product","link":"https:\/\/esentevibrationale.com\/?product=valeriana-valeriana","title":{"rendered":"21.) Valeriana \/ Valerian\u0103"},"content":{"rendered":"<p><strong>(Valeriana officinalis) <\/strong><\/p>\n<p><em>Valeriana este o plant\u0103 erbaceea originar\u0103 din Asia de vest \u0219i Europa. Cre\u0219te pe paji\u0219ti, \u00een zonele din apropierea apelor \u0219i \u00een locuri situate la peste 2000 m deasupra nivelului m\u0103rii. Are o tulpin\u0103 simpl\u0103 plisat\u0103, frunzele sunt ad\u00e2nc divizate \u0219i aranjate aleatoriu, pot avea \u00eentre 30 &#8211; 170 cm \u00een\u0103l\u021bime. Florile umbelifere sunt mici de culoare roz- liliachiu, situate la cap\u0103tul tulpinii \u0219i \u00eenfloresc prim\u0103vara. Este cunoscut\u0103 pentru con\u021binutul s\u0103u de substan\u021be vindec\u0103toare \u0219i \u00een fitoterapie \u0219i este utilizat\u0103 pentru a trata diverse afec\u021biuni.<\/em><\/p>\n<p><strong><em>Efectul Esen\u021bei: <\/em><\/strong>Esen\u021ba Valerianei are un efect energetic calmant asupra corpului, min\u021bii \u0219i a sufletului. Ne ajut\u0103 s\u0103 dep\u0103\u0219im situa\u021biile stresante, \u00eentruc\u00e2t sus\u021bine pacea interioar\u0103.<\/p>\n<p><strong><em>Efectul Esen\u021bei la Nivel Fizic: <\/em><\/strong>Esen\u021ba Valerianei are un efect energetic similar pic\u0103turilor de Valerian\u0103 \u0219i este recomandat\u0103 persoanelor care sufer\u0103 de insomnie. Efectul s\u0103u se manifest\u0103 prin \u00eenstr\u0103inarea progresiv\u0103 de la evenimentele zilnice la nivel energetic, nelini\u0219tea interioar\u0103, iritabilitatea \u0219i anxietatea se dizolv\u0103, ceea ce duce la o disponibilitate mai mare de a dormi. De asemenea, esen\u021ba ajut\u0103 la \u00eenl\u0103turarea influen\u021belor stresante din timpul zilei \u0219i calmeaz\u0103 mintea \u0219i sufletul. Simptomele de stres fizic reac\u021bioneaz\u0103 \u00een mod pozitiv la esen\u021ba Valerianei.<\/p>\n<p><strong><em>Efectul Esen\u021bei la Nivel Emo\u021bional: <\/em><\/strong>Esen\u021b\u0103 stimuleaz\u0103 corpul astral \u00een care apar emo\u021biile, dorin\u021bele \u0219i alte senza\u021bii. Totodat\u0103, sunt armonizate toate dezechilibrele \u0219i tensiunile sunt rezolvate. Putem vedea lucrurile mai u\u0219or \u0219i nu mai exager\u0103m \u00een situa\u021biile emo\u021bionale supra\u00eenc\u0103rcate.<\/p>\n<p><strong><em>Efectul Esen\u021bei la Nivel Mental: <\/em><\/strong>Efectul calmant al esen\u021bei creeaz\u0103, de asemenea, mai mult\u0103 claritate mental\u0103. Pacea interi- oar\u0103 ne face mai receptivi \u0219i ne putem folosi puterea mental\u0103 f\u0103r\u0103 stres. Indispozi\u021bia men\u021bionat\u0103 mai sus, apare doar atunci c\u00e2nd mintea \u0219i corpul sunt obosite \u0219i acestea au fost acoperite de o agita\u021bie nervoas\u0103.<\/p>\n<p><strong><em>Efectul Esen\u021bei la Nivel Spiritual: <\/em><\/strong>Din punct de vedere ezoteric-antropozofic Valeriana este o plant\u0103 care favorizeaz\u0103 experien\u021bele cosmice \u00een lumea p\u0103m\u00e2ntean\u0103. P\u0103trunde pe P\u0103m\u00e2nt cu c\u0103ldur\u0103, aer \u0219i lumin\u0103. Vibra\u021bii similare curg \u0219i prin esen\u021ba Valerianei, construind o rela\u021bie armonic\u0103 \u00eentre corpul eteric \u0219i corpul astral. Esen\u021ba armonizeaz\u0103 activitatea astral\u0103 excesiv\u0103 \u00een zonele nervoase \u0219i senzoriale. Prin deta\u0219area corpului astral ob\u021binem un efect relaxant care promoveaz\u0103 somnul.<\/p>\n<p><strong><em>Afirma\u021bia: <\/em><\/strong>Sunt profund calm\/\u0103 \u0219i renun\u021b la griji \u0219i \u00eendatoriri.<\/p>\n","protected":false},"excerpt":{"rendered":"<p>(Valeriana officinalis) Valeriana este o plant\u0103 erbaceea originar\u0103 din Asia de vest \u0219i Europa. Cre\u0219te pe paji\u0219ti, \u00een zonele din apropierea apelor \u0219i \u00een locuri situate la peste 2000 m deasupra nivelului m\u0103rii. Are o tulpin\u0103 simpl\u0103 plisat\u0103, frunzele sunt ad\u00e2nc divizate \u0219i aranjate aleatoriu, pot avea \u00eentre 30 &#8211; 170 cm \u00een\u0103l\u021bime. Florile umbelifere &hellip; <a href=\"https:\/\/esentevibrationale.com\/?product=valeriana-valeriana\" class=\"more-link\">Continu\u0103 lectura <span class=\"screen-reader-text\">21.) Valeriana \/ Valerian\u0103<\/span> <span class=\"meta-nav\">&rarr;<\/span><\/a><\/p>\n","protected":false},"featured_media":13160,"template":"","meta":[],"product_brand":[],"product_cat":[45],"product_tag":[],"class_list":{"0":"post-1607","1":"product","2":"type-product","3":"status-publish","4":"has-post-thumbnail","6":"product_cat-esente-de-flori-salbatice","7":"pa_size-15ml","8":"pa_size-30ml","10":"first","11":"instock","12":"shipping-taxable","13":"purchasable","14":"product-type-variable","15":"has-default-attributes"},"_links":{"self":[{"href":"https:\/\/esentevibrationale.com\/index.php?rest_route=\/wp\/v2\/product\/1607","targetHints":{"allow":["GET"]}}],"collection":[{"href":"https:\/\/esentevibrationale.com\/index.php?rest_route=\/wp\/v2\/product"}],"about":[{"href":"https:\/\/esentevibrationale.com\/index.php?rest_route=\/wp\/v2\/types\/product"}],"wp:featuredmedia":[{"embeddable":true,"href":"https:\/\/esentevibrationale.com\/index.php?rest_route=\/wp\/v2\/media\/13160"}],"wp:attachment":[{"href":"https:\/\/esentevibrationale.com\/index.php?rest_route=%2Fwp%2Fv2%2Fmedia&parent=1607"}],"wp:term":[{"taxonomy":"product_brand","embeddable":true,"href":"https:\/\/esentevibrationale.com\/index.php?rest_route=%2Fwp%2Fv2%2Fproduct_brand&post=1607"},{"taxonomy":"product_cat","embeddable":true,"href":"https:\/\/esentevibrationale.com\/index.php?rest_route=%2Fwp%2Fv2%2Fproduct_cat&post=1607"},{"taxonomy":"product_tag","embeddable":true,"href":"https:\/\/esentevibrationale.com\/index.php?rest_route=%2Fwp%2Fv2%2Fproduct_tag&post=1607"}],"curies":[{"name":"wp","href":"https:\/\/api.w.org\/{rel}","templated":true}]}}