{"id":1611,"date":"2018-11-14T13:41:48","date_gmt":"2018-11-14T12:41:48","guid":{"rendered":"https:\/\/phiessences.com\/Romania\/?post_type=product&#038;p=1611"},"modified":"2025-12-31T12:10:19","modified_gmt":"2025-12-31T10:10:19","slug":"blackberry-afina","status":"publish","type":"product","link":"https:\/\/esentevibrationale.com\/?product=blackberry-afina","title":{"rendered":"22.) Blackberry \/ Mur\u0103"},"content":{"rendered":"<p><strong>(Rubus fructicosus)<\/strong><\/p>\n<p><em>Murul provine din Europa \u0219i se g\u0103se\u0219te de-a lungul marginilor p\u0103durilor, tufi\u0219urilor, a gr\u0103dinilor p\u00e2n\u0103 la altitudini de 2000 m. Acest tufi\u0219 spinos are frunzele ascu\u021bite cu puf pe spate. Florile sale pot avea culorile alb \u0219i roz \u0219i \u00eenfloresc \u00eentre lunile mai \u0219i august. Fructele sale sunt negre \u0219i c\u0103rnoase. \u00cen plus, fructele \u0219i florile sale favorizeaz\u0103 digestia \u0219i frunzele sale sunt folosite \u00een medicina naturist\u0103 datorit\u0103 efectului vasoconstrictor.<\/em><\/p>\n<p><strong><em>Efectul Esen\u021bei: <\/em><\/strong>Esen\u021ba Murului ajut\u0103 la realizarea puterii noastre creative \u00een lumea fizic\u0103. Este util\u0103 persoanelor care nu au &#8222;energia de pornire&#8221; pentru a ac\u021biona. \u00cen plus, aceast\u0103 esen\u021b\u0103 furnizeaz\u0103 energia necesar\u0103 pentru a duce la \u00eendeplinire proiectele personale.<\/p>\n<p><strong><em>Efectul Esen\u021bei la Nivel Fizic: <\/em><\/strong>La nivel corporal senza\u021biile de sl\u0103biciune \u0219i letargie pot fi reliefate \u00een diferite tulbur\u0103ri. Ca un rezultat al efectului s\u0103u stimulent, esen\u021ba Murului impulsioneaz\u0103 vitalitatea corpului \u0219i \u00a0transmite bucurie ac\u021biunilor noastre.<\/p>\n<p><strong><em>Efectul Esen\u021bei la Nivel Emo\u021bional: <\/em><\/strong>Esen\u021ba Murului poate fi recomandat\u0103 persoanelor care se simt letargice, lene\u0219e \u0219i deprimate, dezorientate \u0219i f\u0103r\u0103 perspectiv\u0103. Esen\u021ba are un efect energizant \u0219i \u00eent\u0103re\u0219te capacitatea de concentrare \u0219i de a ne folosi energiile. Se trezesc emo\u021biile pozitive cum ar fi entuziasmul \u0219i convingerea fa\u021b\u0103 de planurile noastre \u0219i astfel folosim aceast\u0103 energie mare \u00een realizarea obiectivelor. Esen\u021ba ne ajut\u0103 s\u0103 ne concentr\u0103m \u0219i astfel, nu ne mai risipim energia.<\/p>\n<p><strong><em>Efectul Esen\u021bei la Nivel Mental: <\/em><\/strong>Esen\u021ba ac\u021bioneaz\u0103 ca un catalizator la noi \u00een minte \u0219i ajut\u0103 la dep\u0103\u0219irea iner\u021biei mentale, a distragerii aten\u021biei, etc. \u0219i la formularea clar\u0103 a ideilor. Se cere o cur\u0103\u021bare a min\u021bii \u00een prim\u0103var\u0103. Prin intermediul esen\u021bei putem sim\u021bi c\u0103 g\u00e2ndurile pozitive duc la reac\u021bii pozitive. Esen\u021ba este utilizat\u0103 adesea \u00eempreun\u0103 cu tehnici de medita\u021bie, exerci\u021bii de vizualizare \u0219i vise de trezire. Ne recunoa\u0219tem poten\u021bialul \u0219i \u00eenv\u0103\u021b\u0103m s\u0103 \u00eel abord\u0103m. \u00cen final, vom putea implementa capacitatea noastr\u0103 creativ\u0103 \u00een lumea fizic\u0103, pe care esen\u021ba Murului ne-o ofer\u0103 \u00eempreun\u0103 cu perseveren\u021ba \u0219i este recomandat\u0103 \u0219colari- lor.<\/p>\n<p><strong><em>Efectul Esen\u021bei la Nivel Spiritual: <\/em><\/strong>Cu esen\u021ba ne putem conecta cu Sinele Superior care ne poate da sfaturi pre\u021bioase despre recunoa\u0219terea \u0219i realizarea obiectivelor. Esen\u021ba ne va ajuta s\u0103 ne comport\u0103m \u00een moduri care sunt \u00een concordan\u021b\u0103 cu Planul Crea\u021biei.<\/p>\n<p><strong><em>Afirma\u021bia: <\/em><\/strong>\u00cemi adun g\u00e2ndurile \u0219i capacit\u0103\u021bile \u0219i \u00eemi \u00eendeplinesc planurile p\u00e2n\u0103 la sf\u00e2r\u0219it.<\/p>\n","protected":false},"excerpt":{"rendered":"<p>(Rubus fructicosus) Murul provine din Europa \u0219i se g\u0103se\u0219te de-a lungul marginilor p\u0103durilor, tufi\u0219urilor, a gr\u0103dinilor p\u00e2n\u0103 la altitudini de 2000 m. Acest tufi\u0219 spinos are frunzele ascu\u021bite cu puf pe spate. Florile sale pot avea culorile alb \u0219i roz \u0219i \u00eenfloresc \u00eentre lunile mai \u0219i august. Fructele sale sunt negre \u0219i c\u0103rnoase. \u00cen plus, &hellip; <a href=\"https:\/\/esentevibrationale.com\/?product=blackberry-afina\" class=\"more-link\">Continu\u0103 lectura <span class=\"screen-reader-text\">22.) Blackberry \/ Mur\u0103<\/span> <span class=\"meta-nav\">&rarr;<\/span><\/a><\/p>\n","protected":false},"featured_media":1615,"template":"","meta":[],"product_brand":[],"product_cat":[45],"product_tag":[],"class_list":{"0":"post-1611","1":"product","2":"type-product","3":"status-publish","4":"has-post-thumbnail","6":"product_cat-esente-de-flori-salbatice","7":"pa_size-15ml","8":"pa_size-30ml","10":"first","11":"instock","12":"shipping-taxable","13":"purchasable","14":"product-type-variable","15":"has-default-attributes"},"_links":{"self":[{"href":"https:\/\/esentevibrationale.com\/index.php?rest_route=\/wp\/v2\/product\/1611","targetHints":{"allow":["GET"]}}],"collection":[{"href":"https:\/\/esentevibrationale.com\/index.php?rest_route=\/wp\/v2\/product"}],"about":[{"href":"https:\/\/esentevibrationale.com\/index.php?rest_route=\/wp\/v2\/types\/product"}],"wp:featuredmedia":[{"embeddable":true,"href":"https:\/\/esentevibrationale.com\/index.php?rest_route=\/wp\/v2\/media\/1615"}],"wp:attachment":[{"href":"https:\/\/esentevibrationale.com\/index.php?rest_route=%2Fwp%2Fv2%2Fmedia&parent=1611"}],"wp:term":[{"taxonomy":"product_brand","embeddable":true,"href":"https:\/\/esentevibrationale.com\/index.php?rest_route=%2Fwp%2Fv2%2Fproduct_brand&post=1611"},{"taxonomy":"product_cat","embeddable":true,"href":"https:\/\/esentevibrationale.com\/index.php?rest_route=%2Fwp%2Fv2%2Fproduct_cat&post=1611"},{"taxonomy":"product_tag","embeddable":true,"href":"https:\/\/esentevibrationale.com\/index.php?rest_route=%2Fwp%2Fv2%2Fproduct_tag&post=1611"}],"curies":[{"name":"wp","href":"https:\/\/api.w.org\/{rel}","templated":true}]}}